{"id":275,"date":"2016-10-19T14:37:38","date_gmt":"2016-10-19T17:37:38","guid":{"rendered":"http:\/\/impresionycopiado.com.uy\/compras\/?page_id=275"},"modified":"2024-07-31T20:10:30","modified_gmt":"2024-07-31T23:10:30","slug":"contacto","status":"publish","type":"page","link":"https:\/\/impresionycopiado.com.uy\/compras\/contacto\/","title":{"rendered":"Contacto"},"content":{"rendered":"<hr \/>\n<ul>\n<li>\n<h4><strong>Tel\u00e9fonos \/ Whatsapp:\u00a0 24067986 \/\/ 094941615<\/strong><\/h4>\n<\/li>\n<li>\n<h4><strong>Mail \/ info@impresionycopiado.com.uy\u00a0<\/strong><\/h4>\n<\/li>\n<li>\n<h4><strong>Direcci\u00f3n \/ La Paz 1879 Montevideo Uruguay<\/strong><\/h4>\n<\/li>\n<\/ul>\n","protected":false},"excerpt":{"rendered":"<p>Tel\u00e9fonos \/ Whatsapp:\u00a0 24067986 \/\/ 094941615 Mail \/ info@impresionycopiado.com.uy\u00a0 Direcci\u00f3n \/ La Paz 1879 Montevideo Uruguay<\/p>\n","protected":false},"author":1,"featured_media":0,"parent":0,"menu_order":0,"comment_status":"closed","ping_status":"closed","template":"","meta":{"_joinchat":[],"footnotes":""},"class_list":["post-275","page","type-page","status-publish"],"yoast_head":"<!-- This site is optimized with the Yoast SEO plugin v27.6 - https:\/\/yoast.com\/product\/yoast-seo-wordpress\/ -->\n<title>Contacto - Impresi\u00f3n y Copiado<\/title>\n<meta name=\"description\" content=\"Contactanos para pedir tu presupuesto de productos personalizados en Uruguay. Remeras, pins, tazas, y mucho m\u00e1s! Ingresa ahora!\" \/>\n<meta name=\"robots\" content=\"index, follow, max-snippet:-1, max-image-preview:large, max-video-preview:-1\" \/>\n<link rel=\"canonical\" href=\"https:\/\/impresionycopiado.com.uy\/compras\/contacto\/\" \/>\n<meta property=\"og:locale\" content=\"es_ES\" \/>\n<meta property=\"og:type\" content=\"article\" \/>\n<meta property=\"og:title\" content=\"Contacto - Impresi\u00f3n y Copiado\" \/>\n<meta property=\"og:description\" content=\"Contactanos para pedir tu presupuesto de productos personalizados en Uruguay. Remeras, pins, tazas, y mucho m\u00e1s! Ingresa ahora!\" \/>\n<meta property=\"og:url\" content=\"https:\/\/impresionycopiado.com.uy\/compras\/contacto\/\" \/>\n<meta property=\"og:site_name\" content=\"Impresi\u00f3n y Copiado\" \/>\n<meta property=\"article:publisher\" content=\"https:\/\/www.facebook.com\/estampadouy\/\" \/>\n<meta property=\"article:modified_time\" content=\"2024-07-31T23:10:30+00:00\" \/>\n<meta name=\"twitter:card\" content=\"summary_large_image\" \/>\n<meta name=\"twitter:site\" content=\"@estampadoUY\" \/>\n<meta name=\"twitter:label1\" content=\"Tiempo de lectura\" \/>\n\t<meta name=\"twitter:data1\" content=\"1 minuto\" \/>\n<script type=\"application\/ld+json\" class=\"yoast-schema-graph\">{\"@context\":\"https:\\\/\\\/schema.org\",\"@graph\":[{\"@type\":\"WebPage\",\"@id\":\"https:\\\/\\\/impresionycopiado.com.uy\\\/compras\\\/contacto\\\/\",\"url\":\"https:\\\/\\\/impresionycopiado.com.uy\\\/compras\\\/contacto\\\/\",\"name\":\"Contacto - Impresi\u00f3n y Copiado\",\"isPartOf\":{\"@id\":\"https:\\\/\\\/impresionycopiado.com.uy\\\/compras\\\/#website\"},\"datePublished\":\"2016-10-19T17:37:38+00:00\",\"dateModified\":\"2024-07-31T23:10:30+00:00\",\"description\":\"Contactanos para pedir tu presupuesto de productos personalizados en Uruguay. Remeras, pins, tazas, y mucho m\u00e1s! Ingresa ahora!\",\"breadcrumb\":{\"@id\":\"https:\\\/\\\/impresionycopiado.com.uy\\\/compras\\\/contacto\\\/#breadcrumb\"},\"inLanguage\":\"es\",\"potentialAction\":[{\"@type\":\"ReadAction\",\"target\":[\"https:\\\/\\\/impresionycopiado.com.uy\\\/compras\\\/contacto\\\/\"]}]},{\"@type\":\"BreadcrumbList\",\"@id\":\"https:\\\/\\\/impresionycopiado.com.uy\\\/compras\\\/contacto\\\/#breadcrumb\",\"itemListElement\":[{\"@type\":\"ListItem\",\"position\":1,\"name\":\"Portada\",\"item\":\"https:\\\/\\\/impresionycopiado.com.uy\\\/compras\\\/\"},{\"@type\":\"ListItem\",\"position\":2,\"name\":\"Contacto\",\"item\":\"https:\\\/\\\/impresionycopiado.com.uy\\\/compras\\\/compras\\\/wp-json\\\/wp\\\/v2\\\/pages\\\/275\"}]},{\"@type\":\"WebSite\",\"@id\":\"https:\\\/\\\/impresionycopiado.com.uy\\\/compras\\\/#website\",\"url\":\"https:\\\/\\\/impresionycopiado.com.uy\\\/compras\\\/\",\"name\":\"Impresi\u00f3n y Copiado\",\"description\":\"Productos personalizados en Uruguay\",\"publisher\":{\"@id\":\"https:\\\/\\\/impresionycopiado.com.uy\\\/compras\\\/#organization\"},\"potentialAction\":[{\"@type\":\"SearchAction\",\"target\":{\"@type\":\"EntryPoint\",\"urlTemplate\":\"https:\\\/\\\/impresionycopiado.com.uy\\\/compras\\\/?s={search_term_string}\"},\"query-input\":{\"@type\":\"PropertyValueSpecification\",\"valueRequired\":true,\"valueName\":\"search_term_string\"}}],\"inLanguage\":\"es\"},{\"@type\":\"Organization\",\"@id\":\"https:\\\/\\\/impresionycopiado.com.uy\\\/compras\\\/#organization\",\"name\":\"Digital Marketing\",\"url\":\"https:\\\/\\\/impresionycopiado.com.uy\\\/compras\\\/\",\"logo\":{\"@type\":\"ImageObject\",\"inLanguage\":\"es\",\"@id\":\"https:\\\/\\\/impresionycopiado.com.uy\\\/compras\\\/#\\\/schema\\\/logo\\\/image\\\/\",\"url\":\"https:\\\/\\\/impresionycopiado.com.uy\\\/compras\\\/wp-content\\\/uploads\\\/2017\\\/02\\\/logo-impresionycopiado-2-e1560257048101.png\",\"contentUrl\":\"https:\\\/\\\/impresionycopiado.com.uy\\\/compras\\\/wp-content\\\/uploads\\\/2017\\\/02\\\/logo-impresionycopiado-2-e1560257048101.png\",\"width\":150,\"height\":24,\"caption\":\"Digital Marketing\"},\"image\":{\"@id\":\"https:\\\/\\\/impresionycopiado.com.uy\\\/compras\\\/#\\\/schema\\\/logo\\\/image\\\/\"},\"sameAs\":[\"https:\\\/\\\/www.facebook.com\\\/estampadouy\\\/\",\"https:\\\/\\\/x.com\\\/estampadoUY\",\"https:\\\/\\\/www.instagram.com\\\/impresionycopiado\\\/\"]}]}<\/script>\n<!-- \/ Yoast SEO plugin. -->","yoast_head_json":{"title":"Contacto - Impresi\u00f3n y Copiado","description":"Contactanos para pedir tu presupuesto de productos personalizados en Uruguay. Remeras, pins, tazas, y mucho m\u00e1s! Ingresa ahora!","robots":{"index":"index","follow":"follow","max-snippet":"max-snippet:-1","max-image-preview":"max-image-preview:large","max-video-preview":"max-video-preview:-1"},"canonical":"https:\/\/impresionycopiado.com.uy\/compras\/contacto\/","og_locale":"es_ES","og_type":"article","og_title":"Contacto - Impresi\u00f3n y Copiado","og_description":"Contactanos para pedir tu presupuesto de productos personalizados en Uruguay. Remeras, pins, tazas, y mucho m\u00e1s! Ingresa ahora!","og_url":"https:\/\/impresionycopiado.com.uy\/compras\/contacto\/","og_site_name":"Impresi\u00f3n y Copiado","article_publisher":"https:\/\/www.facebook.com\/estampadouy\/","article_modified_time":"2024-07-31T23:10:30+00:00","twitter_card":"summary_large_image","twitter_site":"@estampadoUY","twitter_misc":{"Tiempo de lectura":"1 minuto"},"schema":{"@context":"https:\/\/schema.org","@graph":[{"@type":"WebPage","@id":"https:\/\/impresionycopiado.com.uy\/compras\/contacto\/","url":"https:\/\/impresionycopiado.com.uy\/compras\/contacto\/","name":"Contacto - Impresi\u00f3n y Copiado","isPartOf":{"@id":"https:\/\/impresionycopiado.com.uy\/compras\/#website"},"datePublished":"2016-10-19T17:37:38+00:00","dateModified":"2024-07-31T23:10:30+00:00","description":"Contactanos para pedir tu presupuesto de productos personalizados en Uruguay. Remeras, pins, tazas, y mucho m\u00e1s! Ingresa ahora!","breadcrumb":{"@id":"https:\/\/impresionycopiado.com.uy\/compras\/contacto\/#breadcrumb"},"inLanguage":"es","potentialAction":[{"@type":"ReadAction","target":["https:\/\/impresionycopiado.com.uy\/compras\/contacto\/"]}]},{"@type":"BreadcrumbList","@id":"https:\/\/impresionycopiado.com.uy\/compras\/contacto\/#breadcrumb","itemListElement":[{"@type":"ListItem","position":1,"name":"Portada","item":"https:\/\/impresionycopiado.com.uy\/compras\/"},{"@type":"ListItem","position":2,"name":"Contacto","item":"https:\/\/impresionycopiado.com.uy\/compras\/compras\/wp-json\/wp\/v2\/pages\/275"}]},{"@type":"WebSite","@id":"https:\/\/impresionycopiado.com.uy\/compras\/#website","url":"https:\/\/impresionycopiado.com.uy\/compras\/","name":"Impresi\u00f3n y Copiado","description":"Productos personalizados en Uruguay","publisher":{"@id":"https:\/\/impresionycopiado.com.uy\/compras\/#organization"},"potentialAction":[{"@type":"SearchAction","target":{"@type":"EntryPoint","urlTemplate":"https:\/\/impresionycopiado.com.uy\/compras\/?s={search_term_string}"},"query-input":{"@type":"PropertyValueSpecification","valueRequired":true,"valueName":"search_term_string"}}],"inLanguage":"es"},{"@type":"Organization","@id":"https:\/\/impresionycopiado.com.uy\/compras\/#organization","name":"Digital Marketing","url":"https:\/\/impresionycopiado.com.uy\/compras\/","logo":{"@type":"ImageObject","inLanguage":"es","@id":"https:\/\/impresionycopiado.com.uy\/compras\/#\/schema\/logo\/image\/","url":"https:\/\/impresionycopiado.com.uy\/compras\/wp-content\/uploads\/2017\/02\/logo-impresionycopiado-2-e1560257048101.png","contentUrl":"https:\/\/impresionycopiado.com.uy\/compras\/wp-content\/uploads\/2017\/02\/logo-impresionycopiado-2-e1560257048101.png","width":150,"height":24,"caption":"Digital Marketing"},"image":{"@id":"https:\/\/impresionycopiado.com.uy\/compras\/#\/schema\/logo\/image\/"},"sameAs":["https:\/\/www.facebook.com\/estampadouy\/","https:\/\/x.com\/estampadoUY","https:\/\/www.instagram.com\/impresionycopiado\/"]}]}},"jetpack-related-posts":[{"id":659,"url":"https:\/\/impresionycopiado.com.uy\/compras\/preguntas-frecuentes\/","url_meta":{"origin":275,"position":0},"title":"Preguntas Frecuentes","author":"guia","date":"3 enero, 2019","format":false,"excerpt":"\u00bfCu\u00e1nto demoran en hacerlo? Nuestros tiempos de producci\u00f3n son muy buenos en comparaci\u00f3n a la competencia. en general demoran de 1 a 2 d\u00edas h\u00e1biles una vez aprobado el dise\u00f1o.\u00a0 Para cantidades mayor a 5 unidades consulte plazo de entrega. \u00bfDonde est\u00e1n Ubicados? Estamos en Montevideo - Uruguay en el\u2026","rel":"","context":"Entrada similar","block_context":{"text":"Entrada similar","link":""},"img":{"alt_text":"","src":"","width":0,"height":0},"classes":[]},{"id":10520,"url":"https:\/\/impresionycopiado.com.uy\/compras\/instructivo-rappi\/","url_meta":{"origin":275,"position":1},"title":"Instructivo Rappi","author":"guia","date":"18 junio, 2020","format":false,"excerpt":"1- ver mas2- mensajeria2b-Haga click en la x3-ingresar direcci\u00f3n nuestro taller. La Paz 18794-indicar levantar5-indicar direcci\u00f3n donde recibe6-indicar entrega7-continuar8-hacer pedido Anterior Siguiente","rel":"","context":"Entrada similar","block_context":{"text":"Entrada similar","link":""},"img":{"alt_text":"1- ver mas","src":"https:\/\/i0.wp.com\/impresionycopiado.com.uy\/compras\/wp-content\/uploads\/1-ver-mas-675x1200.jpg?resize=350%2C200&ssl=1","width":350,"height":200,"srcset":"https:\/\/i0.wp.com\/impresionycopiado.com.uy\/compras\/wp-content\/uploads\/1-ver-mas-675x1200.jpg?resize=350%2C200&ssl=1 1x, https:\/\/i0.wp.com\/impresionycopiado.com.uy\/compras\/wp-content\/uploads\/1-ver-mas-675x1200.jpg?resize=525%2C300&ssl=1 1.5x"},"classes":[]},{"id":10836,"url":"https:\/\/impresionycopiado.com.uy\/compras\/reembolso_devoluciones\/","url_meta":{"origin":275,"position":2},"title":"Pol\u00edtica de devoluciones y reembolsos","author":"guia","date":"16 diciembre, 2023","format":false,"excerpt":"Aqu\u00ed tienes un posible documento con la pol\u00edtica de devoluci\u00f3n de impresionycopiado: Pol\u00edtica de devoluci\u00f3n de impresionycopiado Impresionycopiado es una empresa que ofrece productos personalizados como remeras, tazas, pins, jarras, puzzles, delantales, gorros, uniformes y dise\u00f1o gr\u00e1fico. Nuestro objetivo es brindar un servicio de calidad y satisfacer las expectativas de\u2026","rel":"","context":"Entrada similar","block_context":{"text":"Entrada similar","link":""},"img":{"alt_text":"","src":"","width":0,"height":0},"classes":[]},{"id":10959,"url":"https:\/\/impresionycopiado.com.uy\/compras\/productos-personalizados-uruguay\/","url_meta":{"origin":275,"position":3},"title":"Inicio","author":"guia","date":"10 enero, 2022","format":false,"excerpt":"Productos personalizadosProductos personalizadosProductos personalizados Visitar el sitio","rel":"","context":"Entrada similar","block_context":{"text":"Entrada similar","link":""},"img":{"alt_text":"woman holding shopping bag","src":"https:\/\/i0.wp.com\/impresionycopiado.com.uy\/compras\/wp-content\/uploads\/pexels-photo-291762.jpeg?resize=350%2C200&ssl=1","width":350,"height":200,"srcset":"https:\/\/i0.wp.com\/impresionycopiado.com.uy\/compras\/wp-content\/uploads\/pexels-photo-291762.jpeg?resize=350%2C200&ssl=1 1x, https:\/\/i0.wp.com\/impresionycopiado.com.uy\/compras\/wp-content\/uploads\/pexels-photo-291762.jpeg?resize=525%2C300&ssl=1 1.5x, https:\/\/i0.wp.com\/impresionycopiado.com.uy\/compras\/wp-content\/uploads\/pexels-photo-291762.jpeg?resize=700%2C400&ssl=1 2x, https:\/\/i0.wp.com\/impresionycopiado.com.uy\/compras\/wp-content\/uploads\/pexels-photo-291762.jpeg?resize=1050%2C600&ssl=1 3x, https:\/\/i0.wp.com\/impresionycopiado.com.uy\/compras\/wp-content\/uploads\/pexels-photo-291762.jpeg?resize=1400%2C800&ssl=1 4x"},"classes":[]},{"id":10631,"url":"https:\/\/impresionycopiado.com.uy\/compras\/pagina-de-inicio\/","url_meta":{"origin":275,"position":4},"title":"P\u00e1gina de inicio","author":"guia","date":"15 diciembre, 2020","format":false,"excerpt":"Bienvenido a la tienda Escribe aqu\u00ed un mensaje corto de bienvenida Ir de compras Comprar por categor\u00eda Nuevo en Favoritos de los fans En oferta Mejores vendedores","rel":"","context":"Entrada similar","block_context":{"text":"Entrada similar","link":""},"img":{"alt_text":"","src":"","width":0,"height":0},"classes":[]},{"id":241,"url":"https:\/\/impresionycopiado.com.uy\/compras\/estampado-y-copiado-de-cd-y-dvd\/","url_meta":{"origin":275,"position":5},"title":"Estampado y Copiado de CD y DVD","author":"guia","date":"28 septiembre, 2016","format":false,"excerpt":"Nos especializamos en el estampado y copiado de CDs y DVDs Principales servicios: Estampado de CD Etiquetado PET Estampado de DVD Copiado de CD Copiado de DVD Dise\u00f1o de Estampa Impresi\u00f3n de tapas Envasado Nos dedicamos profesionalmente al copiado (duplicado) de CD`s y DVD`s Nuestros clientes abalan nuestra seriedad y\u2026","rel":"","context":"Entrada similar","block_context":{"text":"Entrada similar","link":""},"img":{"alt_text":"","src":"https:\/\/i0.wp.com\/impresionycopiado.com.uy\/compras\/wp-content\/uploads\/2016\/09\/cabezal.jpg?fit=1200%2C600&ssl=1&resize=350%2C200","width":350,"height":200,"srcset":"https:\/\/i0.wp.com\/impresionycopiado.com.uy\/compras\/wp-content\/uploads\/2016\/09\/cabezal.jpg?fit=1200%2C600&ssl=1&resize=350%2C200 1x, https:\/\/i0.wp.com\/impresionycopiado.com.uy\/compras\/wp-content\/uploads\/2016\/09\/cabezal.jpg?fit=1200%2C600&ssl=1&resize=525%2C300 1.5x, https:\/\/i0.wp.com\/impresionycopiado.com.uy\/compras\/wp-content\/uploads\/2016\/09\/cabezal.jpg?fit=1200%2C600&ssl=1&resize=700%2C400 2x, https:\/\/i0.wp.com\/impresionycopiado.com.uy\/compras\/wp-content\/uploads\/2016\/09\/cabezal.jpg?fit=1200%2C600&ssl=1&resize=1050%2C600 3x"},"classes":[]}],"jetpack_sharing_enabled":true,"_links":{"self":[{"href":"https:\/\/impresionycopiado.com.uy\/compras\/wp-json\/wp\/v2\/pages\/275","targetHints":{"allow":["GET"]}}],"collection":[{"href":"https:\/\/impresionycopiado.com.uy\/compras\/wp-json\/wp\/v2\/pages"}],"about":[{"href":"https:\/\/impresionycopiado.com.uy\/compras\/wp-json\/wp\/v2\/types\/page"}],"author":[{"embeddable":true,"href":"https:\/\/impresionycopiado.com.uy\/compras\/wp-json\/wp\/v2\/users\/1"}],"replies":[{"embeddable":true,"href":"https:\/\/impresionycopiado.com.uy\/compras\/wp-json\/wp\/v2\/comments?post=275"}],"version-history":[{"count":7,"href":"https:\/\/impresionycopiado.com.uy\/compras\/wp-json\/wp\/v2\/pages\/275\/revisions"}],"predecessor-version":[{"id":11469,"href":"https:\/\/impresionycopiado.com.uy\/compras\/wp-json\/wp\/v2\/pages\/275\/revisions\/11469"}],"wp:attachment":[{"href":"https:\/\/impresionycopiado.com.uy\/compras\/wp-json\/wp\/v2\/media?parent=275"}],"curies":[{"name":"wp","href":"https:\/\/api.w.org\/{rel}","templated":true}]}}