{"id":659,"date":"2019-01-03T11:58:18","date_gmt":"2019-01-03T14:58:18","guid":{"rendered":"http:\/\/impresionycopiado.com.uy\/compras\/?page_id=659"},"modified":"2021-02-26T15:46:55","modified_gmt":"2021-02-26T18:46:55","slug":"preguntas-frecuentes","status":"publish","type":"page","link":"https:\/\/impresionycopiado.com.uy\/compras\/preguntas-frecuentes\/","title":{"rendered":"Preguntas Frecuentes"},"content":{"rendered":"<h2>\u00bfCu\u00e1nto demoran en hacerlo?<\/h2>\n<p><strong>Nuestros tiempos de producci\u00f3n son muy buenos en comparaci\u00f3n a la competencia. en general demoran de 1 a 2 d\u00edas h\u00e1biles una vez aprobado el dise\u00f1o.\u00a0<\/strong><\/p>\n<p>Para cantidades mayor a 5 unidades consulte plazo de entrega.<\/p>\n<h2>\u00bfDonde est\u00e1n Ubicados?<\/h2>\n<p><strong>Estamos en Montevideo &#8211; Uruguay en el l\u00edmite de los barrios Cord\u00f3n y La Comercial. Para visitar nuestro taller debe agendar previamente por whatsapp al 094941615<\/strong><\/p>\n<h2>\u00bfC\u00f3mo pido mi producto?<\/h2>\n<p><strong>Todos los productos personalizados deben abonarse previamente, una vez abonado pasan a dise\u00f1o y una vez aprobado por usted pasan a producci\u00f3n.\u00a0<\/strong><\/p>\n<h2>\u00bfHacen env\u00edos o paso a retirar?<\/h2>\n<p>Hacemos env\u00edos tanto al interior como para Montevideo. Generalmente usamos DAC (Agencia Central) y la aplicaci\u00f3n RAPPI \/ UBER FLASH, para este caso El env\u00edo lo\u00a0 debe abonar previamente.<\/p>\n<p>Tambi\u00e9n pueden retirar en nuestro taller, coordinando previamente.<\/p>\n<h2>\u00bfQu\u00e9 m\u00e9todos de pago aceptan?<\/h2>\n<p>Usted puede hacer el pago por: <a href=\"https:\/\/www.brou.com.uy\/\">BROU<\/a>, <a href=\"https:\/\/www.prexcard.com\/\">PREX<\/a>, <a href=\"http:\/\/www.midinero.com.uy\/\">MIDINERO<\/a>, <a href=\"https:\/\/www.mercadopago.com.uy\">MERCADOPAGO<\/a><\/p>\n<ul>\n<li><em>Solicite los datos para el servicio seleccionado.<\/em><\/li>\n<li><em>Usted puede depositar en nuestra cuenta del BROU desde cualquier sucursal de ABITAB o REDPAGOS<\/em><\/li>\n<li><em>Si desea pagar con tarjeta de cr\u00e9dito puede hacerlo a trav\u00e9s de MERCADOPAGO (entre 2,5% (c\u00f3digo QR) y 8% extra (Link de pago)),\u00a0<\/em><\/li>\n<\/ul>\n<p>&nbsp;<\/p>\n<p>&nbsp;<\/p>\n<p>\u00bfM\u00e1s preguntas? cons\u00faltenos por Whatsapp 094941615<\/p>\n<p>&nbsp;<\/p>\n<p>&nbsp;<\/p>\n<p>&nbsp;<\/p>\n","protected":false},"excerpt":{"rendered":"<p>\u00bfCu\u00e1nto demoran en hacerlo? Nuestros tiempos de producci\u00f3n son muy buenos en comparaci\u00f3n a la competencia. en general demoran de 1 a 2 d\u00edas h\u00e1biles una vez aprobado el dise\u00f1o.\u00a0 Para cantidades mayor a 5 unidades consulte plazo de entrega. \u00bfDonde est\u00e1n Ubicados? Estamos en Montevideo &#8211; Uruguay en el l\u00edmite de los barrios Cord\u00f3n &#8230; <\/p>\n<p class=\"read-more-container\"><a title=\"Preguntas Frecuentes\" class=\"read-more button\" href=\"https:\/\/impresionycopiado.com.uy\/compras\/preguntas-frecuentes\/#more-659\" aria-label=\"Leer m\u00e1s sobre Preguntas Frecuentes\">Leer m\u00e1s<\/a><\/p>\n","protected":false},"author":1,"featured_media":0,"parent":0,"menu_order":0,"comment_status":"closed","ping_status":"closed","template":"","meta":{"_joinchat":[],"footnotes":""},"class_list":["post-659","page","type-page","status-publish"],"yoast_head":"<!-- This site is optimized with the Yoast SEO plugin v27.3 - https:\/\/yoast.com\/product\/yoast-seo-wordpress\/ -->\n<title>Preguntas Frecuentes - Impresi\u00f3n y Copiado<\/title>\n<meta name=\"robots\" content=\"noindex, follow, max-snippet:-1, max-image-preview:large, max-video-preview:-1\" \/>\n<meta property=\"og:locale\" content=\"es_ES\" \/>\n<meta property=\"og:type\" content=\"article\" \/>\n<meta property=\"og:title\" content=\"Preguntas Frecuentes - Impresi\u00f3n y Copiado\" \/>\n<meta property=\"og:description\" content=\"\u00bfCu\u00e1nto demoran en hacerlo? Nuestros tiempos de producci\u00f3n son muy buenos en comparaci\u00f3n a la competencia. en general demoran de 1 a 2 d\u00edas h\u00e1biles una vez aprobado el dise\u00f1o.\u00a0 Para cantidades mayor a 5 unidades consulte plazo de entrega. \u00bfDonde est\u00e1n Ubicados? Estamos en Montevideo &#8211; Uruguay en el l\u00edmite de los barrios Cord\u00f3n ... Leer m\u00e1s\" \/>\n<meta property=\"og:url\" content=\"https:\/\/impresionycopiado.com.uy\/compras\/preguntas-frecuentes\/\" \/>\n<meta property=\"og:site_name\" content=\"Impresi\u00f3n y Copiado\" \/>\n<meta property=\"article:publisher\" content=\"https:\/\/www.facebook.com\/estampadouy\/\" \/>\n<meta property=\"article:modified_time\" content=\"2021-02-26T18:46:55+00:00\" \/>\n<meta name=\"twitter:card\" content=\"summary_large_image\" \/>\n<meta name=\"twitter:site\" content=\"@estampadoUY\" \/>\n<meta name=\"twitter:label1\" content=\"Tiempo de lectura\" \/>\n\t<meta name=\"twitter:data1\" content=\"1 minuto\" \/>\n<script type=\"application\/ld+json\" class=\"yoast-schema-graph\">{\"@context\":\"https:\\\/\\\/schema.org\",\"@graph\":[{\"@type\":\"WebPage\",\"@id\":\"https:\\\/\\\/impresionycopiado.com.uy\\\/compras\\\/preguntas-frecuentes\\\/\",\"url\":\"https:\\\/\\\/impresionycopiado.com.uy\\\/compras\\\/preguntas-frecuentes\\\/\",\"name\":\"Preguntas Frecuentes - Impresi\u00f3n y Copiado\",\"isPartOf\":{\"@id\":\"https:\\\/\\\/impresionycopiado.com.uy\\\/compras\\\/#website\"},\"datePublished\":\"2019-01-03T14:58:18+00:00\",\"dateModified\":\"2021-02-26T18:46:55+00:00\",\"breadcrumb\":{\"@id\":\"https:\\\/\\\/impresionycopiado.com.uy\\\/compras\\\/preguntas-frecuentes\\\/#breadcrumb\"},\"inLanguage\":\"es\",\"potentialAction\":[{\"@type\":\"ReadAction\",\"target\":[\"https:\\\/\\\/impresionycopiado.com.uy\\\/compras\\\/preguntas-frecuentes\\\/\"]}]},{\"@type\":\"BreadcrumbList\",\"@id\":\"https:\\\/\\\/impresionycopiado.com.uy\\\/compras\\\/preguntas-frecuentes\\\/#breadcrumb\",\"itemListElement\":[{\"@type\":\"ListItem\",\"position\":1,\"name\":\"Portada\",\"item\":\"https:\\\/\\\/impresionycopiado.com.uy\\\/compras\\\/\"},{\"@type\":\"ListItem\",\"position\":2,\"name\":\"Preguntas Frecuentes\"}]},{\"@type\":\"WebSite\",\"@id\":\"https:\\\/\\\/impresionycopiado.com.uy\\\/compras\\\/#website\",\"url\":\"https:\\\/\\\/impresionycopiado.com.uy\\\/compras\\\/\",\"name\":\"Impresi\u00f3n y Copiado\",\"description\":\"Productos personalizados en Uruguay\",\"publisher\":{\"@id\":\"https:\\\/\\\/impresionycopiado.com.uy\\\/compras\\\/#organization\"},\"potentialAction\":[{\"@type\":\"SearchAction\",\"target\":{\"@type\":\"EntryPoint\",\"urlTemplate\":\"https:\\\/\\\/impresionycopiado.com.uy\\\/compras\\\/?s={search_term_string}\"},\"query-input\":{\"@type\":\"PropertyValueSpecification\",\"valueRequired\":true,\"valueName\":\"search_term_string\"}}],\"inLanguage\":\"es\"},{\"@type\":\"Organization\",\"@id\":\"https:\\\/\\\/impresionycopiado.com.uy\\\/compras\\\/#organization\",\"name\":\"Digital Marketing\",\"url\":\"https:\\\/\\\/impresionycopiado.com.uy\\\/compras\\\/\",\"logo\":{\"@type\":\"ImageObject\",\"inLanguage\":\"es\",\"@id\":\"https:\\\/\\\/impresionycopiado.com.uy\\\/compras\\\/#\\\/schema\\\/logo\\\/image\\\/\",\"url\":\"https:\\\/\\\/impresionycopiado.com.uy\\\/compras\\\/wp-content\\\/uploads\\\/2017\\\/11\\\/logo-digital-marketing-dm-capascuadrado.png\",\"contentUrl\":\"https:\\\/\\\/impresionycopiado.com.uy\\\/compras\\\/wp-content\\\/uploads\\\/2017\\\/11\\\/logo-digital-marketing-dm-capascuadrado.png\",\"width\":800,\"height\":800,\"caption\":\"Digital Marketing\"},\"image\":{\"@id\":\"https:\\\/\\\/impresionycopiado.com.uy\\\/compras\\\/#\\\/schema\\\/logo\\\/image\\\/\"},\"sameAs\":[\"https:\\\/\\\/www.facebook.com\\\/estampadouy\\\/\",\"https:\\\/\\\/x.com\\\/estampadoUY\",\"https:\\\/\\\/www.instagram.com\\\/impresionycopiado\\\/\"]}]}<\/script>\n<!-- \/ Yoast SEO plugin. -->","yoast_head_json":{"title":"Preguntas Frecuentes - Impresi\u00f3n y Copiado","robots":{"index":"noindex","follow":"follow","max-snippet":"max-snippet:-1","max-image-preview":"max-image-preview:large","max-video-preview":"max-video-preview:-1"},"og_locale":"es_ES","og_type":"article","og_title":"Preguntas Frecuentes - Impresi\u00f3n y Copiado","og_description":"\u00bfCu\u00e1nto demoran en hacerlo? Nuestros tiempos de producci\u00f3n son muy buenos en comparaci\u00f3n a la competencia. en general demoran de 1 a 2 d\u00edas h\u00e1biles una vez aprobado el dise\u00f1o.\u00a0 Para cantidades mayor a 5 unidades consulte plazo de entrega. \u00bfDonde est\u00e1n Ubicados? Estamos en Montevideo &#8211; Uruguay en el l\u00edmite de los barrios Cord\u00f3n ... Leer m\u00e1s","og_url":"https:\/\/impresionycopiado.com.uy\/compras\/preguntas-frecuentes\/","og_site_name":"Impresi\u00f3n y Copiado","article_publisher":"https:\/\/www.facebook.com\/estampadouy\/","article_modified_time":"2021-02-26T18:46:55+00:00","twitter_card":"summary_large_image","twitter_site":"@estampadoUY","twitter_misc":{"Tiempo de lectura":"1 minuto"},"schema":{"@context":"https:\/\/schema.org","@graph":[{"@type":"WebPage","@id":"https:\/\/impresionycopiado.com.uy\/compras\/preguntas-frecuentes\/","url":"https:\/\/impresionycopiado.com.uy\/compras\/preguntas-frecuentes\/","name":"Preguntas Frecuentes - Impresi\u00f3n y Copiado","isPartOf":{"@id":"https:\/\/impresionycopiado.com.uy\/compras\/#website"},"datePublished":"2019-01-03T14:58:18+00:00","dateModified":"2021-02-26T18:46:55+00:00","breadcrumb":{"@id":"https:\/\/impresionycopiado.com.uy\/compras\/preguntas-frecuentes\/#breadcrumb"},"inLanguage":"es","potentialAction":[{"@type":"ReadAction","target":["https:\/\/impresionycopiado.com.uy\/compras\/preguntas-frecuentes\/"]}]},{"@type":"BreadcrumbList","@id":"https:\/\/impresionycopiado.com.uy\/compras\/preguntas-frecuentes\/#breadcrumb","itemListElement":[{"@type":"ListItem","position":1,"name":"Portada","item":"https:\/\/impresionycopiado.com.uy\/compras\/"},{"@type":"ListItem","position":2,"name":"Preguntas Frecuentes"}]},{"@type":"WebSite","@id":"https:\/\/impresionycopiado.com.uy\/compras\/#website","url":"https:\/\/impresionycopiado.com.uy\/compras\/","name":"Impresi\u00f3n y Copiado","description":"Productos personalizados en Uruguay","publisher":{"@id":"https:\/\/impresionycopiado.com.uy\/compras\/#organization"},"potentialAction":[{"@type":"SearchAction","target":{"@type":"EntryPoint","urlTemplate":"https:\/\/impresionycopiado.com.uy\/compras\/?s={search_term_string}"},"query-input":{"@type":"PropertyValueSpecification","valueRequired":true,"valueName":"search_term_string"}}],"inLanguage":"es"},{"@type":"Organization","@id":"https:\/\/impresionycopiado.com.uy\/compras\/#organization","name":"Digital Marketing","url":"https:\/\/impresionycopiado.com.uy\/compras\/","logo":{"@type":"ImageObject","inLanguage":"es","@id":"https:\/\/impresionycopiado.com.uy\/compras\/#\/schema\/logo\/image\/","url":"https:\/\/impresionycopiado.com.uy\/compras\/wp-content\/uploads\/2017\/11\/logo-digital-marketing-dm-capascuadrado.png","contentUrl":"https:\/\/impresionycopiado.com.uy\/compras\/wp-content\/uploads\/2017\/11\/logo-digital-marketing-dm-capascuadrado.png","width":800,"height":800,"caption":"Digital Marketing"},"image":{"@id":"https:\/\/impresionycopiado.com.uy\/compras\/#\/schema\/logo\/image\/"},"sameAs":["https:\/\/www.facebook.com\/estampadouy\/","https:\/\/x.com\/estampadoUY","https:\/\/www.instagram.com\/impresionycopiado\/"]}]}},"jetpack-related-posts":[{"id":10520,"url":"https:\/\/impresionycopiado.com.uy\/compras\/instructivo-rappi\/","url_meta":{"origin":659,"position":0},"title":"Instructivo Rappi","author":"guia","date":"18 junio, 2020","format":false,"excerpt":"1- ver mas2- mensajeria2b-Haga click en la x3-ingresar direcci\u00f3n nuestro taller. La Paz 18794-indicar levantar5-indicar direcci\u00f3n donde recibe6-indicar entrega7-continuar8-hacer pedido Anterior Siguiente","rel":"","context":"Entrada similar","block_context":{"text":"Entrada similar","link":""},"img":{"alt_text":"1- ver mas","src":"https:\/\/i0.wp.com\/impresionycopiado.com.uy\/compras\/wp-content\/uploads\/1-ver-mas-675x1200.jpg?resize=350%2C200&ssl=1","width":350,"height":200,"srcset":"https:\/\/i0.wp.com\/impresionycopiado.com.uy\/compras\/wp-content\/uploads\/1-ver-mas-675x1200.jpg?resize=350%2C200&ssl=1 1x, https:\/\/i0.wp.com\/impresionycopiado.com.uy\/compras\/wp-content\/uploads\/1-ver-mas-675x1200.jpg?resize=525%2C300&ssl=1 1.5x"},"classes":[]},{"id":10836,"url":"https:\/\/impresionycopiado.com.uy\/compras\/reembolso_devoluciones\/","url_meta":{"origin":659,"position":1},"title":"Pol\u00edtica de devoluciones y reembolsos","author":"guia","date":"16 diciembre, 2023","format":false,"excerpt":"Aqu\u00ed tienes un posible documento con la pol\u00edtica de devoluci\u00f3n de impresionycopiado: Pol\u00edtica de devoluci\u00f3n de impresionycopiado Impresionycopiado es una empresa que ofrece productos personalizados como remeras, tazas, pins, jarras, puzzles, delantales, gorros, uniformes y dise\u00f1o gr\u00e1fico. Nuestro objetivo es brindar un servicio de calidad y satisfacer las expectativas de\u2026","rel":"","context":"Entrada similar","block_context":{"text":"Entrada similar","link":""},"img":{"alt_text":"","src":"","width":0,"height":0},"classes":[]},{"id":275,"url":"https:\/\/impresionycopiado.com.uy\/compras\/contacto\/","url_meta":{"origin":659,"position":2},"title":"Contacto","author":"guia","date":"19 octubre, 2016","format":false,"excerpt":"Tel\u00e9fonos \/ Whatsapp:\u00a0 24067986 \/\/ 094941615 Mail \/ info@impresionycopiado.com.uy\u00a0 Direcci\u00f3n \/ La Paz 1879 Montevideo Uruguay","rel":"","context":"Entrada similar","block_context":{"text":"Entrada similar","link":""},"img":{"alt_text":"","src":"","width":0,"height":0},"classes":[]},{"id":241,"url":"https:\/\/impresionycopiado.com.uy\/compras\/estampado-y-copiado-de-cd-y-dvd\/","url_meta":{"origin":659,"position":3},"title":"Estampado y Copiado de CD y DVD","author":"guia","date":"28 septiembre, 2016","format":false,"excerpt":"Nos especializamos en el estampado y copiado de CDs y DVDs Principales servicios: Estampado de CD Etiquetado PET Estampado de DVD Copiado de CD Copiado de DVD Dise\u00f1o de Estampa Impresi\u00f3n de tapas Envasado Nos dedicamos profesionalmente al copiado (duplicado) de CD`s y DVD`s Nuestros clientes abalan nuestra seriedad y\u2026","rel":"","context":"Entrada similar","block_context":{"text":"Entrada similar","link":""},"img":{"alt_text":"","src":"https:\/\/i0.wp.com\/impresionycopiado.com.uy\/compras\/wp-content\/uploads\/2016\/09\/cabezal.jpg?fit=1200%2C600&ssl=1&resize=350%2C200","width":350,"height":200,"srcset":"https:\/\/i0.wp.com\/impresionycopiado.com.uy\/compras\/wp-content\/uploads\/2016\/09\/cabezal.jpg?fit=1200%2C600&ssl=1&resize=350%2C200 1x, https:\/\/i0.wp.com\/impresionycopiado.com.uy\/compras\/wp-content\/uploads\/2016\/09\/cabezal.jpg?fit=1200%2C600&ssl=1&resize=525%2C300 1.5x, https:\/\/i0.wp.com\/impresionycopiado.com.uy\/compras\/wp-content\/uploads\/2016\/09\/cabezal.jpg?fit=1200%2C600&ssl=1&resize=700%2C400 2x, https:\/\/i0.wp.com\/impresionycopiado.com.uy\/compras\/wp-content\/uploads\/2016\/09\/cabezal.jpg?fit=1200%2C600&ssl=1&resize=1050%2C600 3x"},"classes":[]}],"jetpack_sharing_enabled":true,"_links":{"self":[{"href":"https:\/\/impresionycopiado.com.uy\/compras\/wp-json\/wp\/v2\/pages\/659","targetHints":{"allow":["GET"]}}],"collection":[{"href":"https:\/\/impresionycopiado.com.uy\/compras\/wp-json\/wp\/v2\/pages"}],"about":[{"href":"https:\/\/impresionycopiado.com.uy\/compras\/wp-json\/wp\/v2\/types\/page"}],"author":[{"embeddable":true,"href":"https:\/\/impresionycopiado.com.uy\/compras\/wp-json\/wp\/v2\/users\/1"}],"replies":[{"embeddable":true,"href":"https:\/\/impresionycopiado.com.uy\/compras\/wp-json\/wp\/v2\/comments?post=659"}],"version-history":[{"count":4,"href":"https:\/\/impresionycopiado.com.uy\/compras\/wp-json\/wp\/v2\/pages\/659\/revisions"}],"predecessor-version":[{"id":10704,"href":"https:\/\/impresionycopiado.com.uy\/compras\/wp-json\/wp\/v2\/pages\/659\/revisions\/10704"}],"wp:attachment":[{"href":"https:\/\/impresionycopiado.com.uy\/compras\/wp-json\/wp\/v2\/media?parent=659"}],"curies":[{"name":"wp","href":"https:\/\/api.w.org\/{rel}","templated":true}]}}