{"id":10568,"date":"2020-08-03T16:47:53","date_gmt":"2020-08-03T19:47:53","guid":{"rendered":"https:\/\/impresionycopiado.com.uy\/compras\/?post_type=product&#038;p=10568"},"modified":"2020-08-08T00:04:20","modified_gmt":"2020-08-08T03:04:20","slug":"jarro-ceramico-con-cuchara-con-logo-tik-tok","status":"publish","type":"product","link":"https:\/\/impresionycopiado.com.uy\/compras\/producto\/jarro-ceramico-con-cuchara-con-logo-tik-tok\/","title":{"rendered":"Jarro cer\u00e1mico con cuchara con logo tik tok"},"content":{"rendered":"<h1>Jarro cer\u00e1mico con cuchara con logo tik tok<\/h1>\n<p>Medida aprox: altura 10,5cm \/ di\u00e1metro 8,5cm.<\/p>\n<p>Capacidad: 11 oz (325ml)<\/p>\n","protected":false},"excerpt":{"rendered":"<p>Jarro cer\u00e1mico con cuchara con logo tik tok Medida aprox: altura 10,5cm \/ di\u00e1metro 8,5cm. Capacidad: 11 oz (325ml)<\/p>\n","protected":false},"featured_media":10571,"template":"","meta":{"_joinchat":[],"jetpack_publicize_message":"","jetpack_publicize_feature_enabled":true,"jetpack_social_post_already_shared":false,"jetpack_social_options":{"image_generator_settings":{"template":"highway","default_image_id":0,"font":"","enabled":false},"version":2}},"product_brand":[],"product_cat":[133,94],"product_tag":[152,161],"class_list":{"0":"post-10568","1":"product","2":"type-product","3":"status-publish","4":"has-post-thumbnail","6":"product_cat-jarras","7":"product_cat-tazas","8":"product_tag-ceramica","9":"product_tag-dia-del-nino","10":"sales-flash-overlay","11":"woocommerce-text-align-center","12":"woocommerce-image-align-center","13":"do-quantity-buttons","15":"first","16":"instock","17":"taxable","18":"shipping-taxable","19":"purchasable","20":"product-type-simple"},"yoast_head":"<!-- This site is optimized with the Yoast SEO plugin v27.3 - https:\/\/yoast.com\/product\/yoast-seo-wordpress\/ -->\n<title>Jarro cer\u00e1mico con cuchara con logo tik tok - Impresi\u00f3n y Copiado<\/title>\n<meta name=\"robots\" content=\"noindex, follow, max-snippet:-1, max-image-preview:large, max-video-preview:-1\" \/>\n<meta property=\"og:locale\" content=\"es_ES\" \/>\n<meta property=\"og:type\" content=\"article\" \/>\n<meta property=\"og:title\" content=\"Jarro cer\u00e1mico con cuchara con logo tik tok - Impresi\u00f3n y Copiado\" \/>\n<meta property=\"og:description\" content=\"Jarro cer\u00e1mico con cuchara con logo tik tok Medida aprox: altura 10,5cm \/ di\u00e1metro 8,5cm. Capacidad: 11 oz (325ml)\" \/>\n<meta property=\"og:url\" content=\"https:\/\/impresionycopiado.com.uy\/compras\/producto\/jarro-ceramico-con-cuchara-con-logo-tik-tok\/\" \/>\n<meta property=\"og:site_name\" content=\"Impresi\u00f3n y Copiado\" \/>\n<meta property=\"article:publisher\" content=\"https:\/\/www.facebook.com\/estampadouy\/\" \/>\n<meta property=\"article:modified_time\" content=\"2020-08-08T03:04:20+00:00\" \/>\n<meta property=\"og:image\" content=\"https:\/\/i2.wp.com\/impresionycopiado.com.uy\/compras\/wp-content\/uploads\/20200803_120646.jpg?fit=2322%2C2322&ssl=1\" \/>\n\t<meta property=\"og:image:width\" content=\"2322\" \/>\n\t<meta property=\"og:image:height\" content=\"2322\" \/>\n\t<meta property=\"og:image:type\" content=\"image\/jpeg\" \/>\n<meta name=\"twitter:card\" content=\"summary_large_image\" \/>\n<meta name=\"twitter:site\" content=\"@estampadoUY\" \/>\n<script type=\"application\/ld+json\" class=\"yoast-schema-graph\">{\"@context\":\"https:\\\/\\\/schema.org\",\"@graph\":[{\"@type\":\"WebPage\",\"@id\":\"https:\\\/\\\/impresionycopiado.com.uy\\\/compras\\\/producto\\\/jarro-ceramico-con-cuchara-con-logo-tik-tok\\\/\",\"url\":\"https:\\\/\\\/impresionycopiado.com.uy\\\/compras\\\/producto\\\/jarro-ceramico-con-cuchara-con-logo-tik-tok\\\/\",\"name\":\"Jarro cer\u00e1mico con cuchara con logo tik tok - Impresi\u00f3n y Copiado\",\"isPartOf\":{\"@id\":\"https:\\\/\\\/impresionycopiado.com.uy\\\/compras\\\/#website\"},\"primaryImageOfPage\":{\"@id\":\"https:\\\/\\\/impresionycopiado.com.uy\\\/compras\\\/producto\\\/jarro-ceramico-con-cuchara-con-logo-tik-tok\\\/#primaryimage\"},\"image\":{\"@id\":\"https:\\\/\\\/impresionycopiado.com.uy\\\/compras\\\/producto\\\/jarro-ceramico-con-cuchara-con-logo-tik-tok\\\/#primaryimage\"},\"thumbnailUrl\":\"https:\\\/\\\/i0.wp.com\\\/impresionycopiado.com.uy\\\/compras\\\/wp-content\\\/uploads\\\/20200803_120646.jpg?fit=2322%2C2322&ssl=1\",\"datePublished\":\"2020-08-03T19:47:53+00:00\",\"dateModified\":\"2020-08-08T03:04:20+00:00\",\"breadcrumb\":{\"@id\":\"https:\\\/\\\/impresionycopiado.com.uy\\\/compras\\\/producto\\\/jarro-ceramico-con-cuchara-con-logo-tik-tok\\\/#breadcrumb\"},\"inLanguage\":\"es\",\"potentialAction\":[{\"@type\":\"ReadAction\",\"target\":[\"https:\\\/\\\/impresionycopiado.com.uy\\\/compras\\\/producto\\\/jarro-ceramico-con-cuchara-con-logo-tik-tok\\\/\"]}]},{\"@type\":\"ImageObject\",\"inLanguage\":\"es\",\"@id\":\"https:\\\/\\\/impresionycopiado.com.uy\\\/compras\\\/producto\\\/jarro-ceramico-con-cuchara-con-logo-tik-tok\\\/#primaryimage\",\"url\":\"https:\\\/\\\/i0.wp.com\\\/impresionycopiado.com.uy\\\/compras\\\/wp-content\\\/uploads\\\/20200803_120646.jpg?fit=2322%2C2322&ssl=1\",\"contentUrl\":\"https:\\\/\\\/i0.wp.com\\\/impresionycopiado.com.uy\\\/compras\\\/wp-content\\\/uploads\\\/20200803_120646.jpg?fit=2322%2C2322&ssl=1\",\"width\":2322,\"height\":2322,\"caption\":\"Tik Tok Uruguay\"},{\"@type\":\"BreadcrumbList\",\"@id\":\"https:\\\/\\\/impresionycopiado.com.uy\\\/compras\\\/producto\\\/jarro-ceramico-con-cuchara-con-logo-tik-tok\\\/#breadcrumb\",\"itemListElement\":[{\"@type\":\"ListItem\",\"position\":1,\"name\":\"Portada\",\"item\":\"https:\\\/\\\/impresionycopiado.com.uy\\\/compras\\\/\"},{\"@type\":\"ListItem\",\"position\":2,\"name\":\"Bienvenido\",\"item\":\"https:\\\/\\\/impresionycopiado.com.uy\\\/compras\\\/\"},{\"@type\":\"ListItem\",\"position\":3,\"name\":\"Jarro cer\u00e1mico con cuchara con logo tik tok\"}]},{\"@type\":\"WebSite\",\"@id\":\"https:\\\/\\\/impresionycopiado.com.uy\\\/compras\\\/#website\",\"url\":\"https:\\\/\\\/impresionycopiado.com.uy\\\/compras\\\/\",\"name\":\"Impresi\u00f3n y Copiado\",\"description\":\"Productos personalizados en Uruguay\",\"publisher\":{\"@id\":\"https:\\\/\\\/impresionycopiado.com.uy\\\/compras\\\/#organization\"},\"potentialAction\":[{\"@type\":\"SearchAction\",\"target\":{\"@type\":\"EntryPoint\",\"urlTemplate\":\"https:\\\/\\\/impresionycopiado.com.uy\\\/compras\\\/?s={search_term_string}\"},\"query-input\":{\"@type\":\"PropertyValueSpecification\",\"valueRequired\":true,\"valueName\":\"search_term_string\"}}],\"inLanguage\":\"es\"},{\"@type\":\"Organization\",\"@id\":\"https:\\\/\\\/impresionycopiado.com.uy\\\/compras\\\/#organization\",\"name\":\"Digital Marketing\",\"url\":\"https:\\\/\\\/impresionycopiado.com.uy\\\/compras\\\/\",\"logo\":{\"@type\":\"ImageObject\",\"inLanguage\":\"es\",\"@id\":\"https:\\\/\\\/impresionycopiado.com.uy\\\/compras\\\/#\\\/schema\\\/logo\\\/image\\\/\",\"url\":\"https:\\\/\\\/impresionycopiado.com.uy\\\/compras\\\/wp-content\\\/uploads\\\/2017\\\/11\\\/logo-digital-marketing-dm-capascuadrado.png\",\"contentUrl\":\"https:\\\/\\\/impresionycopiado.com.uy\\\/compras\\\/wp-content\\\/uploads\\\/2017\\\/11\\\/logo-digital-marketing-dm-capascuadrado.png\",\"width\":800,\"height\":800,\"caption\":\"Digital Marketing\"},\"image\":{\"@id\":\"https:\\\/\\\/impresionycopiado.com.uy\\\/compras\\\/#\\\/schema\\\/logo\\\/image\\\/\"},\"sameAs\":[\"https:\\\/\\\/www.facebook.com\\\/estampadouy\\\/\",\"https:\\\/\\\/x.com\\\/estampadoUY\",\"https:\\\/\\\/www.instagram.com\\\/impresionycopiado\\\/\"]}]}<\/script>\n<!-- \/ Yoast SEO plugin. -->","yoast_head_json":{"title":"Jarro cer\u00e1mico con cuchara con logo tik tok - Impresi\u00f3n y Copiado","robots":{"index":"noindex","follow":"follow","max-snippet":"max-snippet:-1","max-image-preview":"max-image-preview:large","max-video-preview":"max-video-preview:-1"},"og_locale":"es_ES","og_type":"article","og_title":"Jarro cer\u00e1mico con cuchara con logo tik tok - Impresi\u00f3n y Copiado","og_description":"Jarro cer\u00e1mico con cuchara con logo tik tok Medida aprox: altura 10,5cm \/ di\u00e1metro 8,5cm. Capacidad: 11 oz (325ml)","og_url":"https:\/\/impresionycopiado.com.uy\/compras\/producto\/jarro-ceramico-con-cuchara-con-logo-tik-tok\/","og_site_name":"Impresi\u00f3n y Copiado","article_publisher":"https:\/\/www.facebook.com\/estampadouy\/","article_modified_time":"2020-08-08T03:04:20+00:00","og_image":[{"width":2322,"height":2322,"url":"https:\/\/i2.wp.com\/impresionycopiado.com.uy\/compras\/wp-content\/uploads\/20200803_120646.jpg?fit=2322%2C2322&ssl=1","type":"image\/jpeg"}],"twitter_card":"summary_large_image","twitter_site":"@estampadoUY","schema":{"@context":"https:\/\/schema.org","@graph":[{"@type":"WebPage","@id":"https:\/\/impresionycopiado.com.uy\/compras\/producto\/jarro-ceramico-con-cuchara-con-logo-tik-tok\/","url":"https:\/\/impresionycopiado.com.uy\/compras\/producto\/jarro-ceramico-con-cuchara-con-logo-tik-tok\/","name":"Jarro cer\u00e1mico con cuchara con logo tik tok - Impresi\u00f3n y Copiado","isPartOf":{"@id":"https:\/\/impresionycopiado.com.uy\/compras\/#website"},"primaryImageOfPage":{"@id":"https:\/\/impresionycopiado.com.uy\/compras\/producto\/jarro-ceramico-con-cuchara-con-logo-tik-tok\/#primaryimage"},"image":{"@id":"https:\/\/impresionycopiado.com.uy\/compras\/producto\/jarro-ceramico-con-cuchara-con-logo-tik-tok\/#primaryimage"},"thumbnailUrl":"https:\/\/i0.wp.com\/impresionycopiado.com.uy\/compras\/wp-content\/uploads\/20200803_120646.jpg?fit=2322%2C2322&ssl=1","datePublished":"2020-08-03T19:47:53+00:00","dateModified":"2020-08-08T03:04:20+00:00","breadcrumb":{"@id":"https:\/\/impresionycopiado.com.uy\/compras\/producto\/jarro-ceramico-con-cuchara-con-logo-tik-tok\/#breadcrumb"},"inLanguage":"es","potentialAction":[{"@type":"ReadAction","target":["https:\/\/impresionycopiado.com.uy\/compras\/producto\/jarro-ceramico-con-cuchara-con-logo-tik-tok\/"]}]},{"@type":"ImageObject","inLanguage":"es","@id":"https:\/\/impresionycopiado.com.uy\/compras\/producto\/jarro-ceramico-con-cuchara-con-logo-tik-tok\/#primaryimage","url":"https:\/\/i0.wp.com\/impresionycopiado.com.uy\/compras\/wp-content\/uploads\/20200803_120646.jpg?fit=2322%2C2322&ssl=1","contentUrl":"https:\/\/i0.wp.com\/impresionycopiado.com.uy\/compras\/wp-content\/uploads\/20200803_120646.jpg?fit=2322%2C2322&ssl=1","width":2322,"height":2322,"caption":"Tik Tok Uruguay"},{"@type":"BreadcrumbList","@id":"https:\/\/impresionycopiado.com.uy\/compras\/producto\/jarro-ceramico-con-cuchara-con-logo-tik-tok\/#breadcrumb","itemListElement":[{"@type":"ListItem","position":1,"name":"Portada","item":"https:\/\/impresionycopiado.com.uy\/compras\/"},{"@type":"ListItem","position":2,"name":"Bienvenido","item":"https:\/\/impresionycopiado.com.uy\/compras\/"},{"@type":"ListItem","position":3,"name":"Jarro cer\u00e1mico con cuchara con logo tik tok"}]},{"@type":"WebSite","@id":"https:\/\/impresionycopiado.com.uy\/compras\/#website","url":"https:\/\/impresionycopiado.com.uy\/compras\/","name":"Impresi\u00f3n y Copiado","description":"Productos personalizados en Uruguay","publisher":{"@id":"https:\/\/impresionycopiado.com.uy\/compras\/#organization"},"potentialAction":[{"@type":"SearchAction","target":{"@type":"EntryPoint","urlTemplate":"https:\/\/impresionycopiado.com.uy\/compras\/?s={search_term_string}"},"query-input":{"@type":"PropertyValueSpecification","valueRequired":true,"valueName":"search_term_string"}}],"inLanguage":"es"},{"@type":"Organization","@id":"https:\/\/impresionycopiado.com.uy\/compras\/#organization","name":"Digital Marketing","url":"https:\/\/impresionycopiado.com.uy\/compras\/","logo":{"@type":"ImageObject","inLanguage":"es","@id":"https:\/\/impresionycopiado.com.uy\/compras\/#\/schema\/logo\/image\/","url":"https:\/\/impresionycopiado.com.uy\/compras\/wp-content\/uploads\/2017\/11\/logo-digital-marketing-dm-capascuadrado.png","contentUrl":"https:\/\/impresionycopiado.com.uy\/compras\/wp-content\/uploads\/2017\/11\/logo-digital-marketing-dm-capascuadrado.png","width":800,"height":800,"caption":"Digital Marketing"},"image":{"@id":"https:\/\/impresionycopiado.com.uy\/compras\/#\/schema\/logo\/image\/"},"sameAs":["https:\/\/www.facebook.com\/estampadouy\/","https:\/\/x.com\/estampadoUY","https:\/\/www.instagram.com\/impresionycopiado\/"]}]}},"jetpack_publicize_connections":[],"jetpack-related-posts":[{"id":833,"url":"https:\/\/impresionycopiado.com.uy\/compras\/producto\/mate-ceramico-blanco-personalizado\/","url_meta":{"origin":10568,"position":0},"title":"Mate cer\u00e1mico blanco personalizado","author":"guia","date":"13 junio, 2019","format":false,"excerpt":"Mate cer\u00e1mico blanco personalizado","rel":"","context":"Entrada similar","block_context":{"text":"Entrada similar","link":""},"img":{"alt_text":"","src":"https:\/\/i0.wp.com\/impresionycopiado.com.uy\/compras\/wp-content\/uploads\/mate-blanco.png?fit=511%2C511&ssl=1&resize=350%2C200","width":350,"height":200},"classes":[]},{"id":11296,"url":"https:\/\/impresionycopiado.com.uy\/compras\/producto\/mate-ceramico-blanco-personalizado-largo\/","url_meta":{"origin":10568,"position":1},"title":"Mate cer\u00e1mico blanco personalizado largo","author":"guia","date":"13 febrero, 2023","format":false,"excerpt":"Mate cer\u00e1mico blanco personalizado","rel":"","context":"Entrada similar","block_context":{"text":"Entrada similar","link":""},"img":{"alt_text":"","src":"https:\/\/i0.wp.com\/impresionycopiado.com.uy\/compras\/wp-content\/uploads\/mate-san-valentin.jpg?fit=1200%2C1200&ssl=1&resize=350%2C200","width":350,"height":200,"srcset":"https:\/\/i0.wp.com\/impresionycopiado.com.uy\/compras\/wp-content\/uploads\/mate-san-valentin.jpg?fit=1200%2C1200&ssl=1&resize=350%2C200 1x, https:\/\/i0.wp.com\/impresionycopiado.com.uy\/compras\/wp-content\/uploads\/mate-san-valentin.jpg?fit=1200%2C1200&ssl=1&resize=525%2C300 1.5x, https:\/\/i0.wp.com\/impresionycopiado.com.uy\/compras\/wp-content\/uploads\/mate-san-valentin.jpg?fit=1200%2C1200&ssl=1&resize=700%2C400 2x, https:\/\/i0.wp.com\/impresionycopiado.com.uy\/compras\/wp-content\/uploads\/mate-san-valentin.jpg?fit=1200%2C1200&ssl=1&resize=1050%2C600 3x"},"classes":[]},{"id":11461,"url":"https:\/\/impresionycopiado.com.uy\/compras\/producto\/camiseta-con-logo-de-las-olimpiadas-francia-2024\/","url_meta":{"origin":10568,"position":2},"title":"Camiseta con logo de las Olimpiadas Francia 2024","author":"guia","date":"31 julio, 2024","format":false,"excerpt":"Camiseta con logo de las Olimpiadas Francia 2024","rel":"","context":"Entrada similar","block_context":{"text":"Entrada similar","link":""},"img":{"alt_text":"Camiseta con logo de las Olimpiadas Francia 2024","src":"https:\/\/i0.wp.com\/impresionycopiado.com.uy\/compras\/wp-content\/uploads\/3.jpg?fit=801%2C1200&ssl=1&resize=350%2C200","width":350,"height":200,"srcset":"https:\/\/i0.wp.com\/impresionycopiado.com.uy\/compras\/wp-content\/uploads\/3.jpg?fit=801%2C1200&ssl=1&resize=350%2C200 1x, https:\/\/i0.wp.com\/impresionycopiado.com.uy\/compras\/wp-content\/uploads\/3.jpg?fit=801%2C1200&ssl=1&resize=525%2C300 1.5x, https:\/\/i0.wp.com\/impresionycopiado.com.uy\/compras\/wp-content\/uploads\/3.jpg?fit=801%2C1200&ssl=1&resize=700%2C400 2x"},"classes":[]},{"id":11114,"url":"https:\/\/impresionycopiado.com.uy\/compras\/producto\/canguro-con-logo-de-super-mama\/","url_meta":{"origin":10568,"position":3},"title":"Canguro con logo de super&#8230;","author":"guia","date":"10 mayo, 2022","format":false,"excerpt":"Canguro con logo de superman","rel":"","context":"Entrada similar","block_context":{"text":"Entrada similar","link":""},"img":{"alt_text":"","src":"https:\/\/i0.wp.com\/impresionycopiado.com.uy\/compras\/wp-content\/uploads\/super-mama.png?fit=800%2C1200&ssl=1&resize=350%2C200","width":350,"height":200,"srcset":"https:\/\/i0.wp.com\/impresionycopiado.com.uy\/compras\/wp-content\/uploads\/super-mama.png?fit=800%2C1200&ssl=1&resize=350%2C200 1x, https:\/\/i0.wp.com\/impresionycopiado.com.uy\/compras\/wp-content\/uploads\/super-mama.png?fit=800%2C1200&ssl=1&resize=525%2C300 1.5x, https:\/\/i0.wp.com\/impresionycopiado.com.uy\/compras\/wp-content\/uploads\/super-mama.png?fit=800%2C1200&ssl=1&resize=700%2C400 2x"},"classes":[]},{"id":10572,"url":"https:\/\/impresionycopiado.com.uy\/compras\/producto\/estampado-de-logo-3-colores\/","url_meta":{"origin":10568,"position":4},"title":"Estampado de logo 3 colores","author":"guia","date":"3 agosto, 2020","format":false,"excerpt":"Estampado de logo 3 colores Largo 10 cm m\u00e1ximo no incluye la prenda","rel":"","context":"Entrada similar","block_context":{"text":"Entrada similar","link":""},"img":{"alt_text":"Estaci\u00f3n Fit","src":"https:\/\/i0.wp.com\/impresionycopiado.com.uy\/compras\/wp-content\/uploads\/20200803_124120-scaled.jpg?fit=1200%2C1200&ssl=1&resize=350%2C200","width":350,"height":200,"srcset":"https:\/\/i0.wp.com\/impresionycopiado.com.uy\/compras\/wp-content\/uploads\/20200803_124120-scaled.jpg?fit=1200%2C1200&ssl=1&resize=350%2C200 1x, https:\/\/i0.wp.com\/impresionycopiado.com.uy\/compras\/wp-content\/uploads\/20200803_124120-scaled.jpg?fit=1200%2C1200&ssl=1&resize=525%2C300 1.5x, https:\/\/i0.wp.com\/impresionycopiado.com.uy\/compras\/wp-content\/uploads\/20200803_124120-scaled.jpg?fit=1200%2C1200&ssl=1&resize=700%2C400 2x, https:\/\/i0.wp.com\/impresionycopiado.com.uy\/compras\/wp-content\/uploads\/20200803_124120-scaled.jpg?fit=1200%2C1200&ssl=1&resize=1050%2C600 3x"},"classes":[]},{"id":11346,"url":"https:\/\/impresionycopiado.com.uy\/compras\/producto\/campera-de-neopreno-personalizada\/","url_meta":{"origin":10568,"position":5},"title":"Campera de Neopreno personalizada","author":"guia","date":"23 junio, 2023","format":false,"excerpt":"Campera de neopreno con capucha para hombre o mujer Con logo al frente a una tinta de 12 cm de ancho max.","rel":"","context":"Entrada similar","block_context":{"text":"Entrada similar","link":""},"img":{"alt_text":"campera neopreno con logo","src":"https:\/\/i0.wp.com\/impresionycopiado.com.uy\/compras\/wp-content\/uploads\/campera-neopreno-con-logo.jpg?fit=1000%2C1000&ssl=1&resize=350%2C200","width":350,"height":200,"srcset":"https:\/\/i0.wp.com\/impresionycopiado.com.uy\/compras\/wp-content\/uploads\/campera-neopreno-con-logo.jpg?fit=1000%2C1000&ssl=1&resize=350%2C200 1x, https:\/\/i0.wp.com\/impresionycopiado.com.uy\/compras\/wp-content\/uploads\/campera-neopreno-con-logo.jpg?fit=1000%2C1000&ssl=1&resize=525%2C300 1.5x, https:\/\/i0.wp.com\/impresionycopiado.com.uy\/compras\/wp-content\/uploads\/campera-neopreno-con-logo.jpg?fit=1000%2C1000&ssl=1&resize=700%2C400 2x"},"classes":[]}],"jetpack_sharing_enabled":true,"_links":{"self":[{"href":"https:\/\/impresionycopiado.com.uy\/compras\/wp-json\/wp\/v2\/product\/10568","targetHints":{"allow":["GET"]}}],"collection":[{"href":"https:\/\/impresionycopiado.com.uy\/compras\/wp-json\/wp\/v2\/product"}],"about":[{"href":"https:\/\/impresionycopiado.com.uy\/compras\/wp-json\/wp\/v2\/types\/product"}],"wp:featuredmedia":[{"embeddable":true,"href":"https:\/\/impresionycopiado.com.uy\/compras\/wp-json\/wp\/v2\/media\/10571"}],"wp:attachment":[{"href":"https:\/\/impresionycopiado.com.uy\/compras\/wp-json\/wp\/v2\/media?parent=10568"}],"wp:term":[{"taxonomy":"product_brand","embeddable":true,"href":"https:\/\/impresionycopiado.com.uy\/compras\/wp-json\/wp\/v2\/product_brand?post=10568"},{"taxonomy":"product_cat","embeddable":true,"href":"https:\/\/impresionycopiado.com.uy\/compras\/wp-json\/wp\/v2\/product_cat?post=10568"},{"taxonomy":"product_tag","embeddable":true,"href":"https:\/\/impresionycopiado.com.uy\/compras\/wp-json\/wp\/v2\/product_tag?post=10568"}],"curies":[{"name":"wp","href":"https:\/\/api.w.org\/{rel}","templated":true}]}}