{"id":10781,"date":"2021-06-10T11:14:04","date_gmt":"2021-06-10T14:14:04","guid":{"rendered":"https:\/\/impresionycopiado.com.uy\/compras\/?post_type=product&#038;p=10781"},"modified":"2021-06-15T00:01:46","modified_gmt":"2021-06-15T03:01:46","slug":"remera-para-el-dia-del-abuelo-super-abuelo","status":"publish","type":"product","link":"https:\/\/impresionycopiado.com.uy\/compras\/producto\/remera-para-el-dia-del-abuelo-super-abuelo\/","title":{"rendered":"Remera para el d\u00eda del abuelo. super abuelo"},"content":{"rendered":"<h3>Remera de algod\u00f3n varios colores a elecci\u00f3n.<\/h3>\n<h3>Estampado en vinilo<\/h3>\n<h3>Super durable.<\/h3>\n","protected":false},"excerpt":{"rendered":"<p>Remera de algod\u00f3n varios colores a elecci\u00f3n. Estampado en vinilo Super durable.<\/p>\n","protected":false},"featured_media":10782,"template":"","meta":{"_joinchat":[],"jetpack_publicize_message":"","jetpack_publicize_feature_enabled":true,"jetpack_social_post_already_shared":false,"jetpack_social_options":{"image_generator_settings":{"template":"highway","default_image_id":0,"font":"","enabled":false},"version":2}},"product_brand":[],"product_cat":[21],"product_tag":[76,150,145,74],"class_list":{"0":"post-10781","1":"product","2":"type-product","3":"status-publish","4":"has-post-thumbnail","6":"product_cat-remeras-predisenadas","7":"product_tag-algodon","8":"product_tag-dia-del-abuelo","9":"product_tag-regalo","10":"product_tag-remeras-disenadas","11":"pa_talle-l","12":"pa_talle-m","13":"pa_talle-s","14":"pa_talle-xl","15":"pa_talle-xxl","16":"sales-flash-overlay","17":"woocommerce-text-align-center","18":"woocommerce-image-align-center","19":"do-quantity-buttons","21":"first","22":"instock","23":"taxable","24":"shipping-taxable","25":"purchasable","26":"product-type-simple"},"yoast_head":"<!-- This site is optimized with the Yoast SEO plugin v27.3 - https:\/\/yoast.com\/product\/yoast-seo-wordpress\/ -->\n<title>Remera para el d\u00eda del abuelo. super abuelo - Impresi\u00f3n y Copiado<\/title>\n<meta name=\"description\" content=\"Dia del abuelo en Uruguay, Regalos para el d\u00eda de los abuelos. Envios a todo el pa\u00eds. Pago online.\" \/>\n<meta name=\"robots\" content=\"noindex, follow, max-snippet:-1, max-image-preview:large, max-video-preview:-1\" \/>\n<meta property=\"og:locale\" content=\"es_ES\" \/>\n<meta property=\"og:type\" content=\"article\" \/>\n<meta property=\"og:title\" content=\"Remera para el d\u00eda del abuelo. super abuelo - Impresi\u00f3n y Copiado\" \/>\n<meta property=\"og:description\" content=\"Dia del abuelo en Uruguay, Regalos para el d\u00eda de los abuelos. Envios a todo el pa\u00eds. Pago online.\" \/>\n<meta property=\"og:url\" content=\"https:\/\/impresionycopiado.com.uy\/compras\/producto\/remera-para-el-dia-del-abuelo-super-abuelo\/\" \/>\n<meta property=\"og:site_name\" content=\"Impresi\u00f3n y Copiado\" \/>\n<meta property=\"article:publisher\" content=\"https:\/\/www.facebook.com\/estampadouy\/\" \/>\n<meta property=\"article:modified_time\" content=\"2021-06-15T03:01:46+00:00\" \/>\n<meta property=\"og:image\" content=\"https:\/\/impresionycopiado.com.uy\/compras\/wp-content\/uploads\/super-abuelo-800x1200.png\" \/>\n\t<meta property=\"og:image:width\" content=\"800\" \/>\n\t<meta property=\"og:image:height\" content=\"1200\" \/>\n\t<meta property=\"og:image:type\" content=\"image\/png\" \/>\n<meta name=\"twitter:card\" content=\"summary_large_image\" \/>\n<meta name=\"twitter:site\" content=\"@estampadoUY\" \/>\n<meta name=\"twitter:label1\" content=\"Tiempo de lectura\" \/>\n\t<meta name=\"twitter:data1\" content=\"1 minuto\" \/>\n<script type=\"application\/ld+json\" class=\"yoast-schema-graph\">{\"@context\":\"https:\\\/\\\/schema.org\",\"@graph\":[{\"@type\":\"WebPage\",\"@id\":\"https:\\\/\\\/impresionycopiado.com.uy\\\/compras\\\/producto\\\/remera-para-el-dia-del-abuelo-super-abuelo\\\/\",\"url\":\"https:\\\/\\\/impresionycopiado.com.uy\\\/compras\\\/producto\\\/remera-para-el-dia-del-abuelo-super-abuelo\\\/\",\"name\":\"Remera para el d\u00eda del abuelo. super abuelo - Impresi\u00f3n y Copiado\",\"isPartOf\":{\"@id\":\"https:\\\/\\\/impresionycopiado.com.uy\\\/compras\\\/#website\"},\"primaryImageOfPage\":{\"@id\":\"https:\\\/\\\/impresionycopiado.com.uy\\\/compras\\\/producto\\\/remera-para-el-dia-del-abuelo-super-abuelo\\\/#primaryimage\"},\"image\":{\"@id\":\"https:\\\/\\\/impresionycopiado.com.uy\\\/compras\\\/producto\\\/remera-para-el-dia-del-abuelo-super-abuelo\\\/#primaryimage\"},\"thumbnailUrl\":\"https:\\\/\\\/i0.wp.com\\\/impresionycopiado.com.uy\\\/compras\\\/wp-content\\\/uploads\\\/super-abuelo.png?fit=1440%2C2160&ssl=1\",\"datePublished\":\"2021-06-10T14:14:04+00:00\",\"dateModified\":\"2021-06-15T03:01:46+00:00\",\"description\":\"Dia del abuelo en Uruguay, Regalos para el d\u00eda de los abuelos. Envios a todo el pa\u00eds. Pago online.\",\"breadcrumb\":{\"@id\":\"https:\\\/\\\/impresionycopiado.com.uy\\\/compras\\\/producto\\\/remera-para-el-dia-del-abuelo-super-abuelo\\\/#breadcrumb\"},\"inLanguage\":\"es\",\"potentialAction\":[{\"@type\":\"ReadAction\",\"target\":[\"https:\\\/\\\/impresionycopiado.com.uy\\\/compras\\\/producto\\\/remera-para-el-dia-del-abuelo-super-abuelo\\\/\"]}]},{\"@type\":\"ImageObject\",\"inLanguage\":\"es\",\"@id\":\"https:\\\/\\\/impresionycopiado.com.uy\\\/compras\\\/producto\\\/remera-para-el-dia-del-abuelo-super-abuelo\\\/#primaryimage\",\"url\":\"https:\\\/\\\/i0.wp.com\\\/impresionycopiado.com.uy\\\/compras\\\/wp-content\\\/uploads\\\/super-abuelo.png?fit=1440%2C2160&ssl=1\",\"contentUrl\":\"https:\\\/\\\/i0.wp.com\\\/impresionycopiado.com.uy\\\/compras\\\/wp-content\\\/uploads\\\/super-abuelo.png?fit=1440%2C2160&ssl=1\",\"width\":1440,\"height\":2160,\"caption\":\"Dia del abuelo en Uruguay\"},{\"@type\":\"BreadcrumbList\",\"@id\":\"https:\\\/\\\/impresionycopiado.com.uy\\\/compras\\\/producto\\\/remera-para-el-dia-del-abuelo-super-abuelo\\\/#breadcrumb\",\"itemListElement\":[{\"@type\":\"ListItem\",\"position\":1,\"name\":\"Portada\",\"item\":\"https:\\\/\\\/impresionycopiado.com.uy\\\/compras\\\/\"},{\"@type\":\"ListItem\",\"position\":2,\"name\":\"Bienvenido\",\"item\":\"https:\\\/\\\/impresionycopiado.com.uy\\\/compras\\\/\"},{\"@type\":\"ListItem\",\"position\":3,\"name\":\"Remera para el d\u00eda del abuelo. super abuelo\"}]},{\"@type\":\"WebSite\",\"@id\":\"https:\\\/\\\/impresionycopiado.com.uy\\\/compras\\\/#website\",\"url\":\"https:\\\/\\\/impresionycopiado.com.uy\\\/compras\\\/\",\"name\":\"Impresi\u00f3n y Copiado\",\"description\":\"Productos personalizados en Uruguay\",\"publisher\":{\"@id\":\"https:\\\/\\\/impresionycopiado.com.uy\\\/compras\\\/#organization\"},\"potentialAction\":[{\"@type\":\"SearchAction\",\"target\":{\"@type\":\"EntryPoint\",\"urlTemplate\":\"https:\\\/\\\/impresionycopiado.com.uy\\\/compras\\\/?s={search_term_string}\"},\"query-input\":{\"@type\":\"PropertyValueSpecification\",\"valueRequired\":true,\"valueName\":\"search_term_string\"}}],\"inLanguage\":\"es\"},{\"@type\":\"Organization\",\"@id\":\"https:\\\/\\\/impresionycopiado.com.uy\\\/compras\\\/#organization\",\"name\":\"Digital Marketing\",\"url\":\"https:\\\/\\\/impresionycopiado.com.uy\\\/compras\\\/\",\"logo\":{\"@type\":\"ImageObject\",\"inLanguage\":\"es\",\"@id\":\"https:\\\/\\\/impresionycopiado.com.uy\\\/compras\\\/#\\\/schema\\\/logo\\\/image\\\/\",\"url\":\"https:\\\/\\\/impresionycopiado.com.uy\\\/compras\\\/wp-content\\\/uploads\\\/2017\\\/11\\\/logo-digital-marketing-dm-capascuadrado.png\",\"contentUrl\":\"https:\\\/\\\/impresionycopiado.com.uy\\\/compras\\\/wp-content\\\/uploads\\\/2017\\\/11\\\/logo-digital-marketing-dm-capascuadrado.png\",\"width\":800,\"height\":800,\"caption\":\"Digital Marketing\"},\"image\":{\"@id\":\"https:\\\/\\\/impresionycopiado.com.uy\\\/compras\\\/#\\\/schema\\\/logo\\\/image\\\/\"},\"sameAs\":[\"https:\\\/\\\/www.facebook.com\\\/estampadouy\\\/\",\"https:\\\/\\\/x.com\\\/estampadoUY\",\"https:\\\/\\\/www.instagram.com\\\/impresionycopiado\\\/\"]}]}<\/script>\n<!-- \/ Yoast SEO plugin. -->","yoast_head_json":{"title":"Remera para el d\u00eda del abuelo. super abuelo - Impresi\u00f3n y Copiado","description":"Dia del abuelo en Uruguay, Regalos para el d\u00eda de los abuelos. Envios a todo el pa\u00eds. Pago online.","robots":{"index":"noindex","follow":"follow","max-snippet":"max-snippet:-1","max-image-preview":"max-image-preview:large","max-video-preview":"max-video-preview:-1"},"og_locale":"es_ES","og_type":"article","og_title":"Remera para el d\u00eda del abuelo. super abuelo - Impresi\u00f3n y Copiado","og_description":"Dia del abuelo en Uruguay, Regalos para el d\u00eda de los abuelos. Envios a todo el pa\u00eds. Pago online.","og_url":"https:\/\/impresionycopiado.com.uy\/compras\/producto\/remera-para-el-dia-del-abuelo-super-abuelo\/","og_site_name":"Impresi\u00f3n y Copiado","article_publisher":"https:\/\/www.facebook.com\/estampadouy\/","article_modified_time":"2021-06-15T03:01:46+00:00","og_image":[{"width":800,"height":1200,"url":"https:\/\/impresionycopiado.com.uy\/compras\/wp-content\/uploads\/super-abuelo-800x1200.png","type":"image\/png"}],"twitter_card":"summary_large_image","twitter_site":"@estampadoUY","twitter_misc":{"Tiempo de lectura":"1 minuto"},"schema":{"@context":"https:\/\/schema.org","@graph":[{"@type":"WebPage","@id":"https:\/\/impresionycopiado.com.uy\/compras\/producto\/remera-para-el-dia-del-abuelo-super-abuelo\/","url":"https:\/\/impresionycopiado.com.uy\/compras\/producto\/remera-para-el-dia-del-abuelo-super-abuelo\/","name":"Remera para el d\u00eda del abuelo. super abuelo - Impresi\u00f3n y Copiado","isPartOf":{"@id":"https:\/\/impresionycopiado.com.uy\/compras\/#website"},"primaryImageOfPage":{"@id":"https:\/\/impresionycopiado.com.uy\/compras\/producto\/remera-para-el-dia-del-abuelo-super-abuelo\/#primaryimage"},"image":{"@id":"https:\/\/impresionycopiado.com.uy\/compras\/producto\/remera-para-el-dia-del-abuelo-super-abuelo\/#primaryimage"},"thumbnailUrl":"https:\/\/i0.wp.com\/impresionycopiado.com.uy\/compras\/wp-content\/uploads\/super-abuelo.png?fit=1440%2C2160&ssl=1","datePublished":"2021-06-10T14:14:04+00:00","dateModified":"2021-06-15T03:01:46+00:00","description":"Dia del abuelo en Uruguay, Regalos para el d\u00eda de los abuelos. Envios a todo el pa\u00eds. Pago online.","breadcrumb":{"@id":"https:\/\/impresionycopiado.com.uy\/compras\/producto\/remera-para-el-dia-del-abuelo-super-abuelo\/#breadcrumb"},"inLanguage":"es","potentialAction":[{"@type":"ReadAction","target":["https:\/\/impresionycopiado.com.uy\/compras\/producto\/remera-para-el-dia-del-abuelo-super-abuelo\/"]}]},{"@type":"ImageObject","inLanguage":"es","@id":"https:\/\/impresionycopiado.com.uy\/compras\/producto\/remera-para-el-dia-del-abuelo-super-abuelo\/#primaryimage","url":"https:\/\/i0.wp.com\/impresionycopiado.com.uy\/compras\/wp-content\/uploads\/super-abuelo.png?fit=1440%2C2160&ssl=1","contentUrl":"https:\/\/i0.wp.com\/impresionycopiado.com.uy\/compras\/wp-content\/uploads\/super-abuelo.png?fit=1440%2C2160&ssl=1","width":1440,"height":2160,"caption":"Dia del abuelo en Uruguay"},{"@type":"BreadcrumbList","@id":"https:\/\/impresionycopiado.com.uy\/compras\/producto\/remera-para-el-dia-del-abuelo-super-abuelo\/#breadcrumb","itemListElement":[{"@type":"ListItem","position":1,"name":"Portada","item":"https:\/\/impresionycopiado.com.uy\/compras\/"},{"@type":"ListItem","position":2,"name":"Bienvenido","item":"https:\/\/impresionycopiado.com.uy\/compras\/"},{"@type":"ListItem","position":3,"name":"Remera para el d\u00eda del abuelo. super abuelo"}]},{"@type":"WebSite","@id":"https:\/\/impresionycopiado.com.uy\/compras\/#website","url":"https:\/\/impresionycopiado.com.uy\/compras\/","name":"Impresi\u00f3n y Copiado","description":"Productos personalizados en Uruguay","publisher":{"@id":"https:\/\/impresionycopiado.com.uy\/compras\/#organization"},"potentialAction":[{"@type":"SearchAction","target":{"@type":"EntryPoint","urlTemplate":"https:\/\/impresionycopiado.com.uy\/compras\/?s={search_term_string}"},"query-input":{"@type":"PropertyValueSpecification","valueRequired":true,"valueName":"search_term_string"}}],"inLanguage":"es"},{"@type":"Organization","@id":"https:\/\/impresionycopiado.com.uy\/compras\/#organization","name":"Digital Marketing","url":"https:\/\/impresionycopiado.com.uy\/compras\/","logo":{"@type":"ImageObject","inLanguage":"es","@id":"https:\/\/impresionycopiado.com.uy\/compras\/#\/schema\/logo\/image\/","url":"https:\/\/impresionycopiado.com.uy\/compras\/wp-content\/uploads\/2017\/11\/logo-digital-marketing-dm-capascuadrado.png","contentUrl":"https:\/\/impresionycopiado.com.uy\/compras\/wp-content\/uploads\/2017\/11\/logo-digital-marketing-dm-capascuadrado.png","width":800,"height":800,"caption":"Digital Marketing"},"image":{"@id":"https:\/\/impresionycopiado.com.uy\/compras\/#\/schema\/logo\/image\/"},"sameAs":["https:\/\/www.facebook.com\/estampadouy\/","https:\/\/x.com\/estampadoUY","https:\/\/www.instagram.com\/impresionycopiado\/"]}]}},"jetpack_publicize_connections":[],"jetpack-related-posts":[{"id":285,"url":"https:\/\/impresionycopiado.com.uy\/compras\/producto\/remera-con-transfer\/","url_meta":{"origin":10781,"position":0},"title":"Remera de algod\u00f3n con Vinilo sublimable","author":"guia","date":"23 octubre, 2016","format":false,"excerpt":"Remera con Vinilo sublimable, estampa una foto tama\u00f1o 21 x 29 en tu remera de algod\u00f3n de color.","rel":"","context":"Con 1 comentario","block_context":{"text":"Con 1 comentario","link":"https:\/\/impresionycopiado.com.uy\/compras\/producto\/remera-con-transfer\/#comments"},"img":{"alt_text":"Personaliza tu remera","src":"https:\/\/i0.wp.com\/impresionycopiado.com.uy\/compras\/wp-content\/uploads\/Captura-de-pantalla-2024-04-16-102106.png?fit=1078%2C723&ssl=1&resize=350%2C200","width":350,"height":200,"srcset":"https:\/\/i0.wp.com\/impresionycopiado.com.uy\/compras\/wp-content\/uploads\/Captura-de-pantalla-2024-04-16-102106.png?fit=1078%2C723&ssl=1&resize=350%2C200 1x, https:\/\/i0.wp.com\/impresionycopiado.com.uy\/compras\/wp-content\/uploads\/Captura-de-pantalla-2024-04-16-102106.png?fit=1078%2C723&ssl=1&resize=525%2C300 1.5x, https:\/\/i0.wp.com\/impresionycopiado.com.uy\/compras\/wp-content\/uploads\/Captura-de-pantalla-2024-04-16-102106.png?fit=1078%2C723&ssl=1&resize=700%2C400 2x, https:\/\/i0.wp.com\/impresionycopiado.com.uy\/compras\/wp-content\/uploads\/Captura-de-pantalla-2024-04-16-102106.png?fit=1078%2C723&ssl=1&resize=1050%2C600 3x"},"classes":[]},{"id":417,"url":"https:\/\/impresionycopiado.com.uy\/compras\/producto\/remera-con-frase\/","url_meta":{"origin":10781,"position":1},"title":"Remera con frase","author":"guia","date":"13 febrero, 2018","format":false,"excerpt":"Lo siento Este Chico ya est\u00e1 pillado por una chica\u00a0super inteligente & sexy de Enero y s\u00ed, ella me regalo esta camiseta \u00a0","rel":"","context":"Entrada similar","block_context":{"text":"Entrada similar","link":""},"img":{"alt_text":"Remera con texto personalizada","src":"https:\/\/i0.wp.com\/impresionycopiado.com.uy\/compras\/wp-content\/uploads\/2018\/02\/pillado-scaled.jpg?fit=900%2C1200&ssl=1&resize=350%2C200","width":350,"height":200,"srcset":"https:\/\/i0.wp.com\/impresionycopiado.com.uy\/compras\/wp-content\/uploads\/2018\/02\/pillado-scaled.jpg?fit=900%2C1200&ssl=1&resize=350%2C200 1x, https:\/\/i0.wp.com\/impresionycopiado.com.uy\/compras\/wp-content\/uploads\/2018\/02\/pillado-scaled.jpg?fit=900%2C1200&ssl=1&resize=525%2C300 1.5x, https:\/\/i0.wp.com\/impresionycopiado.com.uy\/compras\/wp-content\/uploads\/2018\/02\/pillado-scaled.jpg?fit=900%2C1200&ssl=1&resize=700%2C400 2x"},"classes":[]},{"id":11190,"url":"https:\/\/impresionycopiado.com.uy\/compras\/producto\/remera-personalizada-de-padel-o-deporte\/","url_meta":{"origin":10781,"position":2},"title":"Remera personalizada de Padel o deporte","author":"guia","date":"5 julio, 2022","format":false,"excerpt":"Remera de algod\u00f3n estampada en vinilo textil varios colores","rel":"","context":"Entrada similar","block_context":{"text":"Entrada similar","link":""},"img":{"alt_text":"","src":"https:\/\/i0.wp.com\/impresionycopiado.com.uy\/compras\/wp-content\/uploads\/padel.png?fit=800%2C1200&ssl=1&resize=350%2C200","width":350,"height":200,"srcset":"https:\/\/i0.wp.com\/impresionycopiado.com.uy\/compras\/wp-content\/uploads\/padel.png?fit=800%2C1200&ssl=1&resize=350%2C200 1x, https:\/\/i0.wp.com\/impresionycopiado.com.uy\/compras\/wp-content\/uploads\/padel.png?fit=800%2C1200&ssl=1&resize=525%2C300 1.5x, https:\/\/i0.wp.com\/impresionycopiado.com.uy\/compras\/wp-content\/uploads\/padel.png?fit=800%2C1200&ssl=1&resize=700%2C400 2x"},"classes":[]},{"id":10479,"url":"https:\/\/impresionycopiado.com.uy\/compras\/producto\/remera-personalizad-de-warzone-call-of-duty-para-ninos-o-adultos\/","url_meta":{"origin":10781,"position":3},"title":"Remera personalizad de warzone call of duty para ni\u00f1os o adultos","author":"guia","date":"10 abril, 2020","format":false,"excerpt":"Todos los talles colores y el juego que desees","rel":"","context":"Entrada similar","block_context":{"text":"Entrada similar","link":""},"img":{"alt_text":"Remera personalizada warzone call of duty","src":"https:\/\/i0.wp.com\/impresionycopiado.com.uy\/compras\/wp-content\/uploads\/warzone-logo-ni%C3%B1o2.png?fit=800%2C1200&ssl=1&resize=350%2C200","width":350,"height":200,"srcset":"https:\/\/i0.wp.com\/impresionycopiado.com.uy\/compras\/wp-content\/uploads\/warzone-logo-ni%C3%B1o2.png?fit=800%2C1200&ssl=1&resize=350%2C200 1x, https:\/\/i0.wp.com\/impresionycopiado.com.uy\/compras\/wp-content\/uploads\/warzone-logo-ni%C3%B1o2.png?fit=800%2C1200&ssl=1&resize=525%2C300 1.5x, https:\/\/i0.wp.com\/impresionycopiado.com.uy\/compras\/wp-content\/uploads\/warzone-logo-ni%C3%B1o2.png?fit=800%2C1200&ssl=1&resize=700%2C400 2x"},"classes":[]},{"id":10540,"url":"https:\/\/impresionycopiado.com.uy\/compras\/producto\/remeras-ctrlc-ctrl-v-para-el-dia-del-padre\/","url_meta":{"origin":10781,"position":4},"title":"Remeras Ctrl+C Ctrl + V para el d\u00eda del padre","author":"guia","date":"22 junio, 2020","format":false,"excerpt":"Promoci\u00f3n las 2 remeras!! El color de remera que desees incluye la remera del padre y ni\u00f1o o ni\u00f1a. \u00a0","rel":"","context":"Entrada similar","block_context":{"text":"Entrada similar","link":""},"img":{"alt_text":"dia del padre ctrl c ctrl v","src":"https:\/\/i0.wp.com\/impresionycopiado.com.uy\/compras\/wp-content\/uploads\/dia-del-padre-ctrl-c-ctrl-v.png?fit=1200%2C800&ssl=1&resize=350%2C200","width":350,"height":200,"srcset":"https:\/\/i0.wp.com\/impresionycopiado.com.uy\/compras\/wp-content\/uploads\/dia-del-padre-ctrl-c-ctrl-v.png?fit=1200%2C800&ssl=1&resize=350%2C200 1x, https:\/\/i0.wp.com\/impresionycopiado.com.uy\/compras\/wp-content\/uploads\/dia-del-padre-ctrl-c-ctrl-v.png?fit=1200%2C800&ssl=1&resize=525%2C300 1.5x, https:\/\/i0.wp.com\/impresionycopiado.com.uy\/compras\/wp-content\/uploads\/dia-del-padre-ctrl-c-ctrl-v.png?fit=1200%2C800&ssl=1&resize=700%2C400 2x, https:\/\/i0.wp.com\/impresionycopiado.com.uy\/compras\/wp-content\/uploads\/dia-del-padre-ctrl-c-ctrl-v.png?fit=1200%2C800&ssl=1&resize=1050%2C600 3x"},"classes":[]},{"id":10542,"url":"https:\/\/impresionycopiado.com.uy\/compras\/producto\/remeras-para-el-dia-del-padre-soy-tu-padre-soy-tu-hijo\/","url_meta":{"origin":10781,"position":5},"title":"Remeras para el d\u00eda del padre soy tu padre soy tu hijo","author":"guia","date":"23 junio, 2020","format":false,"excerpt":"Promoci\u00f3n las 2 remeras!! El color de remera que desees incluye la remera del padre y ni\u00f1o o ni\u00f1a. \u00a0","rel":"","context":"Entrada similar","block_context":{"text":"Entrada similar","link":""},"img":{"alt_text":"soy tu hijo soy tu padre star wars","src":"https:\/\/i0.wp.com\/impresionycopiado.com.uy\/compras\/wp-content\/uploads\/soy-tu-hijo-soy-tu-padre-star-wars.png?fit=1200%2C800&ssl=1&resize=350%2C200","width":350,"height":200,"srcset":"https:\/\/i0.wp.com\/impresionycopiado.com.uy\/compras\/wp-content\/uploads\/soy-tu-hijo-soy-tu-padre-star-wars.png?fit=1200%2C800&ssl=1&resize=350%2C200 1x, https:\/\/i0.wp.com\/impresionycopiado.com.uy\/compras\/wp-content\/uploads\/soy-tu-hijo-soy-tu-padre-star-wars.png?fit=1200%2C800&ssl=1&resize=525%2C300 1.5x, https:\/\/i0.wp.com\/impresionycopiado.com.uy\/compras\/wp-content\/uploads\/soy-tu-hijo-soy-tu-padre-star-wars.png?fit=1200%2C800&ssl=1&resize=700%2C400 2x, https:\/\/i0.wp.com\/impresionycopiado.com.uy\/compras\/wp-content\/uploads\/soy-tu-hijo-soy-tu-padre-star-wars.png?fit=1200%2C800&ssl=1&resize=1050%2C600 3x"},"classes":[]}],"jetpack_sharing_enabled":true,"_links":{"self":[{"href":"https:\/\/impresionycopiado.com.uy\/compras\/wp-json\/wp\/v2\/product\/10781","targetHints":{"allow":["GET"]}}],"collection":[{"href":"https:\/\/impresionycopiado.com.uy\/compras\/wp-json\/wp\/v2\/product"}],"about":[{"href":"https:\/\/impresionycopiado.com.uy\/compras\/wp-json\/wp\/v2\/types\/product"}],"wp:featuredmedia":[{"embeddable":true,"href":"https:\/\/impresionycopiado.com.uy\/compras\/wp-json\/wp\/v2\/media\/10782"}],"wp:attachment":[{"href":"https:\/\/impresionycopiado.com.uy\/compras\/wp-json\/wp\/v2\/media?parent=10781"}],"wp:term":[{"taxonomy":"product_brand","embeddable":true,"href":"https:\/\/impresionycopiado.com.uy\/compras\/wp-json\/wp\/v2\/product_brand?post=10781"},{"taxonomy":"product_cat","embeddable":true,"href":"https:\/\/impresionycopiado.com.uy\/compras\/wp-json\/wp\/v2\/product_cat?post=10781"},{"taxonomy":"product_tag","embeddable":true,"href":"https:\/\/impresionycopiado.com.uy\/compras\/wp-json\/wp\/v2\/product_tag?post=10781"}],"curies":[{"name":"wp","href":"https:\/\/api.w.org\/{rel}","templated":true}]}}