{"id":11164,"date":"2022-05-30T12:57:39","date_gmt":"2022-05-30T15:57:39","guid":{"rendered":"https:\/\/impresionycopiado.com.uy\/compras\/?post_type=product&#038;p=11164"},"modified":"2023-01-17T13:35:39","modified_gmt":"2023-01-17T16:35:39","slug":"etiquetas-autoadhesivas","status":"publish","type":"product","link":"https:\/\/impresionycopiado.com.uy\/compras\/producto\/etiquetas-autoadhesivas\/","title":{"rendered":"Etiquetas autoadhesivas impermeables"},"content":{"rendered":"<p>Planchas en tama\u00f1o A4 varias medidas de etiquetas<\/p>\n<p>Resistente al agua<\/p>\n","protected":false},"excerpt":{"rendered":"<p>Planchas en tama\u00f1o A4 varias medidas de etiquetas Resistente al agua<\/p>\n","protected":false},"featured_media":11165,"template":"","meta":{"_joinchat":[],"jetpack_publicize_message":"","jetpack_publicize_feature_enabled":true,"jetpack_social_post_already_shared":true,"jetpack_social_options":{"image_generator_settings":{"template":"highway","default_image_id":0,"font":"","enabled":false},"version":2}},"product_brand":[],"product_cat":[211],"product_tag":[212,213],"class_list":{"0":"post-11164","1":"product","2":"type-product","3":"status-publish","4":"has-post-thumbnail","6":"product_cat-etiquetas","7":"product_tag-autoadhesivos","8":"product_tag-etiquetas","9":"sales-flash-overlay","10":"woocommerce-text-align-center","11":"woocommerce-image-align-center","12":"do-quantity-buttons","14":"first","15":"instock","16":"taxable","17":"shipping-taxable","18":"purchasable","19":"product-type-simple"},"yoast_head":"<!-- This site is optimized with the Yoast SEO plugin v27.3 - https:\/\/yoast.com\/product\/yoast-seo-wordpress\/ -->\n<title>Etiquetas autoadhesivas impermeables - Impresi\u00f3n y Copiado<\/title>\n<meta name=\"description\" content=\"Etiquetas autoadhesivas, Pegotines Troquelados con el tama\u00f1o y forma que desees. Planchas tama\u00f1o A4, env\u00edos a todo el pa\u00eds\" \/>\n<meta name=\"robots\" content=\"noindex, follow, max-snippet:-1, max-image-preview:large, max-video-preview:-1\" \/>\n<meta property=\"og:locale\" content=\"es_ES\" \/>\n<meta property=\"og:type\" content=\"article\" \/>\n<meta property=\"og:title\" content=\"Etiquetas autoadhesivas impermeables - Impresi\u00f3n y Copiado\" \/>\n<meta property=\"og:description\" content=\"Etiquetas autoadhesivas, Pegotines Troquelados con el tama\u00f1o y forma que desees. Planchas tama\u00f1o A4, env\u00edos a todo el pa\u00eds\" \/>\n<meta property=\"og:url\" content=\"https:\/\/impresionycopiado.com.uy\/compras\/producto\/etiquetas-autoadhesivas\/\" \/>\n<meta property=\"og:site_name\" content=\"Impresi\u00f3n y Copiado\" \/>\n<meta property=\"article:publisher\" content=\"https:\/\/www.facebook.com\/estampadouy\/\" \/>\n<meta property=\"article:modified_time\" content=\"2023-01-17T16:35:39+00:00\" \/>\n<meta property=\"og:image\" content=\"https:\/\/impresionycopiado.com.uy\/compras\/wp-content\/uploads\/20220302_125155-scaled.jpg\" \/>\n\t<meta property=\"og:image:width\" content=\"2560\" \/>\n\t<meta property=\"og:image:height\" content=\"1920\" \/>\n\t<meta property=\"og:image:type\" content=\"image\/jpeg\" \/>\n<meta name=\"twitter:card\" content=\"summary_large_image\" \/>\n<meta name=\"twitter:site\" content=\"@estampadoUY\" \/>\n<meta name=\"twitter:label1\" content=\"Tiempo de lectura\" \/>\n\t<meta name=\"twitter:data1\" content=\"1 minuto\" \/>\n<script type=\"application\/ld+json\" class=\"yoast-schema-graph\">{\"@context\":\"https:\\\/\\\/schema.org\",\"@graph\":[{\"@type\":\"WebPage\",\"@id\":\"https:\\\/\\\/impresionycopiado.com.uy\\\/compras\\\/producto\\\/etiquetas-autoadhesivas\\\/\",\"url\":\"https:\\\/\\\/impresionycopiado.com.uy\\\/compras\\\/producto\\\/etiquetas-autoadhesivas\\\/\",\"name\":\"Etiquetas autoadhesivas impermeables - Impresi\u00f3n y Copiado\",\"isPartOf\":{\"@id\":\"https:\\\/\\\/impresionycopiado.com.uy\\\/compras\\\/#website\"},\"primaryImageOfPage\":{\"@id\":\"https:\\\/\\\/impresionycopiado.com.uy\\\/compras\\\/producto\\\/etiquetas-autoadhesivas\\\/#primaryimage\"},\"image\":{\"@id\":\"https:\\\/\\\/impresionycopiado.com.uy\\\/compras\\\/producto\\\/etiquetas-autoadhesivas\\\/#primaryimage\"},\"thumbnailUrl\":\"https:\\\/\\\/i0.wp.com\\\/impresionycopiado.com.uy\\\/compras\\\/wp-content\\\/uploads\\\/20220302_125155-scaled.jpg?fit=2560%2C1920&ssl=1\",\"datePublished\":\"2022-05-30T15:57:39+00:00\",\"dateModified\":\"2023-01-17T16:35:39+00:00\",\"description\":\"Etiquetas autoadhesivas, Pegotines Troquelados con el tama\u00f1o y forma que desees. Planchas tama\u00f1o A4, env\u00edos a todo el pa\u00eds\",\"breadcrumb\":{\"@id\":\"https:\\\/\\\/impresionycopiado.com.uy\\\/compras\\\/producto\\\/etiquetas-autoadhesivas\\\/#breadcrumb\"},\"inLanguage\":\"es\",\"potentialAction\":[{\"@type\":\"ReadAction\",\"target\":[\"https:\\\/\\\/impresionycopiado.com.uy\\\/compras\\\/producto\\\/etiquetas-autoadhesivas\\\/\"]}]},{\"@type\":\"ImageObject\",\"inLanguage\":\"es\",\"@id\":\"https:\\\/\\\/impresionycopiado.com.uy\\\/compras\\\/producto\\\/etiquetas-autoadhesivas\\\/#primaryimage\",\"url\":\"https:\\\/\\\/i0.wp.com\\\/impresionycopiado.com.uy\\\/compras\\\/wp-content\\\/uploads\\\/20220302_125155-scaled.jpg?fit=2560%2C1920&ssl=1\",\"contentUrl\":\"https:\\\/\\\/i0.wp.com\\\/impresionycopiado.com.uy\\\/compras\\\/wp-content\\\/uploads\\\/20220302_125155-scaled.jpg?fit=2560%2C1920&ssl=1\",\"width\":2560,\"height\":1920,\"caption\":\"Etiquetas autoadhesivas\"},{\"@type\":\"BreadcrumbList\",\"@id\":\"https:\\\/\\\/impresionycopiado.com.uy\\\/compras\\\/producto\\\/etiquetas-autoadhesivas\\\/#breadcrumb\",\"itemListElement\":[{\"@type\":\"ListItem\",\"position\":1,\"name\":\"Portada\",\"item\":\"https:\\\/\\\/impresionycopiado.com.uy\\\/compras\\\/\"},{\"@type\":\"ListItem\",\"position\":2,\"name\":\"Bienvenido\",\"item\":\"https:\\\/\\\/impresionycopiado.com.uy\\\/compras\\\/\"},{\"@type\":\"ListItem\",\"position\":3,\"name\":\"Etiquetas autoadhesivas impermeables\"}]},{\"@type\":\"WebSite\",\"@id\":\"https:\\\/\\\/impresionycopiado.com.uy\\\/compras\\\/#website\",\"url\":\"https:\\\/\\\/impresionycopiado.com.uy\\\/compras\\\/\",\"name\":\"Impresi\u00f3n y Copiado\",\"description\":\"Productos personalizados en Uruguay\",\"publisher\":{\"@id\":\"https:\\\/\\\/impresionycopiado.com.uy\\\/compras\\\/#organization\"},\"potentialAction\":[{\"@type\":\"SearchAction\",\"target\":{\"@type\":\"EntryPoint\",\"urlTemplate\":\"https:\\\/\\\/impresionycopiado.com.uy\\\/compras\\\/?s={search_term_string}\"},\"query-input\":{\"@type\":\"PropertyValueSpecification\",\"valueRequired\":true,\"valueName\":\"search_term_string\"}}],\"inLanguage\":\"es\"},{\"@type\":\"Organization\",\"@id\":\"https:\\\/\\\/impresionycopiado.com.uy\\\/compras\\\/#organization\",\"name\":\"Digital Marketing\",\"url\":\"https:\\\/\\\/impresionycopiado.com.uy\\\/compras\\\/\",\"logo\":{\"@type\":\"ImageObject\",\"inLanguage\":\"es\",\"@id\":\"https:\\\/\\\/impresionycopiado.com.uy\\\/compras\\\/#\\\/schema\\\/logo\\\/image\\\/\",\"url\":\"https:\\\/\\\/impresionycopiado.com.uy\\\/compras\\\/wp-content\\\/uploads\\\/2017\\\/11\\\/logo-digital-marketing-dm-capascuadrado.png\",\"contentUrl\":\"https:\\\/\\\/impresionycopiado.com.uy\\\/compras\\\/wp-content\\\/uploads\\\/2017\\\/11\\\/logo-digital-marketing-dm-capascuadrado.png\",\"width\":800,\"height\":800,\"caption\":\"Digital Marketing\"},\"image\":{\"@id\":\"https:\\\/\\\/impresionycopiado.com.uy\\\/compras\\\/#\\\/schema\\\/logo\\\/image\\\/\"},\"sameAs\":[\"https:\\\/\\\/www.facebook.com\\\/estampadouy\\\/\",\"https:\\\/\\\/x.com\\\/estampadoUY\",\"https:\\\/\\\/www.instagram.com\\\/impresionycopiado\\\/\"]}]}<\/script>\n<!-- \/ Yoast SEO plugin. -->","yoast_head_json":{"title":"Etiquetas autoadhesivas impermeables - Impresi\u00f3n y Copiado","description":"Etiquetas autoadhesivas, Pegotines Troquelados con el tama\u00f1o y forma que desees. Planchas tama\u00f1o A4, env\u00edos a todo el pa\u00eds","robots":{"index":"noindex","follow":"follow","max-snippet":"max-snippet:-1","max-image-preview":"max-image-preview:large","max-video-preview":"max-video-preview:-1"},"og_locale":"es_ES","og_type":"article","og_title":"Etiquetas autoadhesivas impermeables - Impresi\u00f3n y Copiado","og_description":"Etiquetas autoadhesivas, Pegotines Troquelados con el tama\u00f1o y forma que desees. Planchas tama\u00f1o A4, env\u00edos a todo el pa\u00eds","og_url":"https:\/\/impresionycopiado.com.uy\/compras\/producto\/etiquetas-autoadhesivas\/","og_site_name":"Impresi\u00f3n y Copiado","article_publisher":"https:\/\/www.facebook.com\/estampadouy\/","article_modified_time":"2023-01-17T16:35:39+00:00","og_image":[{"width":2560,"height":1920,"url":"https:\/\/impresionycopiado.com.uy\/compras\/wp-content\/uploads\/20220302_125155-scaled.jpg","type":"image\/jpeg"}],"twitter_card":"summary_large_image","twitter_site":"@estampadoUY","twitter_misc":{"Tiempo de lectura":"1 minuto"},"schema":{"@context":"https:\/\/schema.org","@graph":[{"@type":"WebPage","@id":"https:\/\/impresionycopiado.com.uy\/compras\/producto\/etiquetas-autoadhesivas\/","url":"https:\/\/impresionycopiado.com.uy\/compras\/producto\/etiquetas-autoadhesivas\/","name":"Etiquetas autoadhesivas impermeables - Impresi\u00f3n y Copiado","isPartOf":{"@id":"https:\/\/impresionycopiado.com.uy\/compras\/#website"},"primaryImageOfPage":{"@id":"https:\/\/impresionycopiado.com.uy\/compras\/producto\/etiquetas-autoadhesivas\/#primaryimage"},"image":{"@id":"https:\/\/impresionycopiado.com.uy\/compras\/producto\/etiquetas-autoadhesivas\/#primaryimage"},"thumbnailUrl":"https:\/\/i0.wp.com\/impresionycopiado.com.uy\/compras\/wp-content\/uploads\/20220302_125155-scaled.jpg?fit=2560%2C1920&ssl=1","datePublished":"2022-05-30T15:57:39+00:00","dateModified":"2023-01-17T16:35:39+00:00","description":"Etiquetas autoadhesivas, Pegotines Troquelados con el tama\u00f1o y forma que desees. Planchas tama\u00f1o A4, env\u00edos a todo el pa\u00eds","breadcrumb":{"@id":"https:\/\/impresionycopiado.com.uy\/compras\/producto\/etiquetas-autoadhesivas\/#breadcrumb"},"inLanguage":"es","potentialAction":[{"@type":"ReadAction","target":["https:\/\/impresionycopiado.com.uy\/compras\/producto\/etiquetas-autoadhesivas\/"]}]},{"@type":"ImageObject","inLanguage":"es","@id":"https:\/\/impresionycopiado.com.uy\/compras\/producto\/etiquetas-autoadhesivas\/#primaryimage","url":"https:\/\/i0.wp.com\/impresionycopiado.com.uy\/compras\/wp-content\/uploads\/20220302_125155-scaled.jpg?fit=2560%2C1920&ssl=1","contentUrl":"https:\/\/i0.wp.com\/impresionycopiado.com.uy\/compras\/wp-content\/uploads\/20220302_125155-scaled.jpg?fit=2560%2C1920&ssl=1","width":2560,"height":1920,"caption":"Etiquetas autoadhesivas"},{"@type":"BreadcrumbList","@id":"https:\/\/impresionycopiado.com.uy\/compras\/producto\/etiquetas-autoadhesivas\/#breadcrumb","itemListElement":[{"@type":"ListItem","position":1,"name":"Portada","item":"https:\/\/impresionycopiado.com.uy\/compras\/"},{"@type":"ListItem","position":2,"name":"Bienvenido","item":"https:\/\/impresionycopiado.com.uy\/compras\/"},{"@type":"ListItem","position":3,"name":"Etiquetas autoadhesivas impermeables"}]},{"@type":"WebSite","@id":"https:\/\/impresionycopiado.com.uy\/compras\/#website","url":"https:\/\/impresionycopiado.com.uy\/compras\/","name":"Impresi\u00f3n y Copiado","description":"Productos personalizados en Uruguay","publisher":{"@id":"https:\/\/impresionycopiado.com.uy\/compras\/#organization"},"potentialAction":[{"@type":"SearchAction","target":{"@type":"EntryPoint","urlTemplate":"https:\/\/impresionycopiado.com.uy\/compras\/?s={search_term_string}"},"query-input":{"@type":"PropertyValueSpecification","valueRequired":true,"valueName":"search_term_string"}}],"inLanguage":"es"},{"@type":"Organization","@id":"https:\/\/impresionycopiado.com.uy\/compras\/#organization","name":"Digital Marketing","url":"https:\/\/impresionycopiado.com.uy\/compras\/","logo":{"@type":"ImageObject","inLanguage":"es","@id":"https:\/\/impresionycopiado.com.uy\/compras\/#\/schema\/logo\/image\/","url":"https:\/\/impresionycopiado.com.uy\/compras\/wp-content\/uploads\/2017\/11\/logo-digital-marketing-dm-capascuadrado.png","contentUrl":"https:\/\/impresionycopiado.com.uy\/compras\/wp-content\/uploads\/2017\/11\/logo-digital-marketing-dm-capascuadrado.png","width":800,"height":800,"caption":"Digital Marketing"},"image":{"@id":"https:\/\/impresionycopiado.com.uy\/compras\/#\/schema\/logo\/image\/"},"sameAs":["https:\/\/www.facebook.com\/estampadouy\/","https:\/\/x.com\/estampadoUY","https:\/\/www.instagram.com\/impresionycopiado\/"]}]}},"jetpack_publicize_connections":[],"jetpack-related-posts":[{"id":11223,"url":"https:\/\/impresionycopiado.com.uy\/compras\/producto\/10-etiquetas-termoadhesivas\/","url_meta":{"origin":11164,"position":0},"title":"10 etiquetas termoadhesivas","author":"guia","date":"2 octubre, 2022","format":false,"excerpt":"Etiquetas para ropa autoadhesivas con plancha. Medidas: 4x1 cm.","rel":"","context":"Entrada similar","block_context":{"text":"Entrada similar","link":""},"img":{"alt_text":"","src":"https:\/\/i0.wp.com\/impresionycopiado.com.uy\/compras\/wp-content\/uploads\/etiquetas-sublimadas-disenalo-tu.jpg?fit=1000%2C1000&ssl=1&resize=350%2C200","width":350,"height":200,"srcset":"https:\/\/i0.wp.com\/impresionycopiado.com.uy\/compras\/wp-content\/uploads\/etiquetas-sublimadas-disenalo-tu.jpg?fit=1000%2C1000&ssl=1&resize=350%2C200 1x, https:\/\/i0.wp.com\/impresionycopiado.com.uy\/compras\/wp-content\/uploads\/etiquetas-sublimadas-disenalo-tu.jpg?fit=1000%2C1000&ssl=1&resize=525%2C300 1.5x, https:\/\/i0.wp.com\/impresionycopiado.com.uy\/compras\/wp-content\/uploads\/etiquetas-sublimadas-disenalo-tu.jpg?fit=1000%2C1000&ssl=1&resize=700%2C400 2x"},"classes":[]},{"id":11180,"url":"https:\/\/impresionycopiado.com.uy\/compras\/producto\/etiquetas-para-ropa-personalizadas\/","url_meta":{"origin":11164,"position":1},"title":"10 Etiquetas para ropa personalizadas","author":"guia","date":"20 junio, 2022","format":false,"excerpt":"Etiquetas con el dise\u00f1o que desee. 1 cm x 4 cm Consulte por otras medidas","rel":"","context":"Entrada similar","block_context":{"text":"Entrada similar","link":""},"img":{"alt_text":"","src":"https:\/\/i0.wp.com\/impresionycopiado.com.uy\/compras\/wp-content\/uploads\/etiquetas-sublimadas.jpg?fit=1200%2C1200&ssl=1&resize=350%2C200","width":350,"height":200,"srcset":"https:\/\/i0.wp.com\/impresionycopiado.com.uy\/compras\/wp-content\/uploads\/etiquetas-sublimadas.jpg?fit=1200%2C1200&ssl=1&resize=350%2C200 1x, https:\/\/i0.wp.com\/impresionycopiado.com.uy\/compras\/wp-content\/uploads\/etiquetas-sublimadas.jpg?fit=1200%2C1200&ssl=1&resize=525%2C300 1.5x, https:\/\/i0.wp.com\/impresionycopiado.com.uy\/compras\/wp-content\/uploads\/etiquetas-sublimadas.jpg?fit=1200%2C1200&ssl=1&resize=700%2C400 2x, https:\/\/i0.wp.com\/impresionycopiado.com.uy\/compras\/wp-content\/uploads\/etiquetas-sublimadas.jpg?fit=1200%2C1200&ssl=1&resize=1050%2C600 3x"},"classes":[]},{"id":11322,"url":"https:\/\/impresionycopiado.com.uy\/compras\/producto\/25-etiquetas-para-ropa-personalizadas\/","url_meta":{"origin":11164,"position":2},"title":"25 Etiquetas para ropa personalizadas","author":"guia","date":"24 mayo, 2023","format":false,"excerpt":"Etiquetas con el dise\u00f1o que desee. 1 cm x 4 cm Consulte por otras medidas","rel":"","context":"Entrada similar","block_context":{"text":"Entrada similar","link":""},"img":{"alt_text":"","src":"https:\/\/i0.wp.com\/impresionycopiado.com.uy\/compras\/wp-content\/uploads\/etiquetas-sublimadas.jpg?fit=1200%2C1200&ssl=1&resize=350%2C200","width":350,"height":200,"srcset":"https:\/\/i0.wp.com\/impresionycopiado.com.uy\/compras\/wp-content\/uploads\/etiquetas-sublimadas.jpg?fit=1200%2C1200&ssl=1&resize=350%2C200 1x, https:\/\/i0.wp.com\/impresionycopiado.com.uy\/compras\/wp-content\/uploads\/etiquetas-sublimadas.jpg?fit=1200%2C1200&ssl=1&resize=525%2C300 1.5x, https:\/\/i0.wp.com\/impresionycopiado.com.uy\/compras\/wp-content\/uploads\/etiquetas-sublimadas.jpg?fit=1200%2C1200&ssl=1&resize=700%2C400 2x, https:\/\/i0.wp.com\/impresionycopiado.com.uy\/compras\/wp-content\/uploads\/etiquetas-sublimadas.jpg?fit=1200%2C1200&ssl=1&resize=1050%2C600 3x"},"classes":[]},{"id":11324,"url":"https:\/\/impresionycopiado.com.uy\/compras\/producto\/50-etiquetas-para-ropa-personalizadas\/","url_meta":{"origin":11164,"position":3},"title":"100 Etiquetas para ropa personalizadas","author":"guia","date":"24 mayo, 2023","format":false,"excerpt":"Etiquetas con el dise\u00f1o que desee. 1 cm x 4 cm Consulte por otras medidas","rel":"","context":"Entrada similar","block_context":{"text":"Entrada similar","link":""},"img":{"alt_text":"","src":"https:\/\/i0.wp.com\/impresionycopiado.com.uy\/compras\/wp-content\/uploads\/etiquetas-sublimadas.jpg?fit=1200%2C1200&ssl=1&resize=350%2C200","width":350,"height":200,"srcset":"https:\/\/i0.wp.com\/impresionycopiado.com.uy\/compras\/wp-content\/uploads\/etiquetas-sublimadas.jpg?fit=1200%2C1200&ssl=1&resize=350%2C200 1x, https:\/\/i0.wp.com\/impresionycopiado.com.uy\/compras\/wp-content\/uploads\/etiquetas-sublimadas.jpg?fit=1200%2C1200&ssl=1&resize=525%2C300 1.5x, https:\/\/i0.wp.com\/impresionycopiado.com.uy\/compras\/wp-content\/uploads\/etiquetas-sublimadas.jpg?fit=1200%2C1200&ssl=1&resize=700%2C400 2x, https:\/\/i0.wp.com\/impresionycopiado.com.uy\/compras\/wp-content\/uploads\/etiquetas-sublimadas.jpg?fit=1200%2C1200&ssl=1&resize=1050%2C600 3x"},"classes":[]},{"id":11323,"url":"https:\/\/impresionycopiado.com.uy\/compras\/producto\/50-etiquetas-para-ropa-personalizadas-copia\/","url_meta":{"origin":11164,"position":4},"title":"50 Etiquetas para ropa personalizadas","author":"guia","date":"24 mayo, 2023","format":false,"excerpt":"Etiquetas con el dise\u00f1o que desee. 1 cm x 4 cm Consulte por otras medidas","rel":"","context":"Entrada similar","block_context":{"text":"Entrada similar","link":""},"img":{"alt_text":"","src":"https:\/\/i0.wp.com\/impresionycopiado.com.uy\/compras\/wp-content\/uploads\/etiquetas-sublimadas.jpg?fit=1200%2C1200&ssl=1&resize=350%2C200","width":350,"height":200,"srcset":"https:\/\/i0.wp.com\/impresionycopiado.com.uy\/compras\/wp-content\/uploads\/etiquetas-sublimadas.jpg?fit=1200%2C1200&ssl=1&resize=350%2C200 1x, https:\/\/i0.wp.com\/impresionycopiado.com.uy\/compras\/wp-content\/uploads\/etiquetas-sublimadas.jpg?fit=1200%2C1200&ssl=1&resize=525%2C300 1.5x, https:\/\/i0.wp.com\/impresionycopiado.com.uy\/compras\/wp-content\/uploads\/etiquetas-sublimadas.jpg?fit=1200%2C1200&ssl=1&resize=700%2C400 2x, https:\/\/i0.wp.com\/impresionycopiado.com.uy\/compras\/wp-content\/uploads\/etiquetas-sublimadas.jpg?fit=1200%2C1200&ssl=1&resize=1050%2C600 3x"},"classes":[]},{"id":11682,"url":"https:\/\/impresionycopiado.com.uy\/compras\/producto\/15-etiquetas-con-nombre-fondo-transparente\/","url_meta":{"origin":11164,"position":5},"title":"15 Etiquetas con nombre fondo transparente","author":"guia","date":"12 febrero, 2026","format":false,"excerpt":"Etiqueta con nombre fondo transparente 6 x 1,5 cm","rel":"","context":"Entrada similar","block_context":{"text":"Entrada similar","link":""},"img":{"alt_text":"Etiqueta con nombre fondo transparente","src":"https:\/\/i0.wp.com\/impresionycopiado.com.uy\/compras\/wp-content\/uploads\/20260210_132102-scaled.jpg?fit=676%2C1200&ssl=1&resize=350%2C200","width":350,"height":200,"srcset":"https:\/\/i0.wp.com\/impresionycopiado.com.uy\/compras\/wp-content\/uploads\/20260210_132102-scaled.jpg?fit=676%2C1200&ssl=1&resize=350%2C200 1x, https:\/\/i0.wp.com\/impresionycopiado.com.uy\/compras\/wp-content\/uploads\/20260210_132102-scaled.jpg?fit=676%2C1200&ssl=1&resize=525%2C300 1.5x"},"classes":[]}],"jetpack_sharing_enabled":true,"_links":{"self":[{"href":"https:\/\/impresionycopiado.com.uy\/compras\/wp-json\/wp\/v2\/product\/11164","targetHints":{"allow":["GET"]}}],"collection":[{"href":"https:\/\/impresionycopiado.com.uy\/compras\/wp-json\/wp\/v2\/product"}],"about":[{"href":"https:\/\/impresionycopiado.com.uy\/compras\/wp-json\/wp\/v2\/types\/product"}],"wp:featuredmedia":[{"embeddable":true,"href":"https:\/\/impresionycopiado.com.uy\/compras\/wp-json\/wp\/v2\/media\/11165"}],"wp:attachment":[{"href":"https:\/\/impresionycopiado.com.uy\/compras\/wp-json\/wp\/v2\/media?parent=11164"}],"wp:term":[{"taxonomy":"product_brand","embeddable":true,"href":"https:\/\/impresionycopiado.com.uy\/compras\/wp-json\/wp\/v2\/product_brand?post=11164"},{"taxonomy":"product_cat","embeddable":true,"href":"https:\/\/impresionycopiado.com.uy\/compras\/wp-json\/wp\/v2\/product_cat?post=11164"},{"taxonomy":"product_tag","embeddable":true,"href":"https:\/\/impresionycopiado.com.uy\/compras\/wp-json\/wp\/v2\/product_tag?post=11164"}],"curies":[{"name":"wp","href":"https:\/\/api.w.org\/{rel}","templated":true}]}}