{"id":11455,"date":"2024-07-01T11:36:48","date_gmt":"2024-07-01T14:36:48","guid":{"rendered":"https:\/\/impresionycopiado.com.uy\/compras\/?post_type=product&#038;p=11455"},"modified":"2024-07-01T11:37:44","modified_gmt":"2024-07-01T14:37:44","slug":"body-para-bebe-personalizado","status":"publish","type":"product","link":"https:\/\/impresionycopiado.com.uy\/compras\/producto\/body-para-bebe-personalizado\/","title":{"rendered":"Body para beb\u00e9 personalizado"},"content":{"rendered":"<p>Body para beb\u00e9 talle 00, 03 , 06 , 09 y 12<\/p>\n","protected":false},"excerpt":{"rendered":"<p>Body para beb\u00e9 talle 00, 03 , 06 , 09 y 12<\/p>\n","protected":false},"featured_media":11456,"template":"","meta":{"_joinchat":[],"jetpack_publicize_message":"","jetpack_publicize_feature_enabled":true,"jetpack_social_post_already_shared":true,"jetpack_social_options":{"image_generator_settings":{"template":"highway","default_image_id":0,"font":"","enabled":false},"version":2}},"product_brand":[],"product_cat":[221],"product_tag":[144,163,135,92],"class_list":{"0":"post-11455","1":"product","2":"type-product","3":"status-publish","4":"has-post-thumbnail","6":"product_cat-bebes","7":"product_tag-dia-de-la-madre","8":"product_tag-dia-del-padre","9":"product_tag-personalizado","10":"product_tag-vinilo","11":"sales-flash-overlay","12":"woocommerce-text-align-center","13":"woocommerce-image-align-center","14":"do-quantity-buttons","16":"first","17":"instock","18":"taxable","19":"shipping-taxable","20":"purchasable","21":"product-type-simple"},"yoast_head":"<!-- This site is optimized with the Yoast SEO plugin v27.3 - https:\/\/yoast.com\/product\/yoast-seo-wordpress\/ -->\n<title>Body para beb\u00e9 personalizado - Impresi\u00f3n y Copiado<\/title>\n<meta name=\"description\" content=\"Body para beb\u00e9 personalizado, env\u00edos a todo el Uruguay\" \/>\n<meta name=\"robots\" content=\"noindex, follow, max-snippet:-1, max-image-preview:large, max-video-preview:-1\" \/>\n<meta property=\"og:locale\" content=\"es_ES\" \/>\n<meta property=\"og:type\" content=\"article\" \/>\n<meta property=\"og:title\" content=\"Body para beb\u00e9 personalizado - Impresi\u00f3n y Copiado\" \/>\n<meta property=\"og:description\" content=\"Body para beb\u00e9 personalizado, env\u00edos a todo el Uruguay\" \/>\n<meta property=\"og:url\" content=\"https:\/\/impresionycopiado.com.uy\/compras\/producto\/body-para-bebe-personalizado\/\" \/>\n<meta property=\"og:site_name\" content=\"Impresi\u00f3n y Copiado\" \/>\n<meta property=\"article:publisher\" content=\"https:\/\/www.facebook.com\/estampadouy\/\" \/>\n<meta property=\"article:modified_time\" content=\"2024-07-01T14:37:44+00:00\" \/>\n<meta property=\"og:image\" content=\"https:\/\/impresionycopiado.com.uy\/compras\/wp-content\/uploads\/dia-del-padre-1.jpg\" \/>\n\t<meta property=\"og:image:width\" content=\"1000\" \/>\n\t<meta property=\"og:image:height\" content=\"1000\" \/>\n\t<meta property=\"og:image:type\" content=\"image\/jpeg\" \/>\n<meta name=\"twitter:card\" content=\"summary_large_image\" \/>\n<meta name=\"twitter:site\" content=\"@estampadoUY\" \/>\n<meta name=\"twitter:label1\" content=\"Tiempo de lectura\" \/>\n\t<meta name=\"twitter:data1\" content=\"1 minuto\" \/>\n<script type=\"application\/ld+json\" class=\"yoast-schema-graph\">{\"@context\":\"https:\\\/\\\/schema.org\",\"@graph\":[{\"@type\":\"WebPage\",\"@id\":\"https:\\\/\\\/impresionycopiado.com.uy\\\/compras\\\/producto\\\/body-para-bebe-personalizado\\\/\",\"url\":\"https:\\\/\\\/impresionycopiado.com.uy\\\/compras\\\/producto\\\/body-para-bebe-personalizado\\\/\",\"name\":\"Body para beb\u00e9 personalizado - Impresi\u00f3n y Copiado\",\"isPartOf\":{\"@id\":\"https:\\\/\\\/impresionycopiado.com.uy\\\/compras\\\/#website\"},\"primaryImageOfPage\":{\"@id\":\"https:\\\/\\\/impresionycopiado.com.uy\\\/compras\\\/producto\\\/body-para-bebe-personalizado\\\/#primaryimage\"},\"image\":{\"@id\":\"https:\\\/\\\/impresionycopiado.com.uy\\\/compras\\\/producto\\\/body-para-bebe-personalizado\\\/#primaryimage\"},\"thumbnailUrl\":\"https:\\\/\\\/i0.wp.com\\\/impresionycopiado.com.uy\\\/compras\\\/wp-content\\\/uploads\\\/dia-del-padre-1.jpg?fit=1000%2C1000&ssl=1\",\"datePublished\":\"2024-07-01T14:36:48+00:00\",\"dateModified\":\"2024-07-01T14:37:44+00:00\",\"description\":\"Body para beb\u00e9 personalizado, env\u00edos a todo el Uruguay\",\"breadcrumb\":{\"@id\":\"https:\\\/\\\/impresionycopiado.com.uy\\\/compras\\\/producto\\\/body-para-bebe-personalizado\\\/#breadcrumb\"},\"inLanguage\":\"es\",\"potentialAction\":[{\"@type\":\"ReadAction\",\"target\":[\"https:\\\/\\\/impresionycopiado.com.uy\\\/compras\\\/producto\\\/body-para-bebe-personalizado\\\/\"]}]},{\"@type\":\"ImageObject\",\"inLanguage\":\"es\",\"@id\":\"https:\\\/\\\/impresionycopiado.com.uy\\\/compras\\\/producto\\\/body-para-bebe-personalizado\\\/#primaryimage\",\"url\":\"https:\\\/\\\/i0.wp.com\\\/impresionycopiado.com.uy\\\/compras\\\/wp-content\\\/uploads\\\/dia-del-padre-1.jpg?fit=1000%2C1000&ssl=1\",\"contentUrl\":\"https:\\\/\\\/i0.wp.com\\\/impresionycopiado.com.uy\\\/compras\\\/wp-content\\\/uploads\\\/dia-del-padre-1.jpg?fit=1000%2C1000&ssl=1\",\"width\":1000,\"height\":1000,\"caption\":\"Body para beb\u00e9\"},{\"@type\":\"BreadcrumbList\",\"@id\":\"https:\\\/\\\/impresionycopiado.com.uy\\\/compras\\\/producto\\\/body-para-bebe-personalizado\\\/#breadcrumb\",\"itemListElement\":[{\"@type\":\"ListItem\",\"position\":1,\"name\":\"Portada\",\"item\":\"https:\\\/\\\/impresionycopiado.com.uy\\\/compras\\\/\"},{\"@type\":\"ListItem\",\"position\":2,\"name\":\"Bienvenido\",\"item\":\"https:\\\/\\\/impresionycopiado.com.uy\\\/compras\\\/\"},{\"@type\":\"ListItem\",\"position\":3,\"name\":\"Body para beb\u00e9 personalizado\"}]},{\"@type\":\"WebSite\",\"@id\":\"https:\\\/\\\/impresionycopiado.com.uy\\\/compras\\\/#website\",\"url\":\"https:\\\/\\\/impresionycopiado.com.uy\\\/compras\\\/\",\"name\":\"Impresi\u00f3n y Copiado\",\"description\":\"Productos personalizados en Uruguay\",\"publisher\":{\"@id\":\"https:\\\/\\\/impresionycopiado.com.uy\\\/compras\\\/#organization\"},\"potentialAction\":[{\"@type\":\"SearchAction\",\"target\":{\"@type\":\"EntryPoint\",\"urlTemplate\":\"https:\\\/\\\/impresionycopiado.com.uy\\\/compras\\\/?s={search_term_string}\"},\"query-input\":{\"@type\":\"PropertyValueSpecification\",\"valueRequired\":true,\"valueName\":\"search_term_string\"}}],\"inLanguage\":\"es\"},{\"@type\":\"Organization\",\"@id\":\"https:\\\/\\\/impresionycopiado.com.uy\\\/compras\\\/#organization\",\"name\":\"Digital Marketing\",\"url\":\"https:\\\/\\\/impresionycopiado.com.uy\\\/compras\\\/\",\"logo\":{\"@type\":\"ImageObject\",\"inLanguage\":\"es\",\"@id\":\"https:\\\/\\\/impresionycopiado.com.uy\\\/compras\\\/#\\\/schema\\\/logo\\\/image\\\/\",\"url\":\"https:\\\/\\\/impresionycopiado.com.uy\\\/compras\\\/wp-content\\\/uploads\\\/2017\\\/11\\\/logo-digital-marketing-dm-capascuadrado.png\",\"contentUrl\":\"https:\\\/\\\/impresionycopiado.com.uy\\\/compras\\\/wp-content\\\/uploads\\\/2017\\\/11\\\/logo-digital-marketing-dm-capascuadrado.png\",\"width\":800,\"height\":800,\"caption\":\"Digital Marketing\"},\"image\":{\"@id\":\"https:\\\/\\\/impresionycopiado.com.uy\\\/compras\\\/#\\\/schema\\\/logo\\\/image\\\/\"},\"sameAs\":[\"https:\\\/\\\/www.facebook.com\\\/estampadouy\\\/\",\"https:\\\/\\\/x.com\\\/estampadoUY\",\"https:\\\/\\\/www.instagram.com\\\/impresionycopiado\\\/\"]}]}<\/script>\n<!-- \/ Yoast SEO plugin. -->","yoast_head_json":{"title":"Body para beb\u00e9 personalizado - Impresi\u00f3n y Copiado","description":"Body para beb\u00e9 personalizado, env\u00edos a todo el Uruguay","robots":{"index":"noindex","follow":"follow","max-snippet":"max-snippet:-1","max-image-preview":"max-image-preview:large","max-video-preview":"max-video-preview:-1"},"og_locale":"es_ES","og_type":"article","og_title":"Body para beb\u00e9 personalizado - Impresi\u00f3n y Copiado","og_description":"Body para beb\u00e9 personalizado, env\u00edos a todo el Uruguay","og_url":"https:\/\/impresionycopiado.com.uy\/compras\/producto\/body-para-bebe-personalizado\/","og_site_name":"Impresi\u00f3n y Copiado","article_publisher":"https:\/\/www.facebook.com\/estampadouy\/","article_modified_time":"2024-07-01T14:37:44+00:00","og_image":[{"width":1000,"height":1000,"url":"https:\/\/impresionycopiado.com.uy\/compras\/wp-content\/uploads\/dia-del-padre-1.jpg","type":"image\/jpeg"}],"twitter_card":"summary_large_image","twitter_site":"@estampadoUY","twitter_misc":{"Tiempo de lectura":"1 minuto"},"schema":{"@context":"https:\/\/schema.org","@graph":[{"@type":"WebPage","@id":"https:\/\/impresionycopiado.com.uy\/compras\/producto\/body-para-bebe-personalizado\/","url":"https:\/\/impresionycopiado.com.uy\/compras\/producto\/body-para-bebe-personalizado\/","name":"Body para beb\u00e9 personalizado - Impresi\u00f3n y Copiado","isPartOf":{"@id":"https:\/\/impresionycopiado.com.uy\/compras\/#website"},"primaryImageOfPage":{"@id":"https:\/\/impresionycopiado.com.uy\/compras\/producto\/body-para-bebe-personalizado\/#primaryimage"},"image":{"@id":"https:\/\/impresionycopiado.com.uy\/compras\/producto\/body-para-bebe-personalizado\/#primaryimage"},"thumbnailUrl":"https:\/\/i0.wp.com\/impresionycopiado.com.uy\/compras\/wp-content\/uploads\/dia-del-padre-1.jpg?fit=1000%2C1000&ssl=1","datePublished":"2024-07-01T14:36:48+00:00","dateModified":"2024-07-01T14:37:44+00:00","description":"Body para beb\u00e9 personalizado, env\u00edos a todo el Uruguay","breadcrumb":{"@id":"https:\/\/impresionycopiado.com.uy\/compras\/producto\/body-para-bebe-personalizado\/#breadcrumb"},"inLanguage":"es","potentialAction":[{"@type":"ReadAction","target":["https:\/\/impresionycopiado.com.uy\/compras\/producto\/body-para-bebe-personalizado\/"]}]},{"@type":"ImageObject","inLanguage":"es","@id":"https:\/\/impresionycopiado.com.uy\/compras\/producto\/body-para-bebe-personalizado\/#primaryimage","url":"https:\/\/i0.wp.com\/impresionycopiado.com.uy\/compras\/wp-content\/uploads\/dia-del-padre-1.jpg?fit=1000%2C1000&ssl=1","contentUrl":"https:\/\/i0.wp.com\/impresionycopiado.com.uy\/compras\/wp-content\/uploads\/dia-del-padre-1.jpg?fit=1000%2C1000&ssl=1","width":1000,"height":1000,"caption":"Body para beb\u00e9"},{"@type":"BreadcrumbList","@id":"https:\/\/impresionycopiado.com.uy\/compras\/producto\/body-para-bebe-personalizado\/#breadcrumb","itemListElement":[{"@type":"ListItem","position":1,"name":"Portada","item":"https:\/\/impresionycopiado.com.uy\/compras\/"},{"@type":"ListItem","position":2,"name":"Bienvenido","item":"https:\/\/impresionycopiado.com.uy\/compras\/"},{"@type":"ListItem","position":3,"name":"Body para beb\u00e9 personalizado"}]},{"@type":"WebSite","@id":"https:\/\/impresionycopiado.com.uy\/compras\/#website","url":"https:\/\/impresionycopiado.com.uy\/compras\/","name":"Impresi\u00f3n y Copiado","description":"Productos personalizados en Uruguay","publisher":{"@id":"https:\/\/impresionycopiado.com.uy\/compras\/#organization"},"potentialAction":[{"@type":"SearchAction","target":{"@type":"EntryPoint","urlTemplate":"https:\/\/impresionycopiado.com.uy\/compras\/?s={search_term_string}"},"query-input":{"@type":"PropertyValueSpecification","valueRequired":true,"valueName":"search_term_string"}}],"inLanguage":"es"},{"@type":"Organization","@id":"https:\/\/impresionycopiado.com.uy\/compras\/#organization","name":"Digital Marketing","url":"https:\/\/impresionycopiado.com.uy\/compras\/","logo":{"@type":"ImageObject","inLanguage":"es","@id":"https:\/\/impresionycopiado.com.uy\/compras\/#\/schema\/logo\/image\/","url":"https:\/\/impresionycopiado.com.uy\/compras\/wp-content\/uploads\/2017\/11\/logo-digital-marketing-dm-capascuadrado.png","contentUrl":"https:\/\/impresionycopiado.com.uy\/compras\/wp-content\/uploads\/2017\/11\/logo-digital-marketing-dm-capascuadrado.png","width":800,"height":800,"caption":"Digital Marketing"},"image":{"@id":"https:\/\/impresionycopiado.com.uy\/compras\/#\/schema\/logo\/image\/"},"sameAs":["https:\/\/www.facebook.com\/estampadouy\/","https:\/\/x.com\/estampadoUY","https:\/\/www.instagram.com\/impresionycopiado\/"]}]}},"jetpack_publicize_connections":[],"jetpack-related-posts":[{"id":11444,"url":"https:\/\/impresionycopiado.com.uy\/compras\/producto\/canguro-personalizado-con-bombones-y-bolsa-de-algodon\/","url_meta":{"origin":11455,"position":0},"title":"Canguro personalizado con bombones y bolsa de algod\u00f3n.","author":"guia","date":"22 abril, 2024","format":false,"excerpt":"Canguro personalizado + Lata de bombones con foto personalizada y 5 bombones, y packing - bolsa de algod\u00f3n personalizada con frase. Especial para el d\u00eda de la madre en Uruguay , 12 de mayo","rel":"","context":"Entrada similar","block_context":{"text":"Entrada similar","link":""},"img":{"alt_text":"","src":"https:\/\/i0.wp.com\/impresionycopiado.com.uy\/compras\/wp-content\/uploads\/promo-canguro-5.png?fit=1200%2C1200&ssl=1&resize=350%2C200","width":350,"height":200,"srcset":"https:\/\/i0.wp.com\/impresionycopiado.com.uy\/compras\/wp-content\/uploads\/promo-canguro-5.png?fit=1200%2C1200&ssl=1&resize=350%2C200 1x, https:\/\/i0.wp.com\/impresionycopiado.com.uy\/compras\/wp-content\/uploads\/promo-canguro-5.png?fit=1200%2C1200&ssl=1&resize=525%2C300 1.5x, https:\/\/i0.wp.com\/impresionycopiado.com.uy\/compras\/wp-content\/uploads\/promo-canguro-5.png?fit=1200%2C1200&ssl=1&resize=700%2C400 2x, https:\/\/i0.wp.com\/impresionycopiado.com.uy\/compras\/wp-content\/uploads\/promo-canguro-5.png?fit=1200%2C1200&ssl=1&resize=1050%2C600 3x"},"classes":[]},{"id":11668,"url":"https:\/\/impresionycopiado.com.uy\/compras\/producto\/boxer-personalizado-todo-mio\/","url_meta":{"origin":11455,"position":1},"title":"Boxer Personalizado todo mio","author":"guia","date":"31 enero, 2026","format":false,"excerpt":"\ud83d\udd25 Este 14 de febrero regal\u00e1 algo que no se presta \ud83d\udd25 Boxer personalizado, divertido y con mensaje claro \ud83d\ude0fUn regalo original para sorprender en el D\u00eda de los Enamorados. \u2714\ufe0f Dise\u00f1o exclusivo\u2714\ufe0f Ideal para San Valent\u00edn\u2714\ufe0f Env\u00edos a todo Uruguay \ud83d\udc49 Regal\u00e1 diferente. Regal\u00e1 con humor. #SanValent\u00edn2026 #D\u00edaDeLosEnamorados #BoxerPersonalizado#RegaloOriginal\u2026","rel":"","context":"Entrada similar","block_context":{"text":"Entrada similar","link":""},"img":{"alt_text":"","src":"https:\/\/i0.wp.com\/impresionycopiado.com.uy\/compras\/wp-content\/uploads\/BOXER-diseno2.png?fit=1000%2C1000&ssl=1&resize=350%2C200","width":350,"height":200,"srcset":"https:\/\/i0.wp.com\/impresionycopiado.com.uy\/compras\/wp-content\/uploads\/BOXER-diseno2.png?fit=1000%2C1000&ssl=1&resize=350%2C200 1x, https:\/\/i0.wp.com\/impresionycopiado.com.uy\/compras\/wp-content\/uploads\/BOXER-diseno2.png?fit=1000%2C1000&ssl=1&resize=525%2C300 1.5x, https:\/\/i0.wp.com\/impresionycopiado.com.uy\/compras\/wp-content\/uploads\/BOXER-diseno2.png?fit=1000%2C1000&ssl=1&resize=700%2C400 2x"},"classes":[]},{"id":11657,"url":"https:\/\/impresionycopiado.com.uy\/compras\/producto\/gift-box-personalizado-jarra-y-delantal\/","url_meta":{"origin":11455,"position":2},"title":"Gift Box personalizado  Jarra y Delantal","author":"guia","date":"17 diciembre, 2025","format":false,"excerpt":"Gift Box con sticker exterior e interior personalizado para festejar Incluye: Jarra personalizada 500 cc Delantal con frase personalizada 2 autoadhesivos personalizados Tapa de la caja personalizada \u00a0","rel":"","context":"Entrada similar","block_context":{"text":"Entrada similar","link":""},"img":{"alt_text":"","src":"https:\/\/i0.wp.com\/impresionycopiado.com.uy\/compras\/wp-content\/uploads\/giftbox-cervez-delantal.jpeg?fit=1024%2C1024&ssl=1&resize=350%2C200","width":350,"height":200,"srcset":"https:\/\/i0.wp.com\/impresionycopiado.com.uy\/compras\/wp-content\/uploads\/giftbox-cervez-delantal.jpeg?fit=1024%2C1024&ssl=1&resize=350%2C200 1x, https:\/\/i0.wp.com\/impresionycopiado.com.uy\/compras\/wp-content\/uploads\/giftbox-cervez-delantal.jpeg?fit=1024%2C1024&ssl=1&resize=525%2C300 1.5x, https:\/\/i0.wp.com\/impresionycopiado.com.uy\/compras\/wp-content\/uploads\/giftbox-cervez-delantal.jpeg?fit=1024%2C1024&ssl=1&resize=700%2C400 2x"},"classes":[]},{"id":11583,"url":"https:\/\/impresionycopiado.com.uy\/compras\/producto\/kit-regalo-dia-del-padre\/","url_meta":{"origin":11455,"position":3},"title":"Kit regalo d\u00eda del padre","author":"guia","date":"2 julio, 2025","format":false,"excerpt":"\ud83c\udf89 Pap\u00e1 se merece todo\u2026 \u00a1y algo m\u00e1s! Este 13 de julio, regalale un kit que lo acompa\u00f1a a todos lados: \ud83e\udde5 Canguro personalizado para salir canchero, \u2615 Taza personalizada para su caf\u00e9 bien fuerte, \ud83d\udd11\ud83c\udf7b Llavero destapador para abrir historias. \u2728 Env\u00edos a todo Uruguay, porque pap\u00e1 est\u00e1 en\u2026","rel":"","context":"Entrada similar","block_context":{"text":"Entrada similar","link":""},"img":{"alt_text":"","src":"https:\/\/i0.wp.com\/impresionycopiado.com.uy\/compras\/wp-content\/uploads\/004-diadelpadre.jpg?fit=900%2C1200&ssl=1&resize=350%2C200","width":350,"height":200,"srcset":"https:\/\/i0.wp.com\/impresionycopiado.com.uy\/compras\/wp-content\/uploads\/004-diadelpadre.jpg?fit=900%2C1200&ssl=1&resize=350%2C200 1x, https:\/\/i0.wp.com\/impresionycopiado.com.uy\/compras\/wp-content\/uploads\/004-diadelpadre.jpg?fit=900%2C1200&ssl=1&resize=525%2C300 1.5x, https:\/\/i0.wp.com\/impresionycopiado.com.uy\/compras\/wp-content\/uploads\/004-diadelpadre.jpg?fit=900%2C1200&ssl=1&resize=700%2C400 2x"},"classes":[]},{"id":8624,"url":"https:\/\/impresionycopiado.com.uy\/compras\/producto\/remera-para-san-valentin-hombre-mujer\/","url_meta":{"origin":11455,"position":4},"title":"Remera para San Valent\u00edn Hombre mujer","author":"guia","date":"30 enero, 2026","format":false,"excerpt":"Remera para San Valent\u00edn o d\u00eda de los enamorados para parejas de Hombre y mujer","rel":"","context":"Entrada similar","block_context":{"text":"Entrada similar","link":""},"img":{"alt_text":"Remeras para el d\u00eda de los enamorados","src":"https:\/\/i0.wp.com\/impresionycopiado.com.uy\/compras\/wp-content\/uploads\/san-valentin1.png?fit=800%2C1200&ssl=1&resize=350%2C200","width":350,"height":200,"srcset":"https:\/\/i0.wp.com\/impresionycopiado.com.uy\/compras\/wp-content\/uploads\/san-valentin1.png?fit=800%2C1200&ssl=1&resize=350%2C200 1x, https:\/\/i0.wp.com\/impresionycopiado.com.uy\/compras\/wp-content\/uploads\/san-valentin1.png?fit=800%2C1200&ssl=1&resize=525%2C300 1.5x, https:\/\/i0.wp.com\/impresionycopiado.com.uy\/compras\/wp-content\/uploads\/san-valentin1.png?fit=800%2C1200&ssl=1&resize=700%2C400 2x"},"classes":[]},{"id":822,"url":"https:\/\/impresionycopiado.com.uy\/compras\/producto\/taza-personalizada-para-el-dia-del-abuelo\/","url_meta":{"origin":11455,"position":5},"title":"Taza personalizada para el d\u00eda del abuelo","author":"guia","date":"11 junio, 2019","format":false,"excerpt":"Taza personalizada con la foto y frase que desees","rel":"","context":"Entrada similar","block_context":{"text":"Entrada similar","link":""},"img":{"alt_text":"D\u00eda del abuelo","src":"https:\/\/i0.wp.com\/impresionycopiado.com.uy\/compras\/wp-content\/uploads\/20190221_163444-scaled.jpg?fit=1200%2C1021&ssl=1&resize=350%2C200","width":350,"height":200,"srcset":"https:\/\/i0.wp.com\/impresionycopiado.com.uy\/compras\/wp-content\/uploads\/20190221_163444-scaled.jpg?fit=1200%2C1021&ssl=1&resize=350%2C200 1x, https:\/\/i0.wp.com\/impresionycopiado.com.uy\/compras\/wp-content\/uploads\/20190221_163444-scaled.jpg?fit=1200%2C1021&ssl=1&resize=525%2C300 1.5x, https:\/\/i0.wp.com\/impresionycopiado.com.uy\/compras\/wp-content\/uploads\/20190221_163444-scaled.jpg?fit=1200%2C1021&ssl=1&resize=700%2C400 2x, https:\/\/i0.wp.com\/impresionycopiado.com.uy\/compras\/wp-content\/uploads\/20190221_163444-scaled.jpg?fit=1200%2C1021&ssl=1&resize=1050%2C600 3x"},"classes":[]}],"jetpack_sharing_enabled":true,"_links":{"self":[{"href":"https:\/\/impresionycopiado.com.uy\/compras\/wp-json\/wp\/v2\/product\/11455","targetHints":{"allow":["GET"]}}],"collection":[{"href":"https:\/\/impresionycopiado.com.uy\/compras\/wp-json\/wp\/v2\/product"}],"about":[{"href":"https:\/\/impresionycopiado.com.uy\/compras\/wp-json\/wp\/v2\/types\/product"}],"wp:featuredmedia":[{"embeddable":true,"href":"https:\/\/impresionycopiado.com.uy\/compras\/wp-json\/wp\/v2\/media\/11456"}],"wp:attachment":[{"href":"https:\/\/impresionycopiado.com.uy\/compras\/wp-json\/wp\/v2\/media?parent=11455"}],"wp:term":[{"taxonomy":"product_brand","embeddable":true,"href":"https:\/\/impresionycopiado.com.uy\/compras\/wp-json\/wp\/v2\/product_brand?post=11455"},{"taxonomy":"product_cat","embeddable":true,"href":"https:\/\/impresionycopiado.com.uy\/compras\/wp-json\/wp\/v2\/product_cat?post=11455"},{"taxonomy":"product_tag","embeddable":true,"href":"https:\/\/impresionycopiado.com.uy\/compras\/wp-json\/wp\/v2\/product_tag?post=11455"}],"curies":[{"name":"wp","href":"https:\/\/api.w.org\/{rel}","templated":true}]}}