{"id":735,"date":"2019-02-06T13:51:48","date_gmt":"2019-02-06T16:51:48","guid":{"rendered":"http:\/\/impresionycopiado.com.uy\/compras\/?post_type=product&#038;p=735"},"modified":"2023-12-13T10:05:49","modified_gmt":"2023-12-13T13:05:49","slug":"llavero-de-mdf-estampado","status":"publish","type":"product","link":"https:\/\/impresionycopiado.com.uy\/compras\/producto\/llavero-de-mdf-estampado\/","title":{"rendered":"Llavero de mdf estampado x20"},"content":{"rendered":"<p>Llavero de mdf estampado cuadrado de 5&#215;5 cm<\/p>\n","protected":false},"excerpt":{"rendered":"<p>Llavero de mdf estampado cuadrado de 5&#215;5 cm<\/p>\n","protected":false},"featured_media":740,"template":"","meta":{"_joinchat":[],"jetpack_publicize_message":"","jetpack_publicize_feature_enabled":true,"jetpack_social_post_already_shared":false,"jetpack_social_options":{"image_generator_settings":{"template":"highway","default_image_id":0,"font":"","enabled":false},"version":2}},"product_brand":[],"product_cat":[138],"product_tag":[75,194,95,82],"class_list":{"0":"post-735","1":"product","2":"type-product","3":"status-publish","4":"has-post-thumbnail","6":"product_cat-llavero","7":"product_tag-futbol","8":"product_tag-llavero","9":"product_tag-penarol","10":"product_tag-souvenirs","11":"sales-flash-overlay","12":"woocommerce-text-align-center","13":"woocommerce-image-align-center","14":"do-quantity-buttons","16":"first","17":"instock","18":"taxable","19":"shipping-taxable","20":"purchasable","21":"product-type-simple"},"yoast_head":"<!-- This site is optimized with the Yoast SEO plugin v27.3 - https:\/\/yoast.com\/product\/yoast-seo-wordpress\/ -->\n<title>Llavero de mdf estampado x20 - Impresi\u00f3n y Copiado<\/title>\n<meta name=\"robots\" content=\"noindex, follow, max-snippet:-1, max-image-preview:large, max-video-preview:-1\" \/>\n<meta property=\"og:locale\" content=\"es_ES\" \/>\n<meta property=\"og:type\" content=\"article\" \/>\n<meta property=\"og:title\" content=\"Llavero de mdf estampado x20 - Impresi\u00f3n y Copiado\" \/>\n<meta property=\"og:description\" content=\"Llavero de mdf estampado cuadrado de 5&#215;5 cm\" \/>\n<meta property=\"og:url\" content=\"https:\/\/impresionycopiado.com.uy\/compras\/producto\/llavero-de-mdf-estampado\/\" \/>\n<meta property=\"og:site_name\" content=\"Impresi\u00f3n y Copiado\" \/>\n<meta property=\"article:publisher\" content=\"https:\/\/www.facebook.com\/estampadouy\/\" \/>\n<meta property=\"article:modified_time\" content=\"2023-12-13T13:05:49+00:00\" \/>\n<meta property=\"og:image\" content=\"https:\/\/impresionycopiado.com.uy\/compras\/wp-content\/uploads\/20190204_133552-scaled.jpg\" \/>\n\t<meta property=\"og:image:width\" content=\"2560\" \/>\n\t<meta property=\"og:image:height\" content=\"2560\" \/>\n\t<meta property=\"og:image:type\" content=\"image\/jpeg\" \/>\n<meta name=\"twitter:card\" content=\"summary_large_image\" \/>\n<meta name=\"twitter:site\" content=\"@estampadoUY\" \/>\n<meta name=\"twitter:label1\" content=\"Tiempo de lectura\" \/>\n\t<meta name=\"twitter:data1\" content=\"1 minuto\" \/>\n<script type=\"application\/ld+json\" class=\"yoast-schema-graph\">{\"@context\":\"https:\\\/\\\/schema.org\",\"@graph\":[{\"@type\":\"WebPage\",\"@id\":\"https:\\\/\\\/impresionycopiado.com.uy\\\/compras\\\/producto\\\/llavero-de-mdf-estampado\\\/\",\"url\":\"https:\\\/\\\/impresionycopiado.com.uy\\\/compras\\\/producto\\\/llavero-de-mdf-estampado\\\/\",\"name\":\"Llavero de mdf estampado x20 - Impresi\u00f3n y Copiado\",\"isPartOf\":{\"@id\":\"https:\\\/\\\/impresionycopiado.com.uy\\\/compras\\\/#website\"},\"primaryImageOfPage\":{\"@id\":\"https:\\\/\\\/impresionycopiado.com.uy\\\/compras\\\/producto\\\/llavero-de-mdf-estampado\\\/#primaryimage\"},\"image\":{\"@id\":\"https:\\\/\\\/impresionycopiado.com.uy\\\/compras\\\/producto\\\/llavero-de-mdf-estampado\\\/#primaryimage\"},\"thumbnailUrl\":\"https:\\\/\\\/i0.wp.com\\\/impresionycopiado.com.uy\\\/compras\\\/wp-content\\\/uploads\\\/20190204_133552-scaled.jpg?fit=2560%2C2560&ssl=1\",\"datePublished\":\"2019-02-06T16:51:48+00:00\",\"dateModified\":\"2023-12-13T13:05:49+00:00\",\"breadcrumb\":{\"@id\":\"https:\\\/\\\/impresionycopiado.com.uy\\\/compras\\\/producto\\\/llavero-de-mdf-estampado\\\/#breadcrumb\"},\"inLanguage\":\"es\",\"potentialAction\":[{\"@type\":\"ReadAction\",\"target\":[\"https:\\\/\\\/impresionycopiado.com.uy\\\/compras\\\/producto\\\/llavero-de-mdf-estampado\\\/\"]}]},{\"@type\":\"ImageObject\",\"inLanguage\":\"es\",\"@id\":\"https:\\\/\\\/impresionycopiado.com.uy\\\/compras\\\/producto\\\/llavero-de-mdf-estampado\\\/#primaryimage\",\"url\":\"https:\\\/\\\/i0.wp.com\\\/impresionycopiado.com.uy\\\/compras\\\/wp-content\\\/uploads\\\/20190204_133552-scaled.jpg?fit=2560%2C2560&ssl=1\",\"contentUrl\":\"https:\\\/\\\/i0.wp.com\\\/impresionycopiado.com.uy\\\/compras\\\/wp-content\\\/uploads\\\/20190204_133552-scaled.jpg?fit=2560%2C2560&ssl=1\",\"width\":2560,\"height\":2560},{\"@type\":\"BreadcrumbList\",\"@id\":\"https:\\\/\\\/impresionycopiado.com.uy\\\/compras\\\/producto\\\/llavero-de-mdf-estampado\\\/#breadcrumb\",\"itemListElement\":[{\"@type\":\"ListItem\",\"position\":1,\"name\":\"Portada\",\"item\":\"https:\\\/\\\/impresionycopiado.com.uy\\\/compras\\\/\"},{\"@type\":\"ListItem\",\"position\":2,\"name\":\"Bienvenido\",\"item\":\"https:\\\/\\\/impresionycopiado.com.uy\\\/compras\\\/\"},{\"@type\":\"ListItem\",\"position\":3,\"name\":\"Llavero de mdf estampado x20\"}]},{\"@type\":\"WebSite\",\"@id\":\"https:\\\/\\\/impresionycopiado.com.uy\\\/compras\\\/#website\",\"url\":\"https:\\\/\\\/impresionycopiado.com.uy\\\/compras\\\/\",\"name\":\"Impresi\u00f3n y Copiado\",\"description\":\"Productos personalizados en Uruguay\",\"publisher\":{\"@id\":\"https:\\\/\\\/impresionycopiado.com.uy\\\/compras\\\/#organization\"},\"potentialAction\":[{\"@type\":\"SearchAction\",\"target\":{\"@type\":\"EntryPoint\",\"urlTemplate\":\"https:\\\/\\\/impresionycopiado.com.uy\\\/compras\\\/?s={search_term_string}\"},\"query-input\":{\"@type\":\"PropertyValueSpecification\",\"valueRequired\":true,\"valueName\":\"search_term_string\"}}],\"inLanguage\":\"es\"},{\"@type\":\"Organization\",\"@id\":\"https:\\\/\\\/impresionycopiado.com.uy\\\/compras\\\/#organization\",\"name\":\"Digital Marketing\",\"url\":\"https:\\\/\\\/impresionycopiado.com.uy\\\/compras\\\/\",\"logo\":{\"@type\":\"ImageObject\",\"inLanguage\":\"es\",\"@id\":\"https:\\\/\\\/impresionycopiado.com.uy\\\/compras\\\/#\\\/schema\\\/logo\\\/image\\\/\",\"url\":\"https:\\\/\\\/impresionycopiado.com.uy\\\/compras\\\/wp-content\\\/uploads\\\/2017\\\/11\\\/logo-digital-marketing-dm-capascuadrado.png\",\"contentUrl\":\"https:\\\/\\\/impresionycopiado.com.uy\\\/compras\\\/wp-content\\\/uploads\\\/2017\\\/11\\\/logo-digital-marketing-dm-capascuadrado.png\",\"width\":800,\"height\":800,\"caption\":\"Digital Marketing\"},\"image\":{\"@id\":\"https:\\\/\\\/impresionycopiado.com.uy\\\/compras\\\/#\\\/schema\\\/logo\\\/image\\\/\"},\"sameAs\":[\"https:\\\/\\\/www.facebook.com\\\/estampadouy\\\/\",\"https:\\\/\\\/x.com\\\/estampadoUY\",\"https:\\\/\\\/www.instagram.com\\\/impresionycopiado\\\/\"]}]}<\/script>\n<!-- \/ Yoast SEO plugin. -->","yoast_head_json":{"title":"Llavero de mdf estampado x20 - Impresi\u00f3n y Copiado","robots":{"index":"noindex","follow":"follow","max-snippet":"max-snippet:-1","max-image-preview":"max-image-preview:large","max-video-preview":"max-video-preview:-1"},"og_locale":"es_ES","og_type":"article","og_title":"Llavero de mdf estampado x20 - Impresi\u00f3n y Copiado","og_description":"Llavero de mdf estampado cuadrado de 5&#215;5 cm","og_url":"https:\/\/impresionycopiado.com.uy\/compras\/producto\/llavero-de-mdf-estampado\/","og_site_name":"Impresi\u00f3n y Copiado","article_publisher":"https:\/\/www.facebook.com\/estampadouy\/","article_modified_time":"2023-12-13T13:05:49+00:00","og_image":[{"width":2560,"height":2560,"url":"https:\/\/impresionycopiado.com.uy\/compras\/wp-content\/uploads\/20190204_133552-scaled.jpg","type":"image\/jpeg"}],"twitter_card":"summary_large_image","twitter_site":"@estampadoUY","twitter_misc":{"Tiempo de lectura":"1 minuto"},"schema":{"@context":"https:\/\/schema.org","@graph":[{"@type":"WebPage","@id":"https:\/\/impresionycopiado.com.uy\/compras\/producto\/llavero-de-mdf-estampado\/","url":"https:\/\/impresionycopiado.com.uy\/compras\/producto\/llavero-de-mdf-estampado\/","name":"Llavero de mdf estampado x20 - Impresi\u00f3n y Copiado","isPartOf":{"@id":"https:\/\/impresionycopiado.com.uy\/compras\/#website"},"primaryImageOfPage":{"@id":"https:\/\/impresionycopiado.com.uy\/compras\/producto\/llavero-de-mdf-estampado\/#primaryimage"},"image":{"@id":"https:\/\/impresionycopiado.com.uy\/compras\/producto\/llavero-de-mdf-estampado\/#primaryimage"},"thumbnailUrl":"https:\/\/i0.wp.com\/impresionycopiado.com.uy\/compras\/wp-content\/uploads\/20190204_133552-scaled.jpg?fit=2560%2C2560&ssl=1","datePublished":"2019-02-06T16:51:48+00:00","dateModified":"2023-12-13T13:05:49+00:00","breadcrumb":{"@id":"https:\/\/impresionycopiado.com.uy\/compras\/producto\/llavero-de-mdf-estampado\/#breadcrumb"},"inLanguage":"es","potentialAction":[{"@type":"ReadAction","target":["https:\/\/impresionycopiado.com.uy\/compras\/producto\/llavero-de-mdf-estampado\/"]}]},{"@type":"ImageObject","inLanguage":"es","@id":"https:\/\/impresionycopiado.com.uy\/compras\/producto\/llavero-de-mdf-estampado\/#primaryimage","url":"https:\/\/i0.wp.com\/impresionycopiado.com.uy\/compras\/wp-content\/uploads\/20190204_133552-scaled.jpg?fit=2560%2C2560&ssl=1","contentUrl":"https:\/\/i0.wp.com\/impresionycopiado.com.uy\/compras\/wp-content\/uploads\/20190204_133552-scaled.jpg?fit=2560%2C2560&ssl=1","width":2560,"height":2560},{"@type":"BreadcrumbList","@id":"https:\/\/impresionycopiado.com.uy\/compras\/producto\/llavero-de-mdf-estampado\/#breadcrumb","itemListElement":[{"@type":"ListItem","position":1,"name":"Portada","item":"https:\/\/impresionycopiado.com.uy\/compras\/"},{"@type":"ListItem","position":2,"name":"Bienvenido","item":"https:\/\/impresionycopiado.com.uy\/compras\/"},{"@type":"ListItem","position":3,"name":"Llavero de mdf estampado x20"}]},{"@type":"WebSite","@id":"https:\/\/impresionycopiado.com.uy\/compras\/#website","url":"https:\/\/impresionycopiado.com.uy\/compras\/","name":"Impresi\u00f3n y Copiado","description":"Productos personalizados en Uruguay","publisher":{"@id":"https:\/\/impresionycopiado.com.uy\/compras\/#organization"},"potentialAction":[{"@type":"SearchAction","target":{"@type":"EntryPoint","urlTemplate":"https:\/\/impresionycopiado.com.uy\/compras\/?s={search_term_string}"},"query-input":{"@type":"PropertyValueSpecification","valueRequired":true,"valueName":"search_term_string"}}],"inLanguage":"es"},{"@type":"Organization","@id":"https:\/\/impresionycopiado.com.uy\/compras\/#organization","name":"Digital Marketing","url":"https:\/\/impresionycopiado.com.uy\/compras\/","logo":{"@type":"ImageObject","inLanguage":"es","@id":"https:\/\/impresionycopiado.com.uy\/compras\/#\/schema\/logo\/image\/","url":"https:\/\/impresionycopiado.com.uy\/compras\/wp-content\/uploads\/2017\/11\/logo-digital-marketing-dm-capascuadrado.png","contentUrl":"https:\/\/impresionycopiado.com.uy\/compras\/wp-content\/uploads\/2017\/11\/logo-digital-marketing-dm-capascuadrado.png","width":800,"height":800,"caption":"Digital Marketing"},"image":{"@id":"https:\/\/impresionycopiado.com.uy\/compras\/#\/schema\/logo\/image\/"},"sameAs":["https:\/\/www.facebook.com\/estampadouy\/","https:\/\/x.com\/estampadoUY","https:\/\/www.instagram.com\/impresionycopiado\/"]}]}},"jetpack_publicize_connections":[],"jetpack-related-posts":[{"id":11583,"url":"https:\/\/impresionycopiado.com.uy\/compras\/producto\/kit-regalo-dia-del-padre\/","url_meta":{"origin":735,"position":0},"title":"Kit regalo d\u00eda del padre","author":"guia","date":"2 julio, 2025","format":false,"excerpt":"\ud83c\udf89 Pap\u00e1 se merece todo\u2026 \u00a1y algo m\u00e1s! Este 13 de julio, regalale un kit que lo acompa\u00f1a a todos lados: \ud83e\udde5 Canguro personalizado para salir canchero, \u2615 Taza personalizada para su caf\u00e9 bien fuerte, \ud83d\udd11\ud83c\udf7b Llavero destapador para abrir historias. \u2728 Env\u00edos a todo Uruguay, porque pap\u00e1 est\u00e1 en\u2026","rel":"","context":"Entrada similar","block_context":{"text":"Entrada similar","link":""},"img":{"alt_text":"","src":"https:\/\/i0.wp.com\/impresionycopiado.com.uy\/compras\/wp-content\/uploads\/004-diadelpadre.jpg?fit=900%2C1200&ssl=1&resize=350%2C200","width":350,"height":200,"srcset":"https:\/\/i0.wp.com\/impresionycopiado.com.uy\/compras\/wp-content\/uploads\/004-diadelpadre.jpg?fit=900%2C1200&ssl=1&resize=350%2C200 1x, https:\/\/i0.wp.com\/impresionycopiado.com.uy\/compras\/wp-content\/uploads\/004-diadelpadre.jpg?fit=900%2C1200&ssl=1&resize=525%2C300 1.5x, https:\/\/i0.wp.com\/impresionycopiado.com.uy\/compras\/wp-content\/uploads\/004-diadelpadre.jpg?fit=900%2C1200&ssl=1&resize=700%2C400 2x"},"classes":[]},{"id":10572,"url":"https:\/\/impresionycopiado.com.uy\/compras\/producto\/estampado-de-logo-3-colores\/","url_meta":{"origin":735,"position":1},"title":"Estampado de logo 3 colores","author":"guia","date":"3 agosto, 2020","format":false,"excerpt":"Estampado de logo 3 colores Largo 10 cm m\u00e1ximo no incluye la prenda","rel":"","context":"Entrada similar","block_context":{"text":"Entrada similar","link":""},"img":{"alt_text":"Estaci\u00f3n Fit","src":"https:\/\/i0.wp.com\/impresionycopiado.com.uy\/compras\/wp-content\/uploads\/20200803_124120-scaled.jpg?fit=1200%2C1200&ssl=1&resize=350%2C200","width":350,"height":200,"srcset":"https:\/\/i0.wp.com\/impresionycopiado.com.uy\/compras\/wp-content\/uploads\/20200803_124120-scaled.jpg?fit=1200%2C1200&ssl=1&resize=350%2C200 1x, https:\/\/i0.wp.com\/impresionycopiado.com.uy\/compras\/wp-content\/uploads\/20200803_124120-scaled.jpg?fit=1200%2C1200&ssl=1&resize=525%2C300 1.5x, https:\/\/i0.wp.com\/impresionycopiado.com.uy\/compras\/wp-content\/uploads\/20200803_124120-scaled.jpg?fit=1200%2C1200&ssl=1&resize=700%2C400 2x, https:\/\/i0.wp.com\/impresionycopiado.com.uy\/compras\/wp-content\/uploads\/20200803_124120-scaled.jpg?fit=1200%2C1200&ssl=1&resize=1050%2C600 3x"},"classes":[]},{"id":845,"url":"https:\/\/impresionycopiado.com.uy\/compras\/producto\/llavero-pin-destapador\/","url_meta":{"origin":735,"position":2},"title":"Llavero pin destapador x10","author":"guia","date":"26 junio, 2019","format":false,"excerpt":"Llavero pin destapador personalizado de 44 mm","rel":"","context":"Entrada similar","block_context":{"text":"Entrada similar","link":""},"img":{"alt_text":"","src":"https:\/\/i0.wp.com\/impresionycopiado.com.uy\/compras\/wp-content\/uploads\/20190723_132842-scaled.jpg?fit=1200%2C1200&ssl=1&resize=350%2C200","width":350,"height":200,"srcset":"https:\/\/i0.wp.com\/impresionycopiado.com.uy\/compras\/wp-content\/uploads\/20190723_132842-scaled.jpg?fit=1200%2C1200&ssl=1&resize=350%2C200 1x, https:\/\/i0.wp.com\/impresionycopiado.com.uy\/compras\/wp-content\/uploads\/20190723_132842-scaled.jpg?fit=1200%2C1200&ssl=1&resize=525%2C300 1.5x, https:\/\/i0.wp.com\/impresionycopiado.com.uy\/compras\/wp-content\/uploads\/20190723_132842-scaled.jpg?fit=1200%2C1200&ssl=1&resize=700%2C400 2x, https:\/\/i0.wp.com\/impresionycopiado.com.uy\/compras\/wp-content\/uploads\/20190723_132842-scaled.jpg?fit=1200%2C1200&ssl=1&resize=1050%2C600 3x"},"classes":[]},{"id":10843,"url":"https:\/\/impresionycopiado.com.uy\/compras\/producto\/llavero-pin-destapador-grande\/","url_meta":{"origin":735,"position":3},"title":"Llavero pin destapador grande x10","author":"guia","date":"22 septiembre, 2021","format":false,"excerpt":"Llavero pin destapador personalizado de 56 mm","rel":"","context":"Entrada similar","block_context":{"text":"Entrada similar","link":""},"img":{"alt_text":"","src":"https:\/\/i0.wp.com\/impresionycopiado.com.uy\/compras\/wp-content\/uploads\/20200605_105408.jpg?fit=1200%2C1200&ssl=1&resize=350%2C200","width":350,"height":200,"srcset":"https:\/\/i0.wp.com\/impresionycopiado.com.uy\/compras\/wp-content\/uploads\/20200605_105408.jpg?fit=1200%2C1200&ssl=1&resize=350%2C200 1x, https:\/\/i0.wp.com\/impresionycopiado.com.uy\/compras\/wp-content\/uploads\/20200605_105408.jpg?fit=1200%2C1200&ssl=1&resize=525%2C300 1.5x, https:\/\/i0.wp.com\/impresionycopiado.com.uy\/compras\/wp-content\/uploads\/20200605_105408.jpg?fit=1200%2C1200&ssl=1&resize=700%2C400 2x, https:\/\/i0.wp.com\/impresionycopiado.com.uy\/compras\/wp-content\/uploads\/20200605_105408.jpg?fit=1200%2C1200&ssl=1&resize=1050%2C600 3x"},"classes":[]},{"id":272,"url":"https:\/\/impresionycopiado.com.uy\/compras\/producto\/estampado-y-copiado-de-cd\/","url_meta":{"origin":735,"position":4},"title":"Estampado y Copiado de CD x10","author":"guia","date":"19 octubre, 2017","format":false,"excerpt":"Incluye Disco, Estampado y Copiado Nos dedicamos profesionalmente al copiado (duplicado) de CD`s y DVD`s Nuestros clientes abalan nuestra seriedad y puntualidad a la hora de entregar el trabajo. Utilizamos m\u00e1quinas importadas de EE.UU. de \u00faltima generaci\u00f3n especificas para esta tarea. Utilizamos soportes calidad \u201cA\u201d asegurando durabilidad de la informaci\u00f3n\u2026","rel":"","context":"Entrada similar","block_context":{"text":"Entrada similar","link":""},"img":{"alt_text":"","src":"https:\/\/i0.wp.com\/impresionycopiado.com.uy\/compras\/wp-content\/uploads\/2016\/09\/disco1.jpg?fit=1200%2C1200&ssl=1&resize=350%2C200","width":350,"height":200,"srcset":"https:\/\/i0.wp.com\/impresionycopiado.com.uy\/compras\/wp-content\/uploads\/2016\/09\/disco1.jpg?fit=1200%2C1200&ssl=1&resize=350%2C200 1x, https:\/\/i0.wp.com\/impresionycopiado.com.uy\/compras\/wp-content\/uploads\/2016\/09\/disco1.jpg?fit=1200%2C1200&ssl=1&resize=525%2C300 1.5x, https:\/\/i0.wp.com\/impresionycopiado.com.uy\/compras\/wp-content\/uploads\/2016\/09\/disco1.jpg?fit=1200%2C1200&ssl=1&resize=700%2C400 2x, https:\/\/i0.wp.com\/impresionycopiado.com.uy\/compras\/wp-content\/uploads\/2016\/09\/disco1.jpg?fit=1200%2C1200&ssl=1&resize=1050%2C600 3x"},"classes":[]},{"id":274,"url":"https:\/\/impresionycopiado.com.uy\/compras\/producto\/estampado-y-copiado-de-dvd\/","url_meta":{"origin":735,"position":5},"title":"Estampado y Copiado de DVD x10","author":"guia","date":"19 octubre, 2016","format":false,"excerpt":"Incluye Disco, Estampado y Copiado Cantidad m\u00ednima 30 unidades Nos dedicamos profesionalmente al copiado (duplicado) de CD`s y DVD`s Nuestros clientes abalan nuestra seriedad y puntualidad a la hora de entregar el trabajo. Utilizamos m\u00e1quinas importadas de EE.UU. de \u00faltima generaci\u00f3n especificas para esta tarea. Utilizamos soportes calidad \u201cA\u201d asegurando\u2026","rel":"","context":"Entrada similar","block_context":{"text":"Entrada similar","link":""},"img":{"alt_text":"","src":"https:\/\/i0.wp.com\/impresionycopiado.com.uy\/compras\/wp-content\/uploads\/2016\/09\/colegio-aleman.jpg?fit=1200%2C1200&ssl=1&resize=350%2C200","width":350,"height":200,"srcset":"https:\/\/i0.wp.com\/impresionycopiado.com.uy\/compras\/wp-content\/uploads\/2016\/09\/colegio-aleman.jpg?fit=1200%2C1200&ssl=1&resize=350%2C200 1x, https:\/\/i0.wp.com\/impresionycopiado.com.uy\/compras\/wp-content\/uploads\/2016\/09\/colegio-aleman.jpg?fit=1200%2C1200&ssl=1&resize=525%2C300 1.5x, https:\/\/i0.wp.com\/impresionycopiado.com.uy\/compras\/wp-content\/uploads\/2016\/09\/colegio-aleman.jpg?fit=1200%2C1200&ssl=1&resize=700%2C400 2x, https:\/\/i0.wp.com\/impresionycopiado.com.uy\/compras\/wp-content\/uploads\/2016\/09\/colegio-aleman.jpg?fit=1200%2C1200&ssl=1&resize=1050%2C600 3x"},"classes":[]}],"jetpack_sharing_enabled":true,"_links":{"self":[{"href":"https:\/\/impresionycopiado.com.uy\/compras\/wp-json\/wp\/v2\/product\/735","targetHints":{"allow":["GET"]}}],"collection":[{"href":"https:\/\/impresionycopiado.com.uy\/compras\/wp-json\/wp\/v2\/product"}],"about":[{"href":"https:\/\/impresionycopiado.com.uy\/compras\/wp-json\/wp\/v2\/types\/product"}],"wp:featuredmedia":[{"embeddable":true,"href":"https:\/\/impresionycopiado.com.uy\/compras\/wp-json\/wp\/v2\/media\/740"}],"wp:attachment":[{"href":"https:\/\/impresionycopiado.com.uy\/compras\/wp-json\/wp\/v2\/media?parent=735"}],"wp:term":[{"taxonomy":"product_brand","embeddable":true,"href":"https:\/\/impresionycopiado.com.uy\/compras\/wp-json\/wp\/v2\/product_brand?post=735"},{"taxonomy":"product_cat","embeddable":true,"href":"https:\/\/impresionycopiado.com.uy\/compras\/wp-json\/wp\/v2\/product_cat?post=735"},{"taxonomy":"product_tag","embeddable":true,"href":"https:\/\/impresionycopiado.com.uy\/compras\/wp-json\/wp\/v2\/product_tag?post=735"}],"curies":[{"name":"wp","href":"https:\/\/api.w.org\/{rel}","templated":true}]}}