{"id":822,"date":"2019-06-11T10:45:40","date_gmt":"2019-06-11T13:45:40","guid":{"rendered":"http:\/\/impresionycopiado.com.uy\/compras\/?post_type=product&#038;p=822"},"modified":"2024-04-23T09:53:49","modified_gmt":"2024-04-23T12:53:49","slug":"taza-personalizada-para-el-dia-del-abuelo","status":"publish","type":"product","link":"https:\/\/impresionycopiado.com.uy\/compras\/producto\/taza-personalizada-para-el-dia-del-abuelo\/","title":{"rendered":"Taza personalizada para el d\u00eda del abuelo"},"content":{"rendered":"<p>Taza personalizada con la foto y frase que desees<\/p>\n","protected":false},"excerpt":{"rendered":"<p>Taza personalizada con la foto y frase que desees<\/p>\n","protected":false},"featured_media":826,"template":"","meta":{"_joinchat":[],"jetpack_publicize_message":"","jetpack_publicize_feature_enabled":true,"jetpack_social_post_already_shared":false,"jetpack_social_options":{"image_generator_settings":{"template":"highway","default_image_id":0,"font":"","enabled":false},"version":2}},"product_brand":[],"product_cat":[94],"product_tag":[150,135,145],"class_list":{"0":"post-822","1":"product","2":"type-product","3":"status-publish","4":"has-post-thumbnail","6":"product_cat-tazas","7":"product_tag-dia-del-abuelo","8":"product_tag-personalizado","9":"product_tag-regalo","10":"sales-flash-overlay","11":"woocommerce-text-align-center","12":"woocommerce-image-align-center","13":"do-quantity-buttons","15":"first","16":"instock","17":"taxable","18":"shipping-taxable","19":"purchasable","20":"product-type-simple"},"yoast_head":"<!-- This site is optimized with the Yoast SEO plugin v27.3 - https:\/\/yoast.com\/product\/yoast-seo-wordpress\/ -->\n<title>Taza personalizada para el d\u00eda del abuelo - Impresi\u00f3n y Copiado<\/title>\n<meta name=\"description\" content=\"Taza personalizada con la foto y frase que desees, env\u00edos a todo el Uruguay\" \/>\n<meta name=\"robots\" content=\"noindex, follow, max-snippet:-1, max-image-preview:large, max-video-preview:-1\" \/>\n<meta property=\"og:locale\" content=\"es_ES\" \/>\n<meta property=\"og:type\" content=\"article\" \/>\n<meta property=\"og:title\" content=\"Taza personalizada para el d\u00eda del abuelo - Impresi\u00f3n y Copiado\" \/>\n<meta property=\"og:description\" content=\"Taza personalizada con la foto y frase que desees, env\u00edos a todo el Uruguay\" \/>\n<meta property=\"og:url\" content=\"https:\/\/impresionycopiado.com.uy\/compras\/producto\/taza-personalizada-para-el-dia-del-abuelo\/\" \/>\n<meta property=\"og:site_name\" content=\"Impresi\u00f3n y Copiado\" \/>\n<meta property=\"article:publisher\" content=\"https:\/\/www.facebook.com\/estampadouy\/\" \/>\n<meta property=\"article:modified_time\" content=\"2024-04-23T12:53:49+00:00\" \/>\n<meta property=\"og:image\" content=\"https:\/\/impresionycopiado.com.uy\/compras\/wp-content\/uploads\/20190221_163444-scaled.jpg\" \/>\n\t<meta property=\"og:image:width\" content=\"2560\" \/>\n\t<meta property=\"og:image:height\" content=\"2179\" \/>\n\t<meta property=\"og:image:type\" content=\"image\/jpeg\" \/>\n<meta name=\"twitter:card\" content=\"summary_large_image\" \/>\n<meta name=\"twitter:site\" content=\"@estampadoUY\" \/>\n<meta name=\"twitter:label1\" content=\"Tiempo de lectura\" \/>\n\t<meta name=\"twitter:data1\" content=\"1 minuto\" \/>\n<script type=\"application\/ld+json\" class=\"yoast-schema-graph\">{\"@context\":\"https:\\\/\\\/schema.org\",\"@graph\":[{\"@type\":\"WebPage\",\"@id\":\"https:\\\/\\\/impresionycopiado.com.uy\\\/compras\\\/producto\\\/taza-personalizada-para-el-dia-del-abuelo\\\/\",\"url\":\"https:\\\/\\\/impresionycopiado.com.uy\\\/compras\\\/producto\\\/taza-personalizada-para-el-dia-del-abuelo\\\/\",\"name\":\"Taza personalizada para el d\u00eda del abuelo - Impresi\u00f3n y Copiado\",\"isPartOf\":{\"@id\":\"https:\\\/\\\/impresionycopiado.com.uy\\\/compras\\\/#website\"},\"primaryImageOfPage\":{\"@id\":\"https:\\\/\\\/impresionycopiado.com.uy\\\/compras\\\/producto\\\/taza-personalizada-para-el-dia-del-abuelo\\\/#primaryimage\"},\"image\":{\"@id\":\"https:\\\/\\\/impresionycopiado.com.uy\\\/compras\\\/producto\\\/taza-personalizada-para-el-dia-del-abuelo\\\/#primaryimage\"},\"thumbnailUrl\":\"https:\\\/\\\/i0.wp.com\\\/impresionycopiado.com.uy\\\/compras\\\/wp-content\\\/uploads\\\/20190221_163444-scaled.jpg?fit=2560%2C2179&ssl=1\",\"datePublished\":\"2019-06-11T13:45:40+00:00\",\"dateModified\":\"2024-04-23T12:53:49+00:00\",\"description\":\"Taza personalizada con la foto y frase que desees, env\u00edos a todo el Uruguay\",\"breadcrumb\":{\"@id\":\"https:\\\/\\\/impresionycopiado.com.uy\\\/compras\\\/producto\\\/taza-personalizada-para-el-dia-del-abuelo\\\/#breadcrumb\"},\"inLanguage\":\"es\",\"potentialAction\":[{\"@type\":\"ReadAction\",\"target\":[\"https:\\\/\\\/impresionycopiado.com.uy\\\/compras\\\/producto\\\/taza-personalizada-para-el-dia-del-abuelo\\\/\"]}]},{\"@type\":\"ImageObject\",\"inLanguage\":\"es\",\"@id\":\"https:\\\/\\\/impresionycopiado.com.uy\\\/compras\\\/producto\\\/taza-personalizada-para-el-dia-del-abuelo\\\/#primaryimage\",\"url\":\"https:\\\/\\\/i0.wp.com\\\/impresionycopiado.com.uy\\\/compras\\\/wp-content\\\/uploads\\\/20190221_163444-scaled.jpg?fit=2560%2C2179&ssl=1\",\"contentUrl\":\"https:\\\/\\\/i0.wp.com\\\/impresionycopiado.com.uy\\\/compras\\\/wp-content\\\/uploads\\\/20190221_163444-scaled.jpg?fit=2560%2C2179&ssl=1\",\"width\":2560,\"height\":2179,\"caption\":\"D\u00eda del abuelo\"},{\"@type\":\"BreadcrumbList\",\"@id\":\"https:\\\/\\\/impresionycopiado.com.uy\\\/compras\\\/producto\\\/taza-personalizada-para-el-dia-del-abuelo\\\/#breadcrumb\",\"itemListElement\":[{\"@type\":\"ListItem\",\"position\":1,\"name\":\"Portada\",\"item\":\"https:\\\/\\\/impresionycopiado.com.uy\\\/compras\\\/\"},{\"@type\":\"ListItem\",\"position\":2,\"name\":\"Bienvenido\",\"item\":\"https:\\\/\\\/impresionycopiado.com.uy\\\/compras\\\/\"},{\"@type\":\"ListItem\",\"position\":3,\"name\":\"Taza personalizada para el d\u00eda del abuelo\"}]},{\"@type\":\"WebSite\",\"@id\":\"https:\\\/\\\/impresionycopiado.com.uy\\\/compras\\\/#website\",\"url\":\"https:\\\/\\\/impresionycopiado.com.uy\\\/compras\\\/\",\"name\":\"Impresi\u00f3n y Copiado\",\"description\":\"Productos personalizados en Uruguay\",\"publisher\":{\"@id\":\"https:\\\/\\\/impresionycopiado.com.uy\\\/compras\\\/#organization\"},\"potentialAction\":[{\"@type\":\"SearchAction\",\"target\":{\"@type\":\"EntryPoint\",\"urlTemplate\":\"https:\\\/\\\/impresionycopiado.com.uy\\\/compras\\\/?s={search_term_string}\"},\"query-input\":{\"@type\":\"PropertyValueSpecification\",\"valueRequired\":true,\"valueName\":\"search_term_string\"}}],\"inLanguage\":\"es\"},{\"@type\":\"Organization\",\"@id\":\"https:\\\/\\\/impresionycopiado.com.uy\\\/compras\\\/#organization\",\"name\":\"Digital Marketing\",\"url\":\"https:\\\/\\\/impresionycopiado.com.uy\\\/compras\\\/\",\"logo\":{\"@type\":\"ImageObject\",\"inLanguage\":\"es\",\"@id\":\"https:\\\/\\\/impresionycopiado.com.uy\\\/compras\\\/#\\\/schema\\\/logo\\\/image\\\/\",\"url\":\"https:\\\/\\\/impresionycopiado.com.uy\\\/compras\\\/wp-content\\\/uploads\\\/2017\\\/11\\\/logo-digital-marketing-dm-capascuadrado.png\",\"contentUrl\":\"https:\\\/\\\/impresionycopiado.com.uy\\\/compras\\\/wp-content\\\/uploads\\\/2017\\\/11\\\/logo-digital-marketing-dm-capascuadrado.png\",\"width\":800,\"height\":800,\"caption\":\"Digital Marketing\"},\"image\":{\"@id\":\"https:\\\/\\\/impresionycopiado.com.uy\\\/compras\\\/#\\\/schema\\\/logo\\\/image\\\/\"},\"sameAs\":[\"https:\\\/\\\/www.facebook.com\\\/estampadouy\\\/\",\"https:\\\/\\\/x.com\\\/estampadoUY\",\"https:\\\/\\\/www.instagram.com\\\/impresionycopiado\\\/\"]}]}<\/script>\n<!-- \/ Yoast SEO plugin. -->","yoast_head_json":{"title":"Taza personalizada para el d\u00eda del abuelo - Impresi\u00f3n y Copiado","description":"Taza personalizada con la foto y frase que desees, env\u00edos a todo el Uruguay","robots":{"index":"noindex","follow":"follow","max-snippet":"max-snippet:-1","max-image-preview":"max-image-preview:large","max-video-preview":"max-video-preview:-1"},"og_locale":"es_ES","og_type":"article","og_title":"Taza personalizada para el d\u00eda del abuelo - Impresi\u00f3n y Copiado","og_description":"Taza personalizada con la foto y frase que desees, env\u00edos a todo el Uruguay","og_url":"https:\/\/impresionycopiado.com.uy\/compras\/producto\/taza-personalizada-para-el-dia-del-abuelo\/","og_site_name":"Impresi\u00f3n y Copiado","article_publisher":"https:\/\/www.facebook.com\/estampadouy\/","article_modified_time":"2024-04-23T12:53:49+00:00","og_image":[{"width":2560,"height":2179,"url":"https:\/\/impresionycopiado.com.uy\/compras\/wp-content\/uploads\/20190221_163444-scaled.jpg","type":"image\/jpeg"}],"twitter_card":"summary_large_image","twitter_site":"@estampadoUY","twitter_misc":{"Tiempo de lectura":"1 minuto"},"schema":{"@context":"https:\/\/schema.org","@graph":[{"@type":"WebPage","@id":"https:\/\/impresionycopiado.com.uy\/compras\/producto\/taza-personalizada-para-el-dia-del-abuelo\/","url":"https:\/\/impresionycopiado.com.uy\/compras\/producto\/taza-personalizada-para-el-dia-del-abuelo\/","name":"Taza personalizada para el d\u00eda del abuelo - Impresi\u00f3n y Copiado","isPartOf":{"@id":"https:\/\/impresionycopiado.com.uy\/compras\/#website"},"primaryImageOfPage":{"@id":"https:\/\/impresionycopiado.com.uy\/compras\/producto\/taza-personalizada-para-el-dia-del-abuelo\/#primaryimage"},"image":{"@id":"https:\/\/impresionycopiado.com.uy\/compras\/producto\/taza-personalizada-para-el-dia-del-abuelo\/#primaryimage"},"thumbnailUrl":"https:\/\/i0.wp.com\/impresionycopiado.com.uy\/compras\/wp-content\/uploads\/20190221_163444-scaled.jpg?fit=2560%2C2179&ssl=1","datePublished":"2019-06-11T13:45:40+00:00","dateModified":"2024-04-23T12:53:49+00:00","description":"Taza personalizada con la foto y frase que desees, env\u00edos a todo el Uruguay","breadcrumb":{"@id":"https:\/\/impresionycopiado.com.uy\/compras\/producto\/taza-personalizada-para-el-dia-del-abuelo\/#breadcrumb"},"inLanguage":"es","potentialAction":[{"@type":"ReadAction","target":["https:\/\/impresionycopiado.com.uy\/compras\/producto\/taza-personalizada-para-el-dia-del-abuelo\/"]}]},{"@type":"ImageObject","inLanguage":"es","@id":"https:\/\/impresionycopiado.com.uy\/compras\/producto\/taza-personalizada-para-el-dia-del-abuelo\/#primaryimage","url":"https:\/\/i0.wp.com\/impresionycopiado.com.uy\/compras\/wp-content\/uploads\/20190221_163444-scaled.jpg?fit=2560%2C2179&ssl=1","contentUrl":"https:\/\/i0.wp.com\/impresionycopiado.com.uy\/compras\/wp-content\/uploads\/20190221_163444-scaled.jpg?fit=2560%2C2179&ssl=1","width":2560,"height":2179,"caption":"D\u00eda del abuelo"},{"@type":"BreadcrumbList","@id":"https:\/\/impresionycopiado.com.uy\/compras\/producto\/taza-personalizada-para-el-dia-del-abuelo\/#breadcrumb","itemListElement":[{"@type":"ListItem","position":1,"name":"Portada","item":"https:\/\/impresionycopiado.com.uy\/compras\/"},{"@type":"ListItem","position":2,"name":"Bienvenido","item":"https:\/\/impresionycopiado.com.uy\/compras\/"},{"@type":"ListItem","position":3,"name":"Taza personalizada para el d\u00eda del abuelo"}]},{"@type":"WebSite","@id":"https:\/\/impresionycopiado.com.uy\/compras\/#website","url":"https:\/\/impresionycopiado.com.uy\/compras\/","name":"Impresi\u00f3n y Copiado","description":"Productos personalizados en Uruguay","publisher":{"@id":"https:\/\/impresionycopiado.com.uy\/compras\/#organization"},"potentialAction":[{"@type":"SearchAction","target":{"@type":"EntryPoint","urlTemplate":"https:\/\/impresionycopiado.com.uy\/compras\/?s={search_term_string}"},"query-input":{"@type":"PropertyValueSpecification","valueRequired":true,"valueName":"search_term_string"}}],"inLanguage":"es"},{"@type":"Organization","@id":"https:\/\/impresionycopiado.com.uy\/compras\/#organization","name":"Digital Marketing","url":"https:\/\/impresionycopiado.com.uy\/compras\/","logo":{"@type":"ImageObject","inLanguage":"es","@id":"https:\/\/impresionycopiado.com.uy\/compras\/#\/schema\/logo\/image\/","url":"https:\/\/impresionycopiado.com.uy\/compras\/wp-content\/uploads\/2017\/11\/logo-digital-marketing-dm-capascuadrado.png","contentUrl":"https:\/\/impresionycopiado.com.uy\/compras\/wp-content\/uploads\/2017\/11\/logo-digital-marketing-dm-capascuadrado.png","width":800,"height":800,"caption":"Digital Marketing"},"image":{"@id":"https:\/\/impresionycopiado.com.uy\/compras\/#\/schema\/logo\/image\/"},"sameAs":["https:\/\/www.facebook.com\/estampadouy\/","https:\/\/x.com\/estampadoUY","https:\/\/www.instagram.com\/impresionycopiado\/"]}]}},"jetpack_publicize_connections":[],"jetpack-related-posts":[{"id":11336,"url":"https:\/\/impresionycopiado.com.uy\/compras\/producto\/taza-con-codigo-qr-con-video\/","url_meta":{"origin":822,"position":0},"title":"Taza con c\u00f3digo QR con video","author":"guia","date":"29 mayo, 2023","format":false,"excerpt":"\u00a1La taza personalizada con c\u00f3digo QR, el regalo perfecto! Escanea el c\u00f3digo y sorpr\u00e9ndete con un video especial de un ser querido. Una forma \u00fanica de revivir momentos y compartir emociones. \u00a1Hazlo memorable!\" \u00a0","rel":"","context":"Entrada similar","block_context":{"text":"Entrada similar","link":""},"img":{"alt_text":"\u00a1La taza personalizada con c\u00f3digo QR, el regalo perfecto! Escanea el c\u00f3digo y sorpr\u00e9ndete con un video especial de un ser querido. Una forma \u00fanica de revivir momentos y compartir emociones. \u00a1Hazlo memorable!","src":"https:\/\/i0.wp.com\/impresionycopiado.com.uy\/compras\/wp-content\/uploads\/android-mockup-multitasking-at-the-office.png?fit=1200%2C900&ssl=1&resize=350%2C200","width":350,"height":200,"srcset":"https:\/\/i0.wp.com\/impresionycopiado.com.uy\/compras\/wp-content\/uploads\/android-mockup-multitasking-at-the-office.png?fit=1200%2C900&ssl=1&resize=350%2C200 1x, https:\/\/i0.wp.com\/impresionycopiado.com.uy\/compras\/wp-content\/uploads\/android-mockup-multitasking-at-the-office.png?fit=1200%2C900&ssl=1&resize=525%2C300 1.5x, https:\/\/i0.wp.com\/impresionycopiado.com.uy\/compras\/wp-content\/uploads\/android-mockup-multitasking-at-the-office.png?fit=1200%2C900&ssl=1&resize=700%2C400 2x, https:\/\/i0.wp.com\/impresionycopiado.com.uy\/compras\/wp-content\/uploads\/android-mockup-multitasking-at-the-office.png?fit=1200%2C900&ssl=1&resize=1050%2C600 3x"},"classes":[]},{"id":444,"url":"https:\/\/impresionycopiado.com.uy\/compras\/producto\/taza-personalizadas\/","url_meta":{"origin":822,"position":1},"title":"Taza personalizada con el dise\u00f1o que desee.","author":"guia","date":"19 febrero, 2018","format":false,"excerpt":"Con dise\u00f1o y frase personalizada","rel":"","context":"Entrada similar","block_context":{"text":"Entrada similar","link":""},"img":{"alt_text":"","src":"https:\/\/i0.wp.com\/impresionycopiado.com.uy\/compras\/wp-content\/uploads\/2018\/11\/20181031_210939-scaled.jpg?fit=900%2C1200&ssl=1&resize=350%2C200","width":350,"height":200,"srcset":"https:\/\/i0.wp.com\/impresionycopiado.com.uy\/compras\/wp-content\/uploads\/2018\/11\/20181031_210939-scaled.jpg?fit=900%2C1200&ssl=1&resize=350%2C200 1x, https:\/\/i0.wp.com\/impresionycopiado.com.uy\/compras\/wp-content\/uploads\/2018\/11\/20181031_210939-scaled.jpg?fit=900%2C1200&ssl=1&resize=525%2C300 1.5x, https:\/\/i0.wp.com\/impresionycopiado.com.uy\/compras\/wp-content\/uploads\/2018\/11\/20181031_210939-scaled.jpg?fit=900%2C1200&ssl=1&resize=700%2C400 2x"},"classes":[]},{"id":11444,"url":"https:\/\/impresionycopiado.com.uy\/compras\/producto\/canguro-personalizado-con-bombones-y-bolsa-de-algodon\/","url_meta":{"origin":822,"position":2},"title":"Canguro personalizado con bombones y bolsa de algod\u00f3n.","author":"guia","date":"22 abril, 2024","format":false,"excerpt":"Canguro personalizado + Lata de bombones con foto personalizada y 5 bombones, y packing - bolsa de algod\u00f3n personalizada con frase. Especial para el d\u00eda de la madre en Uruguay , 12 de mayo","rel":"","context":"Entrada similar","block_context":{"text":"Entrada similar","link":""},"img":{"alt_text":"","src":"https:\/\/i0.wp.com\/impresionycopiado.com.uy\/compras\/wp-content\/uploads\/promo-canguro-5.png?fit=1200%2C1200&ssl=1&resize=350%2C200","width":350,"height":200,"srcset":"https:\/\/i0.wp.com\/impresionycopiado.com.uy\/compras\/wp-content\/uploads\/promo-canguro-5.png?fit=1200%2C1200&ssl=1&resize=350%2C200 1x, https:\/\/i0.wp.com\/impresionycopiado.com.uy\/compras\/wp-content\/uploads\/promo-canguro-5.png?fit=1200%2C1200&ssl=1&resize=525%2C300 1.5x, https:\/\/i0.wp.com\/impresionycopiado.com.uy\/compras\/wp-content\/uploads\/promo-canguro-5.png?fit=1200%2C1200&ssl=1&resize=700%2C400 2x, https:\/\/i0.wp.com\/impresionycopiado.com.uy\/compras\/wp-content\/uploads\/promo-canguro-5.png?fit=1200%2C1200&ssl=1&resize=1050%2C600 3x"},"classes":[]},{"id":11647,"url":"https:\/\/impresionycopiado.com.uy\/compras\/producto\/gift-box-personalizado-cafe\/","url_meta":{"origin":822,"position":3},"title":"Gift Box personalizado Cafe","author":"guia","date":"5 diciembre, 2025","format":false,"excerpt":"Gift Box con sticker exterior e interior personalizado para desayuno o merienda Incluye: Taza personalizada 3 Bocaditos de alfajor 10 stick de cafe 2 autoadhesivos personalizados Tapa de la caja personalizada Consulte por env\u00edos en el d\u00eda dentro de Montevideo.","rel":"","context":"Entrada similar","block_context":{"text":"Entrada similar","link":""},"img":{"alt_text":"","src":"https:\/\/i0.wp.com\/impresionycopiado.com.uy\/compras\/wp-content\/uploads\/cafe-ia.jpeg?fit=928%2C1152&ssl=1&resize=350%2C200","width":350,"height":200,"srcset":"https:\/\/i0.wp.com\/impresionycopiado.com.uy\/compras\/wp-content\/uploads\/cafe-ia.jpeg?fit=928%2C1152&ssl=1&resize=350%2C200 1x, https:\/\/i0.wp.com\/impresionycopiado.com.uy\/compras\/wp-content\/uploads\/cafe-ia.jpeg?fit=928%2C1152&ssl=1&resize=525%2C300 1.5x, https:\/\/i0.wp.com\/impresionycopiado.com.uy\/compras\/wp-content\/uploads\/cafe-ia.jpeg?fit=928%2C1152&ssl=1&resize=700%2C400 2x"},"classes":[]},{"id":11657,"url":"https:\/\/impresionycopiado.com.uy\/compras\/producto\/gift-box-personalizado-jarra-y-delantal\/","url_meta":{"origin":822,"position":4},"title":"Gift Box personalizado  Jarra y Delantal","author":"guia","date":"17 diciembre, 2025","format":false,"excerpt":"Gift Box con sticker exterior e interior personalizado para festejar Incluye: Jarra personalizada 500 cc Delantal con frase personalizada 2 autoadhesivos personalizados Tapa de la caja personalizada \u00a0","rel":"","context":"Entrada similar","block_context":{"text":"Entrada similar","link":""},"img":{"alt_text":"","src":"https:\/\/i0.wp.com\/impresionycopiado.com.uy\/compras\/wp-content\/uploads\/giftbox-cervez-delantal.jpeg?fit=1024%2C1024&ssl=1&resize=350%2C200","width":350,"height":200,"srcset":"https:\/\/i0.wp.com\/impresionycopiado.com.uy\/compras\/wp-content\/uploads\/giftbox-cervez-delantal.jpeg?fit=1024%2C1024&ssl=1&resize=350%2C200 1x, https:\/\/i0.wp.com\/impresionycopiado.com.uy\/compras\/wp-content\/uploads\/giftbox-cervez-delantal.jpeg?fit=1024%2C1024&ssl=1&resize=525%2C300 1.5x, https:\/\/i0.wp.com\/impresionycopiado.com.uy\/compras\/wp-content\/uploads\/giftbox-cervez-delantal.jpeg?fit=1024%2C1024&ssl=1&resize=700%2C400 2x"},"classes":[]},{"id":10540,"url":"https:\/\/impresionycopiado.com.uy\/compras\/producto\/remeras-ctrlc-ctrl-v-para-el-dia-del-padre\/","url_meta":{"origin":822,"position":5},"title":"Remeras Ctrl+C Ctrl + V para el d\u00eda del padre","author":"guia","date":"22 junio, 2020","format":false,"excerpt":"Promoci\u00f3n las 2 remeras!! El color de remera que desees incluye la remera del padre y ni\u00f1o o ni\u00f1a. \u00a0","rel":"","context":"Entrada similar","block_context":{"text":"Entrada similar","link":""},"img":{"alt_text":"dia del padre ctrl c ctrl v","src":"https:\/\/i0.wp.com\/impresionycopiado.com.uy\/compras\/wp-content\/uploads\/dia-del-padre-ctrl-c-ctrl-v.png?fit=1200%2C800&ssl=1&resize=350%2C200","width":350,"height":200,"srcset":"https:\/\/i0.wp.com\/impresionycopiado.com.uy\/compras\/wp-content\/uploads\/dia-del-padre-ctrl-c-ctrl-v.png?fit=1200%2C800&ssl=1&resize=350%2C200 1x, https:\/\/i0.wp.com\/impresionycopiado.com.uy\/compras\/wp-content\/uploads\/dia-del-padre-ctrl-c-ctrl-v.png?fit=1200%2C800&ssl=1&resize=525%2C300 1.5x, https:\/\/i0.wp.com\/impresionycopiado.com.uy\/compras\/wp-content\/uploads\/dia-del-padre-ctrl-c-ctrl-v.png?fit=1200%2C800&ssl=1&resize=700%2C400 2x, https:\/\/i0.wp.com\/impresionycopiado.com.uy\/compras\/wp-content\/uploads\/dia-del-padre-ctrl-c-ctrl-v.png?fit=1200%2C800&ssl=1&resize=1050%2C600 3x"},"classes":[]}],"jetpack_sharing_enabled":true,"_links":{"self":[{"href":"https:\/\/impresionycopiado.com.uy\/compras\/wp-json\/wp\/v2\/product\/822","targetHints":{"allow":["GET"]}}],"collection":[{"href":"https:\/\/impresionycopiado.com.uy\/compras\/wp-json\/wp\/v2\/product"}],"about":[{"href":"https:\/\/impresionycopiado.com.uy\/compras\/wp-json\/wp\/v2\/types\/product"}],"wp:featuredmedia":[{"embeddable":true,"href":"https:\/\/impresionycopiado.com.uy\/compras\/wp-json\/wp\/v2\/media\/826"}],"wp:attachment":[{"href":"https:\/\/impresionycopiado.com.uy\/compras\/wp-json\/wp\/v2\/media?parent=822"}],"wp:term":[{"taxonomy":"product_brand","embeddable":true,"href":"https:\/\/impresionycopiado.com.uy\/compras\/wp-json\/wp\/v2\/product_brand?post=822"},{"taxonomy":"product_cat","embeddable":true,"href":"https:\/\/impresionycopiado.com.uy\/compras\/wp-json\/wp\/v2\/product_cat?post=822"},{"taxonomy":"product_tag","embeddable":true,"href":"https:\/\/impresionycopiado.com.uy\/compras\/wp-json\/wp\/v2\/product_tag?post=822"}],"curies":[{"name":"wp","href":"https:\/\/api.w.org\/{rel}","templated":true}]}}